{"id":2826,"date":"2020-08-19T08:38:25","date_gmt":"2020-08-19T06:38:25","guid":{"rendered":"http:\/\/hotel-neu.123-insnetz.de\/hotel4family"},"modified":"2025-03-12T04:28:28","modified_gmt":"2025-03-12T03:28:28","slug":"hotel4family","status":"publish","type":"page","link":"https:\/\/hotel4youth.de\/pl\/hotel4family","title":{"rendered":"Hotel4Family"},"content":{"rendered":"<p>[et_pb_section fb_built=&#8221;1&#8243; custom_padding_last_edited=&#8221;on|phone&#8221; _builder_version=&#8221;4.13.0&#8243; background_enable_color=&#8221;off&#8221; background_image=&#8221;https:\/\/hotel4youth.de\/wp-content\/uploads\/2024\/06\/DSC_8814-1-scaled.jpg&#8221; custom_padding=&#8221;12rem||12rem||false|false&#8221; custom_padding_tablet=&#8221;10rem||10rem||false|false&#8221; custom_padding_phone=&#8221;8rem||8rem||false|false&#8221; global_colors_info=&#8221;{}&#8221;][\/et_pb_section][et_pb_section fb_built=&#8221;1&#8243; _builder_version=&#8221;4.4.2&#8243; custom_margin=&#8221;||2rem||false|false&#8221; custom_padding=&#8221;0px||0px||false|false&#8221; global_colors_info=&#8221;{}&#8221;][et_pb_row _builder_version=&#8221;4.4.2&#8243; custom_padding=&#8221;0px||0px||false|false&#8221; global_colors_info=&#8221;{}&#8221;][et_pb_column type=&#8221;4_4&#8243; _builder_version=&#8221;4.4.2&#8243; global_colors_info=&#8221;{}&#8221;][et_pb_code _builder_version=&#8221;4.13.0&#8243; text_orientation=&#8221;center&#8221; hover_enabled=&#8221;0&#8243; global_colors_info=&#8221;{}&#8221; transform_styles__hover_enabled=&#8221;on|hover&#8221; transform_scale__hover_enabled=&#8221;on|hover&#8221; transform_translate__hover_enabled=&#8221;on|desktop&#8221; transform_rotate__hover_enabled=&#8221;on|desktop&#8221; transform_skew__hover_enabled=&#8221;on|desktop&#8221; transform_origin__hover_enabled=&#8221;on|desktop&#8221; transform_scale__hover=&#8221;115%|115%&#8221; sticky_enabled=&#8221;0&#8243;]<a class=\"buchen-button-rund\" href=\"https:\/\/www.h-hotels.com\/de\/hplus\/hotels\/hplus-hotel-4youth-berlin\" target=\"_blank\" rel=\"noopener noreferrer\">Book now<\/a>[\/et_pb_code][\/et_pb_column][\/et_pb_row][\/et_pb_section][et_pb_section fb_built=&#8221;1&#8243; _builder_version=&#8221;4.4.2&#8243; custom_margin=&#8221;||||false|false&#8221; custom_margin_tablet=&#8221;-2rem||||false|false&#8221; custom_margin_phone=&#8221;&#8221; custom_margin_last_edited=&#8221;on|tablet&#8221; custom_padding=&#8221;0px||0px||false|false&#8221; global_colors_info=&#8221;{}&#8221;][et_pb_row _builder_version=&#8221;4.4.2&#8243; custom_padding=&#8221;||0px||false|false&#8221; global_colors_info=&#8221;{}&#8221;][et_pb_column type=&#8221;4_4&#8243; _builder_version=&#8221;4.4.2&#8243; global_colors_info=&#8221;{}&#8221;][et_pb_text _builder_version=&#8221;4.4.2&#8243; header_text_align=&#8221;center&#8221; header_line_height=&#8221;1.2em&#8221; custom_margin_tablet=&#8221;||0px||false|false&#8221; custom_margin_phone=&#8221;&#8221; custom_margin_last_edited=&#8221;on|tablet&#8221; header_font_size_tablet=&#8221;40px&#8221; header_font_size_phone=&#8221;28px&#8221; header_font_size_last_edited=&#8221;on|phone&#8221; global_colors_info=&#8221;{}&#8221;]<\/p>\n<h1>Hotel4Family<\/h1>\n<p>[\/et_pb_text][et_pb_divider color=&#8221;#615D56&#8243; divider_weight=&#8221;5px&#8221; _builder_version=&#8221;4.4.2&#8243; width=&#8221;100px&#8221; module_alignment=&#8221;center&#8221; custom_padding=&#8221;2rem||2rem||false|false&#8221; custom_padding_tablet=&#8221;1rem||1rem||false|false&#8221; custom_padding_phone=&#8221;&#8221; custom_padding_last_edited=&#8221;on|phone&#8221; global_colors_info=&#8221;{}&#8221;][\/et_pb_divider][\/et_pb_column][\/et_pb_row][\/et_pb_section][et_pb_section fb_built=&#8221;1&#8243; custom_padding_last_edited=&#8221;on|phone&#8221; _builder_version=&#8221;4.4.2&#8243; background_color=&#8221;rgba(97,93,86,0.1)&#8221; custom_padding=&#8221;2rem||8rem||false|false&#8221; custom_padding_tablet=&#8221;||2rem||false|false&#8221; custom_padding_phone=&#8221;1rem||1rem||false|false&#8221; global_colors_info=&#8221;{}&#8221;][et_pb_row column_structure=&#8221;2_3,1_3&#8243; use_custom_gutter=&#8221;on&#8221; gutter_width=&#8221;4&#8243; _builder_version=&#8221;4.4.2&#8243; custom_padding=&#8221;||0px||false|false&#8221; global_colors_info=&#8221;{}&#8221;][et_pb_column type=&#8221;2_3&#8243; _builder_version=&#8221;4.4.2&#8243; global_colors_info=&#8221;{}&#8221;][et_pb_text _builder_version=&#8221;4.4.2&#8243; header_2_text_color=&#8221;#76B72A&#8221; header_2_font_size=&#8221;28px&#8221; custom_margin=&#8221;||1rem||false|false&#8221; custom_padding=&#8221;||||false|false&#8221; header_2_font_size_tablet=&#8221;26px&#8221; header_2_font_size_phone=&#8221;22px&#8221; header_2_font_size_last_edited=&#8221;on|phone&#8221; global_colors_info=&#8221;{}&#8221;]<\/p>\n<h2>Kto choc raz odwiedzil wczesniej Berlin, bedzie sie czul w naszym hotelu jak w domu.<\/h2>\n<p>[\/et_pb_text][et_pb_text _builder_version=&#8221;4.4.2&#8243; text_font_size_tablet=&#8221;&#8221; text_font_size_phone=&#8221;14px&#8221; text_font_size_last_edited=&#8221;on|phone&#8221; global_colors_info=&#8221;{}&#8221;]<\/p>\n<p>Zameldujcie sie Panstwo w naszym przyjaznym dla rodzin hotelu a pomozemy Wam i Waszym dzieciom wesolo i przyjemnie spedzic czas w duzym miescie \u2013 specjalna taryfe dla dzieci i kilka pomocnych wskazowek dla Was.<br \/>\u201eExtra4kids\u201c- podziwiajcie Berlin razem z rodzina.<br \/>Dla wiekszych rodzin rezerwujemy chetnie pokoje familijne \u2013 2 pokoje polaczone posrodku drzwiami, z dwoma osobnymi lozkami w kazdym.<br \/>Kazdy pokoj posiada lazienke z prysznicem i WC.<br \/>Jesli rodzice moga zjesc sniadanie z malym dzieckiem w ciszy i spokoju to ich dzien mozna zaliczyc do udanych.<br \/>Czy moze byc cos piekniejszego dla kochajacych rodzicow??<br \/>Czy wspolnie spedzony z rodzina czas jest dla Was wazny podczas urlopu??<br \/>Jesli tak, spytajcie poprostu naszych recepcjonistow a chetnie przeslemy Wam indywidualna oferte dotyczaca Waszego urlopu z rodzina.<\/p>\n<p>[\/et_pb_text][et_pb_divider color=&#8221;#76B72A&#8221; divider_style=&#8221;dotted&#8221; divider_weight=&#8221;2px&#8221; _builder_version=&#8221;4.4.2&#8243; custom_margin=&#8221;4rem||1rem||false|false&#8221; custom_padding=&#8221;||||false|false&#8221; global_colors_info=&#8221;{}&#8221;][\/et_pb_divider][et_pb_text _builder_version=&#8221;4.4.2&#8243; header_2_text_color=&#8221;#76B72A&#8221; header_2_font_size=&#8221;28px&#8221; custom_margin=&#8221;||1rem||false|false&#8221; custom_padding=&#8221;||||false|false&#8221; header_2_font_size_tablet=&#8221;26px&#8221; header_2_font_size_phone=&#8221;22px&#8221; header_2_font_size_last_edited=&#8221;on|phone&#8221; locked=&#8221;off&#8221; global_colors_info=&#8221;{}&#8221;]<\/p>\n<h2>Extra4kids \u2013 ein paar Tipps f\u00fcr Sie, was es in Berlin mit Kind zu erleben gibt.<\/h2>\n<p>&nbsp;<\/p>\n<p>[\/et_pb_text][et_pb_text _builder_version=&#8221;4.4.2&#8243; custom_margin=&#8221;||0px||false|false&#8221; custom_padding=&#8221;||||false|false&#8221; text_font_size_tablet=&#8221;&#8221; text_font_size_phone=&#8221;14px&#8221; text_font_size_last_edited=&#8221;on|phone&#8221; global_colors_info=&#8221;{}&#8221;]<\/p>\n<ul>\n<li>Sonnentagen:<br \/> <a href=\"https:\/\/www.jugendfarm-moritzhof.de\/\" target=\"_blank\" rel=\"noopener noreferrer\" title=\"Jugendhof Moritzfarm\">Jugendhof Moritzfarm<\/a><br \/> <a href=\"Kiezkind\" target=\"_blank\" rel=\"noopener noreferrer\" title=\"Zoo Berlin\">Zoo Berlin<\/a><br \/> <a href=\"https:\/\/www.mauerpark.info\/mauerpark\/\" target=\"_blank\" rel=\"noopener noreferrer\" title=\"Mauerpark mit Spielpl\u00e4tze\">Mauerpark mit Spielpl\u00e4tze<\/a><\/li>\n<li>Regentagen:<br \/> <a href=\"https:\/\/machmitmuseum.de\/\" target=\"_blank\" rel=\"noopener noreferrer\" title=\"MACHmit!-Museum f\u00fcr Kinder\">MACHmit!-Museum f\u00fcr Kinder<\/a><br \/> <a href=\"https:\/\/www.legolanddiscoverycentre.de\/berlin\/\" target=\"_blank\" rel=\"noopener noreferrer\" title=\"Legoland Berlin\">Legoland Berlin<\/a><br \/> <a href=\"https:\/\/www.schaubude.berlin\/\" target=\"_blank\" rel=\"noopener noreferrer\" title=\"Schaubude Berlin\">Schaubude Berlin<\/a><br \/> <a href=\"https:\/\/www.visitsealife.com\/de\/berlin\/\" target=\"_blank\" rel=\"noopener noreferrer\" title=\"Sealife Berlin\">Sealife Berlin<\/a><\/li>\n<\/ul>\n<p>[\/et_pb_text][\/et_pb_column][et_pb_column type=&#8221;1_3&#8243; _builder_version=&#8221;4.4.2&#8243; global_colors_info=&#8221;{}&#8221;][et_pb_image src=&#8221;http:\/\/hotel-neu.123-insnetz.de\/wp-content\/uploads\/2020\/07\/h-hotel-symbol.png&#8221; align=&#8221;center&#8221; module_class=&#8221;icon-hotel-allgemein sidebar&#8221; _builder_version=&#8221;4.4.2&#8243; background_enable_color=&#8221;off&#8221; background_enable_image=&#8221;off&#8221; width=&#8221;60px&#8221; custom_margin=&#8221;||0px||false|false&#8221; custom_css_main_element=&#8221;z-index: 99999;&#8221; border_radii=&#8221;on|80px|80px|80px|80px&#8221; border_color_all=&#8221;rgba(0,0,0,0)&#8221; locked=&#8221;off&#8221; global_colors_info=&#8221;{}&#8221;][\/et_pb_image][et_pb_cta title=&#8221;Gallery&#8221; button_url=&#8221;https:\/\/hotel-neu.123-insnetz.de\/galerie&#8221; button_text=&#8221;More&#8221; module_class=&#8221;infokasten-sidebar&#8221; _builder_version=&#8221;4.4.2&#8243; header_level=&#8221;h5&#8243; header_font_size=&#8221;20px&#8221; background_color=&#8221;#76B72A&#8221; custom_button=&#8221;on&#8221; button_text_color=&#8221;#ffffff&#8221; button_bg_color=&#8221;rgba(0,0,0,0)&#8221; button_use_icon=&#8221;off&#8221; button_custom_padding=&#8221;1rem|1rem|1rem|1rem|true|true&#8221; custom_margin=&#8221;-30px||||false|false&#8221; custom_padding=&#8221;3rem|2rem|2rem|2rem|false|false&#8221; header_font_size_tablet=&#8221;18px&#8221; header_font_size_phone=&#8221;&#8221; header_font_size_last_edited=&#8221;on|phone&#8221; body_font_size_tablet=&#8221;&#8221; body_font_size_phone=&#8221;14px&#8221; body_font_size_last_edited=&#8221;on|phone&#8221; button_text_size_tablet=&#8221;&#8221; button_text_size_phone=&#8221;14px&#8221; button_text_size_last_edited=&#8221;on|phone&#8221; saved_tabs=&#8221;all&#8221; global_colors_info=&#8221;{}&#8221; button_text__hover_enabled=&#8221;on|desktop&#8221; button_bg_color__hover_enabled=&#8221;on|hover&#8221; button_bg_color__hover=&#8221;#ffffff&#8221; button_bg_enable_color__hover=&#8221;on&#8221; button_text_color__hover_enabled=&#8221;on|hover&#8221; button_text_color__hover=&#8221;#76B72A&#8221; button_border_color__hover_enabled=&#8221;on|hover&#8221; button_border_color__hover=&#8221;#ffffff&#8221; body_font_size__hover_enabled=&#8221;off|desktop&#8221; button_text__hover=&#8221;More&#8221;]<\/p>\n<p>Schauen Sie sich in unserer Galerie um.<\/p>\n<p>[\/et_pb_cta][et_pb_image src=&#8221;http:\/\/hotel-neu.123-insnetz.de\/wp-content\/uploads\/2020\/07\/h-hotel-symbol.png&#8221; align=&#8221;center&#8221; module_class=&#8221;icon-hotel-allgemein sidebar&#8221; _builder_version=&#8221;4.4.2&#8243; background_enable_color=&#8221;off&#8221; background_enable_image=&#8221;off&#8221; width=&#8221;60px&#8221; custom_margin=&#8221;||0px||false|false&#8221; custom_css_main_element=&#8221;z-index: 99999;&#8221; border_radii=&#8221;on|80px|80px|80px|80px&#8221; border_color_all=&#8221;rgba(0,0,0,0)&#8221; locked=&#8221;off&#8221; global_colors_info=&#8221;{}&#8221;][\/et_pb_image][et_pb_cta title=&#8221;Jak do nas trafi\u0107&#8221; button_text=&#8221;More&#8221; module_class=&#8221;infokasten-sidebar&#8221; _builder_version=&#8221;4.4.2&#8243; header_level=&#8221;h5&#8243; header_font_size=&#8221;20px&#8221; background_color=&#8221;#CF043F&#8221; custom_button=&#8221;on&#8221; button_text_color=&#8221;#ffffff&#8221; button_bg_color=&#8221;rgba(0,0,0,0)&#8221; button_use_icon=&#8221;off&#8221; button_custom_padding=&#8221;1rem|1rem|1rem|1rem|true|true&#8221; custom_margin=&#8221;-30px||||false|false&#8221; custom_padding=&#8221;3rem|2rem|2rem|2rem|false|false&#8221; header_font_size_tablet=&#8221;18px&#8221; header_font_size_phone=&#8221;&#8221; header_font_size_last_edited=&#8221;on|tablet&#8221; body_font_size_tablet=&#8221;&#8221; body_font_size_phone=&#8221;14px&#8221; body_font_size_last_edited=&#8221;on|phone&#8221; global_colors_info=&#8221;{}&#8221; button_text__hover_enabled=&#8221;on|desktop&#8221; button_bg_color__hover_enabled=&#8221;on|hover&#8221; button_bg_color__hover=&#8221;#ffffff&#8221; button_bg_enable_color__hover=&#8221;on&#8221; button_text_color__hover_enabled=&#8221;on|hover&#8221; button_text_color__hover=&#8221;#CF043F&#8221; button_border_color__hover_enabled=&#8221;on|hover&#8221; button_border_color__hover=&#8221;#ffffff&#8221; button_text__hover=&#8221;More&#8221;]H+ Hotel4Youth am Mauerpark, Berlin Mitte znajduje si\u0119 oko\u0142o 400 metr\u00f3w od stacji metra: Bernauer Strasse (U8) i naprzeciwko przystanku tramwajowego: Woliner Stra\u00dfe (M10). Stacja U-Bahn: Eberswalder Stra\u00dfe (U2) oddalona jest oko\u0142o 700 m od hotelu.[\/et_pb_cta][\/et_pb_column][\/et_pb_row][\/et_pb_section][et_pb_section fb_built=&#8221;1&#8243; _builder_version=&#8221;4.4.2&#8243; background_color=&#8221;rgba(97,93,86,0.1)&#8221; custom_margin=&#8221;||2rem||false|false&#8221; custom_padding=&#8221;0px||0px||false|false&#8221; border_width_bottom=&#8221;5px&#8221; border_color_bottom=&#8221;#615D56&#8243; global_colors_info=&#8221;{}&#8221;][et_pb_row custom_padding_last_edited=&#8221;on|phone&#8221; _builder_version=&#8221;4.4.2&#8243; background_image=&#8221;http:\/\/hotel-neu.123-insnetz.de\/wp-content\/uploads\/\/2020\/07\/berlin-silhouette.svg&#8221; background_size=&#8221;contain&#8221; background_position=&#8221;bottom_center&#8221; custom_padding=&#8221;5rem||5rem||false|false&#8221; custom_padding_tablet=&#8221;||1rem||false|false&#8221; custom_padding_phone=&#8221;5rem||||false|false&#8221; global_colors_info=&#8221;{}&#8221;][et_pb_column type=&#8221;4_4&#8243; _builder_version=&#8221;4.4.2&#8243; global_colors_info=&#8221;{}&#8221;][\/et_pb_column][\/et_pb_row][\/et_pb_section]<\/p>\n","protected":false},"excerpt":{"rendered":"<p>Hotel4FamilyKto choc raz odwiedzil wczesniej Berlin, bedzie sie czul w naszym hotelu jak w domu.Zameldujcie sie Panstwo w naszym przyjaznym dla rodzin hotelu a pomozemy Wam i Waszym dzieciom wesolo i przyjemnie spedzic czas w duzym miescie \u2013 specjalna taryfe dla dzieci i kilka pomocnych wskazowek dla Was.\u201eExtra4kids\u201c- podziwiajcie Berlin razem z rodzina.Dla wiekszych rodzin [&hellip;]<\/p>\n","protected":false},"author":1,"featured_media":0,"parent":0,"menu_order":0,"comment_status":"closed","ping_status":"closed","template":"","meta":{"_et_pb_use_builder":"on","_et_pb_old_content":"","_et_gb_content_width":"","footnotes":""},"class_list":["post-2826","page","type-page","status-publish","hentry"],"yoast_head":"<!-- This site is optimized with the Yoast SEO plugin v26.9 - https:\/\/yoast.com\/product\/yoast-seo-wordpress\/ -->\n<title>Hotel4Family - Hotel - H+ Hotel4 Youth Berlin - Am Mauerpark - Berlin Mitte<\/title>\n<meta name=\"robots\" content=\"index, follow, max-snippet:-1, max-image-preview:large, max-video-preview:-1\" \/>\n<link rel=\"canonical\" href=\"https:\/\/hotel4youth.de\/pl\/hotel4family\" \/>\n<meta property=\"og:locale\" content=\"pl_PL\" \/>\n<meta property=\"og:type\" content=\"article\" \/>\n<meta property=\"og:title\" content=\"Hotel4Family - Hotel - H+ Hotel4 Youth Berlin - Am Mauerpark - Berlin Mitte\" \/>\n<meta property=\"og:description\" content=\"Hotel4FamilyKto choc raz odwiedzil wczesniej Berlin, bedzie sie czul w naszym hotelu jak w domu.Zameldujcie sie Panstwo w naszym przyjaznym dla rodzin hotelu a pomozemy Wam i Waszym dzieciom wesolo i przyjemnie spedzic czas w duzym miescie \u2013 specjalna taryfe dla dzieci i kilka pomocnych wskazowek dla Was.\u201eExtra4kids\u201c- podziwiajcie Berlin razem z rodzina.Dla wiekszych rodzin [&hellip;]\" \/>\n<meta property=\"og:url\" content=\"https:\/\/hotel4youth.de\/pl\/hotel4family\" \/>\n<meta property=\"og:site_name\" content=\"Hotel - H+ Hotel4 Youth Berlin - Am Mauerpark - Berlin Mitte\" \/>\n<meta property=\"article:modified_time\" content=\"2025-03-12T03:28:28+00:00\" \/>\n<meta name=\"twitter:card\" content=\"summary_large_image\" \/>\n<meta name=\"twitter:label1\" content=\"Szacowany czas czytania\" \/>\n\t<meta name=\"twitter:data1\" content=\"7 minut\" \/>\n<script type=\"application\/ld+json\" class=\"yoast-schema-graph\">{\"@context\":\"https:\/\/schema.org\",\"@graph\":[{\"@type\":\"WebPage\",\"@id\":\"https:\/\/hotel4youth.de\/pl\/hotel4family\",\"url\":\"https:\/\/hotel4youth.de\/pl\/hotel4family\",\"name\":\"Hotel4Family - Hotel - H+ Hotel4 Youth Berlin - Am Mauerpark - Berlin Mitte\",\"isPartOf\":{\"@id\":\"https:\/\/hotel4youth.de\/#website\"},\"datePublished\":\"2020-08-19T06:38:25+00:00\",\"dateModified\":\"2025-03-12T03:28:28+00:00\",\"breadcrumb\":{\"@id\":\"https:\/\/hotel4youth.de\/pl\/hotel4family#breadcrumb\"},\"inLanguage\":\"pl-PL\",\"potentialAction\":[{\"@type\":\"ReadAction\",\"target\":[\"https:\/\/hotel4youth.de\/pl\/hotel4family\"]}]},{\"@type\":\"BreadcrumbList\",\"@id\":\"https:\/\/hotel4youth.de\/pl\/hotel4family#breadcrumb\",\"itemListElement\":[{\"@type\":\"ListItem\",\"position\":1,\"name\":\"Startseite\",\"item\":\"https:\/\/hotel4youth.de\/pl\"},{\"@type\":\"ListItem\",\"position\":2,\"name\":\"Hotel4Family\"}]},{\"@type\":\"WebSite\",\"@id\":\"https:\/\/hotel4youth.de\/#website\",\"url\":\"https:\/\/hotel4youth.de\/\",\"name\":\"Hotel - H+ Hotel4 Youth Berlin - Am Mauerpark - Berlin Mitte\",\"description\":\"\",\"potentialAction\":[{\"@type\":\"SearchAction\",\"target\":{\"@type\":\"EntryPoint\",\"urlTemplate\":\"https:\/\/hotel4youth.de\/?s={search_term_string}\"},\"query-input\":{\"@type\":\"PropertyValueSpecification\",\"valueRequired\":true,\"valueName\":\"search_term_string\"}}],\"inLanguage\":\"pl-PL\"}]}<\/script>\n<!-- \/ Yoast SEO plugin. -->","yoast_head_json":{"title":"Hotel4Family - Hotel - H+ Hotel4 Youth Berlin - Am Mauerpark - Berlin Mitte","robots":{"index":"index","follow":"follow","max-snippet":"max-snippet:-1","max-image-preview":"max-image-preview:large","max-video-preview":"max-video-preview:-1"},"canonical":"https:\/\/hotel4youth.de\/pl\/hotel4family","og_locale":"pl_PL","og_type":"article","og_title":"Hotel4Family - Hotel - H+ Hotel4 Youth Berlin - Am Mauerpark - Berlin Mitte","og_description":"Hotel4FamilyKto choc raz odwiedzil wczesniej Berlin, bedzie sie czul w naszym hotelu jak w domu.Zameldujcie sie Panstwo w naszym przyjaznym dla rodzin hotelu a pomozemy Wam i Waszym dzieciom wesolo i przyjemnie spedzic czas w duzym miescie \u2013 specjalna taryfe dla dzieci i kilka pomocnych wskazowek dla Was.\u201eExtra4kids\u201c- podziwiajcie Berlin razem z rodzina.Dla wiekszych rodzin [&hellip;]","og_url":"https:\/\/hotel4youth.de\/pl\/hotel4family","og_site_name":"Hotel - H+ Hotel4 Youth Berlin - Am Mauerpark - Berlin Mitte","article_modified_time":"2025-03-12T03:28:28+00:00","twitter_card":"summary_large_image","twitter_misc":{"Szacowany czas czytania":"7 minut"},"schema":{"@context":"https:\/\/schema.org","@graph":[{"@type":"WebPage","@id":"https:\/\/hotel4youth.de\/pl\/hotel4family","url":"https:\/\/hotel4youth.de\/pl\/hotel4family","name":"Hotel4Family - Hotel - H+ Hotel4 Youth Berlin - Am Mauerpark - Berlin Mitte","isPartOf":{"@id":"https:\/\/hotel4youth.de\/#website"},"datePublished":"2020-08-19T06:38:25+00:00","dateModified":"2025-03-12T03:28:28+00:00","breadcrumb":{"@id":"https:\/\/hotel4youth.de\/pl\/hotel4family#breadcrumb"},"inLanguage":"pl-PL","potentialAction":[{"@type":"ReadAction","target":["https:\/\/hotel4youth.de\/pl\/hotel4family"]}]},{"@type":"BreadcrumbList","@id":"https:\/\/hotel4youth.de\/pl\/hotel4family#breadcrumb","itemListElement":[{"@type":"ListItem","position":1,"name":"Startseite","item":"https:\/\/hotel4youth.de\/pl"},{"@type":"ListItem","position":2,"name":"Hotel4Family"}]},{"@type":"WebSite","@id":"https:\/\/hotel4youth.de\/#website","url":"https:\/\/hotel4youth.de\/","name":"Hotel - H+ Hotel4 Youth Berlin - Am Mauerpark - Berlin Mitte","description":"","potentialAction":[{"@type":"SearchAction","target":{"@type":"EntryPoint","urlTemplate":"https:\/\/hotel4youth.de\/?s={search_term_string}"},"query-input":{"@type":"PropertyValueSpecification","valueRequired":true,"valueName":"search_term_string"}}],"inLanguage":"pl-PL"}]}},"_links":{"self":[{"href":"https:\/\/hotel4youth.de\/pl\/wp-json\/wp\/v2\/pages\/2826","targetHints":{"allow":["GET"]}}],"collection":[{"href":"https:\/\/hotel4youth.de\/pl\/wp-json\/wp\/v2\/pages"}],"about":[{"href":"https:\/\/hotel4youth.de\/pl\/wp-json\/wp\/v2\/types\/page"}],"author":[{"embeddable":true,"href":"https:\/\/hotel4youth.de\/pl\/wp-json\/wp\/v2\/users\/1"}],"replies":[{"embeddable":true,"href":"https:\/\/hotel4youth.de\/pl\/wp-json\/wp\/v2\/comments?post=2826"}],"version-history":[{"count":5,"href":"https:\/\/hotel4youth.de\/pl\/wp-json\/wp\/v2\/pages\/2826\/revisions"}],"predecessor-version":[{"id":4169,"href":"https:\/\/hotel4youth.de\/pl\/wp-json\/wp\/v2\/pages\/2826\/revisions\/4169"}],"wp:attachment":[{"href":"https:\/\/hotel4youth.de\/pl\/wp-json\/wp\/v2\/media?parent=2826"}],"curies":[{"name":"wp","href":"https:\/\/api.w.org\/{rel}","templated":true}]}}