{"id":2718,"date":"2020-08-18T15:45:05","date_gmt":"2020-08-18T13:45:05","guid":{"rendered":"http:\/\/hotel-neu.123-insnetz.de\/atrakcje"},"modified":"2025-03-12T04:29:31","modified_gmt":"2025-03-12T03:29:31","slug":"atrakcje","status":"publish","type":"page","link":"https:\/\/hotel4youth.de\/pl\/atrakcje","title":{"rendered":"Atrakcje"},"content":{"rendered":"<p>[et_pb_section fb_built=&#8221;1&#8243; custom_padding_last_edited=&#8221;on|phone&#8221; _builder_version=&#8221;4.4.2&#8243; background_enable_color=&#8221;off&#8221; background_image=&#8221;http:\/\/hotel-neu.123-insnetz.de\/wp-content\/uploads\/2020\/08\/tipps.jpg&#8221; custom_padding=&#8221;12rem||12rem||false|false&#8221; custom_padding_tablet=&#8221;10rem||10rem||false|false&#8221; custom_padding_phone=&#8221;8rem||8rem||false|false&#8221; global_colors_info=&#8221;{}&#8221;][\/et_pb_section][et_pb_section fb_built=&#8221;1&#8243; _builder_version=&#8221;4.4.2&#8243; custom_margin=&#8221;||2rem||false|false&#8221; custom_padding=&#8221;0px||0px||false|false&#8221; global_colors_info=&#8221;{}&#8221;][et_pb_row _builder_version=&#8221;4.4.2&#8243; custom_padding=&#8221;0px||0px||false|false&#8221; global_colors_info=&#8221;{}&#8221;][et_pb_column type=&#8221;4_4&#8243; _builder_version=&#8221;4.4.2&#8243; global_colors_info=&#8221;{}&#8221;][et_pb_code _builder_version=&#8221;4.13.0&#8243; text_orientation=&#8221;center&#8221; hover_enabled=&#8221;0&#8243; global_colors_info=&#8221;{}&#8221; transform_styles__hover_enabled=&#8221;on|hover&#8221; transform_scale__hover_enabled=&#8221;on|hover&#8221; transform_translate__hover_enabled=&#8221;on|desktop&#8221; transform_rotate__hover_enabled=&#8221;on|desktop&#8221; transform_skew__hover_enabled=&#8221;on|desktop&#8221; transform_origin__hover_enabled=&#8221;on|desktop&#8221; transform_scale__hover=&#8221;115%|115%&#8221; sticky_enabled=&#8221;0&#8243;]<a class=\"buchen-button-rund\" href=\"https:\/\/www.h-hotels.com\/de\/hplus\/hotels\/hplus-hotel-4youth-berlin\" target=\"_blank\" rel=\"noopener noreferrer\">Book now<\/a>[\/et_pb_code][\/et_pb_column][\/et_pb_row][\/et_pb_section][et_pb_section fb_built=&#8221;1&#8243; _builder_version=&#8221;4.4.2&#8243; custom_margin=&#8221;||||false|false&#8221; custom_margin_tablet=&#8221;-2rem||||false|false&#8221; custom_margin_phone=&#8221;&#8221; custom_margin_last_edited=&#8221;on|tablet&#8221; custom_padding=&#8221;0px||0px||false|false&#8221; global_colors_info=&#8221;{}&#8221;][et_pb_row _builder_version=&#8221;4.4.2&#8243; custom_padding=&#8221;||0px||false|false&#8221; global_colors_info=&#8221;{}&#8221;][et_pb_column type=&#8221;4_4&#8243; _builder_version=&#8221;4.4.2&#8243; global_colors_info=&#8221;{}&#8221;][et_pb_text _builder_version=&#8221;4.4.2&#8243; header_text_align=&#8221;center&#8221; header_line_height=&#8221;1.2em&#8221; custom_margin_tablet=&#8221;||0px||false|false&#8221; custom_margin_phone=&#8221;&#8221; custom_margin_last_edited=&#8221;on|tablet&#8221; header_font_size_tablet=&#8221;40px&#8221; header_font_size_phone=&#8221;28px&#8221; header_font_size_last_edited=&#8221;on|phone&#8221; global_colors_info=&#8221;{}&#8221;]<\/p>\n<h1>Atrakcje<\/h1>\n<p>[\/et_pb_text][et_pb_divider color=&#8221;#615D56&#8243; divider_weight=&#8221;5px&#8221; _builder_version=&#8221;4.4.2&#8243; width=&#8221;100px&#8221; module_alignment=&#8221;center&#8221; custom_padding=&#8221;2rem||2rem||false|false&#8221; custom_padding_tablet=&#8221;1rem||1rem||false|false&#8221; custom_padding_phone=&#8221;&#8221; custom_padding_last_edited=&#8221;on|phone&#8221; global_colors_info=&#8221;{}&#8221;][\/et_pb_divider][\/et_pb_column][\/et_pb_row][\/et_pb_section][et_pb_section fb_built=&#8221;1&#8243; custom_padding_last_edited=&#8221;on|phone&#8221; _builder_version=&#8221;4.4.2&#8243; background_color=&#8221;rgba(97,93,86,0.1)&#8221; custom_padding=&#8221;2rem||8rem||false|false&#8221; custom_padding_tablet=&#8221;||2rem||false|false&#8221; custom_padding_phone=&#8221;1rem||1rem||false|false&#8221; global_colors_info=&#8221;{}&#8221;][et_pb_row column_structure=&#8221;2_3,1_3&#8243; use_custom_gutter=&#8221;on&#8221; gutter_width=&#8221;4&#8243; _builder_version=&#8221;4.4.2&#8243; custom_padding=&#8221;||0px||false|false&#8221; global_colors_info=&#8221;{}&#8221;][et_pb_column type=&#8221;2_3&#8243; _builder_version=&#8221;4.4.2&#8243; global_colors_info=&#8221;{}&#8221;][et_pb_text _builder_version=&#8221;4.4.2&#8243; header_2_text_color=&#8221;#76B72A&#8221; header_2_font_size=&#8221;28px&#8221; custom_margin=&#8221;||1rem||false|false&#8221; custom_padding=&#8221;||||false|false&#8221; header_2_font_size_tablet=&#8221;26px&#8221; header_2_font_size_phone=&#8221;22px&#8221; header_2_font_size_last_edited=&#8221;on|phone&#8221; global_colors_info=&#8221;{}&#8221;]<\/p>\n<h2>Miejsce Pamieci Muru Berli\u0144skiego, w bezpo\u015brednim s\u0105siedztwie hotelu<\/h2>\n<p>[\/et_pb_text][et_pb_text _builder_version=&#8221;4.4.2&#8243; text_font_size_tablet=&#8221;&#8221; text_font_size_phone=&#8221;14px&#8221; text_font_size_last_edited=&#8221;on|phone&#8221; global_colors_info=&#8221;{}&#8221;]Od ko\u0144ca lat dziewi\u0119\u0107dziesi\u0105tych istnieje przy Bernauer Stra\u00dfe mi\u0119dzy dawnymi dzielnicami Wedding i Berlin-Mitte zesp\u00f3\u0142 po\u015bwi\u0119cony pami\u0119ci muru berli\u0144skiego. Obejmuje on miejsce pami\u0119ci muru, centrum dokumentacji muru i Kaplic\u0119 Pojednania.Zesp\u00f3\u0142 Pami\u0119ci zosta\u0142 otwarty po d\u0142ugich i gwa\u0142townych dyskusjach 13 sierpnia 1998. Odtwarza na pierwotnym miejscu zrekonstruowany \u015brodkami artystycznymi odcinek muru. Centrum dokumentacji, prowadzone przez powo\u0142an\u0105 do tego celu organizacj\u0119, zosta\u0142o otwarte 9 listopada 1999. W roku 2003 powsta\u0142a wie\u017ca widokowa, z kt\u00f3rej mo\u017cna dok\u0142adnie obejrze\u0107 mury kompleksu pami\u0119ci. Obok aktualnej wystawy (od roku 2001 pod tytu\u0142em &#8222;Berlin, 13 sierpnia 1961&#8221;) udost\u0119pnione s\u0105 r\u00f3\u017cne informacje o historii muru. Poza tym odbywaj\u0105 si\u0119 tu seminaria i inne imprezy. Godziny otwarcia:Wystawa w miejscu pami\u0119ci:przez ca\u0142y rok od poniedzia\u0142ku do niedzieli 8:00 \u2013 22:00 Centrum Odwiedzaj\u0105cych i Centrum Dokumentacji:od kwietnia \u2013 do pa\u017adziernika: wtorek &#8211; niedziela 9:30 \u2013 19:00 od listopada \u2013 do marca: wtorek &#8211; niedziela 9:30 \u2013 18:00<\/p>\n<p><a href=\"http:\/\/hotel-neu.123-insnetz.de\/wp-content\/uploads\/2020\/08\/gedenkstaette_english.pdf\" target=\"_blank\" rel=\"noopener noreferrer\">Wi\u0119cej informacji &#8211; kliknij tutaj<\/a>[\/et_pb_text][et_pb_divider color=&#8221;#76B72A&#8221; divider_style=&#8221;dotted&#8221; divider_weight=&#8221;2px&#8221; _builder_version=&#8221;4.4.2&#8243; custom_margin=&#8221;4rem||1rem||false|false&#8221; custom_padding=&#8221;||||false|false&#8221; global_colors_info=&#8221;{}&#8221;][\/et_pb_divider][et_pb_text _builder_version=&#8221;4.4.2&#8243; header_2_text_color=&#8221;#76B72A&#8221; header_2_font_size=&#8221;28px&#8221; custom_margin=&#8221;||1rem||false|false&#8221; custom_padding=&#8221;||||false|false&#8221; header_2_font_size_tablet=&#8221;26px&#8221; header_2_font_size_phone=&#8221;22px&#8221; header_2_font_size_last_edited=&#8221;on|phone&#8221; locked=&#8221;off&#8221; global_colors_info=&#8221;{}&#8221;]<\/p>\n<h2>Imprezy i wystawy<\/h2>\n<p>[\/et_pb_text][et_pb_text _builder_version=&#8221;4.4.2&#8243; custom_margin=&#8221;||0px||false|false&#8221; custom_padding=&#8221;||||false|false&#8221; text_font_size_tablet=&#8221;&#8221; text_font_size_phone=&#8221;14px&#8221; text_font_size_last_edited=&#8221;on|phone&#8221; global_colors_info=&#8221;{}&#8221;]Oczywi\u015bcie w Berlinie zawsze co\u015b si\u0119 dzieje! Oto nasz <a href=\"http:\/\/www.berlin-polska.eu\/\" target=\"_blank\" rel=\"noopener noreferrer\">kalendarz tar\u00f3w<\/a><\/p>\n<ul>\n<li><a href=\"http:\/\/www.berlin-city-tour.de\/eng\/bct\/berlin-aktuell.html\" target=\"_blank\" rel=\"noopener noreferrer\">Berlin City Tour<\/a> (przystanek autobusowy przed hotelem)<\/li>\n<li><a href=\"http:\/\/www.sternundkreis.de\/pl\/SundK\/Home\/K271.htm?RID=263\" target=\"_blank\" rel=\"noopener noreferrer\">Rejs statkiem<\/a> po Szprewie<\/li>\n<li>Piknik w Mauerparku (na \u017cyczenie, 25 \u20ac dla 2 os\u00f3b)<\/li>\n<li><a href=\"http:\/\/www.stage-entertainment.de\/\" target=\"_blank\" rel=\"noopener noreferrer\">Stage \u2013 Hinterm Horizont<\/a>, Taniec Wampir\u00f3w<\/li>\n<li>Muzeum Figur Woskowych <a href=\"http:\/\/www.madametussauds.com\/Berlin\/Default.aspx\" target=\"_blank\" rel=\"noopener noreferrer\">Madame Tussauds<\/a><\/li>\n<li><a href=\"http:\/\/www.tv-turm.de\/en\/index.php\" target=\"_blank\" rel=\"noopener noreferrer\">Wie\u017ca Telewizyjna<\/a> na Alexanderplatz<\/li>\n<li>Berlin <a href=\"http:\/\/berliner-unterwelten.de\/start.1.7.html\" target=\"_blank\" rel=\"noopener noreferrer\">Podziemny<\/a><\/li>\n<\/ul>\n<p>[\/et_pb_text][\/et_pb_column][et_pb_column type=&#8221;1_3&#8243; _builder_version=&#8221;4.4.2&#8243; global_colors_info=&#8221;{}&#8221;][et_pb_image src=&#8221;http:\/\/hotel-neu.123-insnetz.de\/wp-content\/uploads\/2020\/07\/h-hotel-symbol.png&#8221; align=&#8221;center&#8221; module_class=&#8221;icon-hotel-allgemein sidebar&#8221; _builder_version=&#8221;4.4.2&#8243; background_enable_color=&#8221;off&#8221; background_enable_image=&#8221;off&#8221; width=&#8221;60px&#8221; custom_margin=&#8221;||0px||false|false&#8221; custom_css_main_element=&#8221;z-index: 99999;&#8221; border_radii=&#8221;on|80px|80px|80px|80px&#8221; border_color_all=&#8221;rgba(0,0,0,0)&#8221; locked=&#8221;off&#8221; global_colors_info=&#8221;{}&#8221;][\/et_pb_image][et_pb_cta title=&#8221;Mauerpark, naprzeciwko hotelu gleich gegen\u00fcber&#8221; button_text=&#8221;More&#8221; module_class=&#8221;infokasten-sidebar hell&#8221; _builder_version=&#8221;4.4.2&#8243; header_level=&#8221;h5&#8243; header_text_color=&#8221;#615D56&#8243; header_font_size=&#8221;20px&#8221; body_text_color=&#8221;#615D56&#8243; background_color=&#8221;rgba(118,183,42,0.2)&#8221; custom_button=&#8221;on&#8221; button_text_color=&#8221;#615D56&#8243; button_bg_color=&#8221;rgba(0,0,0,0)&#8221; button_border_color=&#8221;#615D56&#8243; button_use_icon=&#8221;off&#8221; button_custom_padding=&#8221;1rem|1rem|1rem|1rem|true|true&#8221; custom_margin=&#8221;-30px||||false|false&#8221; custom_padding=&#8221;3rem|2rem|2rem|2rem|false|false&#8221; header_font_size_tablet=&#8221;18px&#8221; header_font_size_phone=&#8221;&#8221; header_font_size_last_edited=&#8221;on|tablet&#8221; body_font_size_tablet=&#8221;&#8221; body_font_size_phone=&#8221;14px&#8221; body_font_size_last_edited=&#8221;on|phone&#8221; button_text_size_tablet=&#8221;&#8221; button_text_size_phone=&#8221;14px&#8221; button_text_size_last_edited=&#8221;on|phone&#8221; global_colors_info=&#8221;{}&#8221; button_text__hover_enabled=&#8221;on|desktop&#8221; button_bg_color__hover_enabled=&#8221;on|hover&#8221; button_bg_color__hover=&#8221;#615D56&#8243; button_bg_enable_color__hover=&#8221;on&#8221; button_text_color__hover_enabled=&#8221;on|desktop&#8221; button_text_color__hover=&#8221;#ffffff&#8221; button_border_color__hover_enabled=&#8221;on|hover&#8221; button_border_color__hover=&#8221;rgba(0,0,0,0)&#8221; button_border_width__hover_enabled=&#8221;off|hover&#8221; button_border_width__hover=&#8221;2px&#8221; button_text__hover=&#8221;More&#8221;]Dr. Motte i Wladimir Kaminer, ale tak\u017ce Schraubermicha, Joe Hatchiban i Ginger Brown &#8211; wszyscy oni tu bywali. Mauerpark (Park Muru) &#8211; po\u0142o\u017cony jest na dawnym pasie \u015bmierci w Berlinie. Wcze\u015bniej mur oddziela\u0142 tu ludzi, dzi\u015b park \u0142\u0105czy ich ponownie. Tu le\u017c\u0105 teraz obok siebie: wyznawcy kultury punk i matki z dzie\u0107mi, arty\u015bci obok koszykarzy. Tu co niedziel\u0119 odbywa si\u0119 zabawa karaoke. Tu spotyka si\u0119 ca\u0142y \u015bwiat.<\/p>\n<p><a title=\"Berliner Mauerpark\" href=\"https:\/\/www.mauerpark.info\/\" target=\"_blank\" rel=\"noopener noreferrer\">Berli\u0144ski Mauerpark<\/a>[\/et_pb_cta][\/et_pb_column][\/et_pb_row][\/et_pb_section][et_pb_section fb_built=&#8221;1&#8243; _builder_version=&#8221;4.4.2&#8243; background_color=&#8221;rgba(97,93,86,0.1)&#8221; custom_margin=&#8221;||2rem||false|false&#8221; custom_padding=&#8221;0px||0px||false|false&#8221; border_width_bottom=&#8221;5px&#8221; border_color_bottom=&#8221;#615D56&#8243; global_colors_info=&#8221;{}&#8221;][et_pb_row custom_padding_last_edited=&#8221;on|phone&#8221; _builder_version=&#8221;4.4.2&#8243; background_image=&#8221;http:\/\/hotel-neu.123-insnetz.de\/wp-content\/uploads\/\/2020\/07\/berlin-silhouette.svg&#8221; background_size=&#8221;contain&#8221; background_position=&#8221;bottom_center&#8221; custom_padding=&#8221;5rem||5rem||false|false&#8221; custom_padding_tablet=&#8221;||1rem||false|false&#8221; custom_padding_phone=&#8221;5rem||||false|false&#8221; global_colors_info=&#8221;{}&#8221;][et_pb_column type=&#8221;4_4&#8243; _builder_version=&#8221;4.4.2&#8243; global_colors_info=&#8221;{}&#8221;][\/et_pb_column][\/et_pb_row][\/et_pb_section]<\/p>\n","protected":false},"excerpt":{"rendered":"<p>AtrakcjeMiejsce Pamieci Muru Berli\u0144skiego, w bezpo\u015brednim s\u0105siedztwie hoteluOd ko\u0144ca lat dziewi\u0119\u0107dziesi\u0105tych istnieje przy Bernauer Stra\u00dfe mi\u0119dzy dawnymi dzielnicami Wedding i Berlin-Mitte zesp\u00f3\u0142 po\u015bwi\u0119cony pami\u0119ci muru berli\u0144skiego. Obejmuje on miejsce pami\u0119ci muru, centrum dokumentacji muru i Kaplic\u0119 Pojednania.Zesp\u00f3\u0142 Pami\u0119ci zosta\u0142 otwarty po d\u0142ugich i gwa\u0142townych dyskusjach 13 sierpnia 1998. Odtwarza na pierwotnym miejscu zrekonstruowany \u015brodkami artystycznymi [&hellip;]<\/p>\n","protected":false},"author":1,"featured_media":0,"parent":0,"menu_order":0,"comment_status":"closed","ping_status":"closed","template":"","meta":{"_et_pb_use_builder":"on","_et_pb_old_content":"","_et_gb_content_width":"","footnotes":""},"class_list":["post-2718","page","type-page","status-publish","hentry"],"yoast_head":"<!-- This site is optimized with the Yoast SEO plugin v26.9 - https:\/\/yoast.com\/product\/yoast-seo-wordpress\/ -->\n<title>Atrakcje - Hotel - H+ Hotel4 Youth Berlin - Am Mauerpark - Berlin Mitte<\/title>\n<meta name=\"robots\" content=\"index, follow, max-snippet:-1, max-image-preview:large, max-video-preview:-1\" \/>\n<link rel=\"canonical\" href=\"https:\/\/hotel4youth.de\/pl\/atrakcje\" \/>\n<meta property=\"og:locale\" content=\"pl_PL\" \/>\n<meta property=\"og:type\" content=\"article\" \/>\n<meta property=\"og:title\" content=\"Atrakcje - Hotel - H+ Hotel4 Youth Berlin - Am Mauerpark - Berlin Mitte\" \/>\n<meta property=\"og:description\" content=\"AtrakcjeMiejsce Pamieci Muru Berli\u0144skiego, w bezpo\u015brednim s\u0105siedztwie hoteluOd ko\u0144ca lat dziewi\u0119\u0107dziesi\u0105tych istnieje przy Bernauer Stra\u00dfe mi\u0119dzy dawnymi dzielnicami Wedding i Berlin-Mitte zesp\u00f3\u0142 po\u015bwi\u0119cony pami\u0119ci muru berli\u0144skiego. Obejmuje on miejsce pami\u0119ci muru, centrum dokumentacji muru i Kaplic\u0119 Pojednania.Zesp\u00f3\u0142 Pami\u0119ci zosta\u0142 otwarty po d\u0142ugich i gwa\u0142townych dyskusjach 13 sierpnia 1998. Odtwarza na pierwotnym miejscu zrekonstruowany \u015brodkami artystycznymi [&hellip;]\" \/>\n<meta property=\"og:url\" content=\"https:\/\/hotel4youth.de\/pl\/atrakcje\" \/>\n<meta property=\"og:site_name\" content=\"Hotel - H+ Hotel4 Youth Berlin - Am Mauerpark - Berlin Mitte\" \/>\n<meta property=\"article:modified_time\" content=\"2025-03-12T03:29:31+00:00\" \/>\n<meta name=\"twitter:card\" content=\"summary_large_image\" \/>\n<meta name=\"twitter:label1\" content=\"Szacowany czas czytania\" \/>\n\t<meta name=\"twitter:data1\" content=\"6 minut\" \/>\n<script type=\"application\/ld+json\" class=\"yoast-schema-graph\">{\"@context\":\"https:\/\/schema.org\",\"@graph\":[{\"@type\":\"WebPage\",\"@id\":\"https:\/\/hotel4youth.de\/pl\/atrakcje\",\"url\":\"https:\/\/hotel4youth.de\/pl\/atrakcje\",\"name\":\"Atrakcje - Hotel - H+ Hotel4 Youth Berlin - Am Mauerpark - Berlin Mitte\",\"isPartOf\":{\"@id\":\"https:\/\/hotel4youth.de\/#website\"},\"datePublished\":\"2020-08-18T13:45:05+00:00\",\"dateModified\":\"2025-03-12T03:29:31+00:00\",\"breadcrumb\":{\"@id\":\"https:\/\/hotel4youth.de\/pl\/atrakcje#breadcrumb\"},\"inLanguage\":\"pl-PL\",\"potentialAction\":[{\"@type\":\"ReadAction\",\"target\":[\"https:\/\/hotel4youth.de\/pl\/atrakcje\"]}]},{\"@type\":\"BreadcrumbList\",\"@id\":\"https:\/\/hotel4youth.de\/pl\/atrakcje#breadcrumb\",\"itemListElement\":[{\"@type\":\"ListItem\",\"position\":1,\"name\":\"Startseite\",\"item\":\"https:\/\/hotel4youth.de\/pl\"},{\"@type\":\"ListItem\",\"position\":2,\"name\":\"Atrakcje\"}]},{\"@type\":\"WebSite\",\"@id\":\"https:\/\/hotel4youth.de\/#website\",\"url\":\"https:\/\/hotel4youth.de\/\",\"name\":\"Hotel - H+ Hotel4 Youth Berlin - Am Mauerpark - Berlin Mitte\",\"description\":\"\",\"potentialAction\":[{\"@type\":\"SearchAction\",\"target\":{\"@type\":\"EntryPoint\",\"urlTemplate\":\"https:\/\/hotel4youth.de\/?s={search_term_string}\"},\"query-input\":{\"@type\":\"PropertyValueSpecification\",\"valueRequired\":true,\"valueName\":\"search_term_string\"}}],\"inLanguage\":\"pl-PL\"}]}<\/script>\n<!-- \/ Yoast SEO plugin. -->","yoast_head_json":{"title":"Atrakcje - Hotel - H+ Hotel4 Youth Berlin - Am Mauerpark - Berlin Mitte","robots":{"index":"index","follow":"follow","max-snippet":"max-snippet:-1","max-image-preview":"max-image-preview:large","max-video-preview":"max-video-preview:-1"},"canonical":"https:\/\/hotel4youth.de\/pl\/atrakcje","og_locale":"pl_PL","og_type":"article","og_title":"Atrakcje - Hotel - H+ Hotel4 Youth Berlin - Am Mauerpark - Berlin Mitte","og_description":"AtrakcjeMiejsce Pamieci Muru Berli\u0144skiego, w bezpo\u015brednim s\u0105siedztwie hoteluOd ko\u0144ca lat dziewi\u0119\u0107dziesi\u0105tych istnieje przy Bernauer Stra\u00dfe mi\u0119dzy dawnymi dzielnicami Wedding i Berlin-Mitte zesp\u00f3\u0142 po\u015bwi\u0119cony pami\u0119ci muru berli\u0144skiego. Obejmuje on miejsce pami\u0119ci muru, centrum dokumentacji muru i Kaplic\u0119 Pojednania.Zesp\u00f3\u0142 Pami\u0119ci zosta\u0142 otwarty po d\u0142ugich i gwa\u0142townych dyskusjach 13 sierpnia 1998. Odtwarza na pierwotnym miejscu zrekonstruowany \u015brodkami artystycznymi [&hellip;]","og_url":"https:\/\/hotel4youth.de\/pl\/atrakcje","og_site_name":"Hotel - H+ Hotel4 Youth Berlin - Am Mauerpark - Berlin Mitte","article_modified_time":"2025-03-12T03:29:31+00:00","twitter_card":"summary_large_image","twitter_misc":{"Szacowany czas czytania":"6 minut"},"schema":{"@context":"https:\/\/schema.org","@graph":[{"@type":"WebPage","@id":"https:\/\/hotel4youth.de\/pl\/atrakcje","url":"https:\/\/hotel4youth.de\/pl\/atrakcje","name":"Atrakcje - Hotel - H+ Hotel4 Youth Berlin - Am Mauerpark - Berlin Mitte","isPartOf":{"@id":"https:\/\/hotel4youth.de\/#website"},"datePublished":"2020-08-18T13:45:05+00:00","dateModified":"2025-03-12T03:29:31+00:00","breadcrumb":{"@id":"https:\/\/hotel4youth.de\/pl\/atrakcje#breadcrumb"},"inLanguage":"pl-PL","potentialAction":[{"@type":"ReadAction","target":["https:\/\/hotel4youth.de\/pl\/atrakcje"]}]},{"@type":"BreadcrumbList","@id":"https:\/\/hotel4youth.de\/pl\/atrakcje#breadcrumb","itemListElement":[{"@type":"ListItem","position":1,"name":"Startseite","item":"https:\/\/hotel4youth.de\/pl"},{"@type":"ListItem","position":2,"name":"Atrakcje"}]},{"@type":"WebSite","@id":"https:\/\/hotel4youth.de\/#website","url":"https:\/\/hotel4youth.de\/","name":"Hotel - H+ Hotel4 Youth Berlin - Am Mauerpark - Berlin Mitte","description":"","potentialAction":[{"@type":"SearchAction","target":{"@type":"EntryPoint","urlTemplate":"https:\/\/hotel4youth.de\/?s={search_term_string}"},"query-input":{"@type":"PropertyValueSpecification","valueRequired":true,"valueName":"search_term_string"}}],"inLanguage":"pl-PL"}]}},"_links":{"self":[{"href":"https:\/\/hotel4youth.de\/pl\/wp-json\/wp\/v2\/pages\/2718","targetHints":{"allow":["GET"]}}],"collection":[{"href":"https:\/\/hotel4youth.de\/pl\/wp-json\/wp\/v2\/pages"}],"about":[{"href":"https:\/\/hotel4youth.de\/pl\/wp-json\/wp\/v2\/types\/page"}],"author":[{"embeddable":true,"href":"https:\/\/hotel4youth.de\/pl\/wp-json\/wp\/v2\/users\/1"}],"replies":[{"embeddable":true,"href":"https:\/\/hotel4youth.de\/pl\/wp-json\/wp\/v2\/comments?post=2718"}],"version-history":[{"count":4,"href":"https:\/\/hotel4youth.de\/pl\/wp-json\/wp\/v2\/pages\/2718\/revisions"}],"predecessor-version":[{"id":4171,"href":"https:\/\/hotel4youth.de\/pl\/wp-json\/wp\/v2\/pages\/2718\/revisions\/4171"}],"wp:attachment":[{"href":"https:\/\/hotel4youth.de\/pl\/wp-json\/wp\/v2\/media?parent=2718"}],"curies":[{"name":"wp","href":"https:\/\/api.w.org\/{rel}","templated":true}]}}