{"id":2684,"date":"2020-08-18T14:58:20","date_gmt":"2020-08-18T12:58:20","guid":{"rendered":"http:\/\/hotel-neu.123-insnetz.de\/faq"},"modified":"2020-08-18T14:58:20","modified_gmt":"2020-08-18T12:58:20","slug":"faq","status":"publish","type":"page","link":"https:\/\/hotel4youth.de\/pl\/faq","title":{"rendered":"FAQ"},"content":{"rendered":"<p>[et_pb_section fb_built=&#8221;1&#8243; custom_padding_last_edited=&#8221;on|phone&#8221; _builder_version=&#8221;4.4.2&#8243; background_enable_color=&#8221;off&#8221; background_image=&#8221;http:\/\/hotel-neu.123-insnetz.de\/wp-content\/uploads\/2020\/08\/service-1.jpg&#8221; custom_padding=&#8221;12rem||12rem||false|false&#8221; custom_padding_tablet=&#8221;10rem||10rem||false|false&#8221; custom_padding_phone=&#8221;8rem||8rem||false|false&#8221;][\/et_pb_section][et_pb_section fb_built=&#8221;1&#8243; _builder_version=&#8221;4.4.2&#8243; custom_margin=&#8221;||2rem||false|false&#8221; custom_padding=&#8221;0px||0px||false|false&#8221;][et_pb_row _builder_version=&#8221;4.4.2&#8243; custom_padding=&#8221;0px||0px||false|false&#8221;][et_pb_column type=&#8221;4_4&#8243; _builder_version=&#8221;4.4.2&#8243;][et_pb_code _builder_version=&#8221;4.4.2&#8243; text_orientation=&#8221;center&#8221; transform_styles__hover_enabled=&#8221;on|hover&#8221; transform_scale__hover_enabled=&#8221;on|hover&#8221; transform_translate__hover_enabled=&#8221;on|desktop&#8221; transform_rotate__hover_enabled=&#8221;on|desktop&#8221; transform_skew__hover_enabled=&#8221;on|desktop&#8221; transform_origin__hover_enabled=&#8221;on|desktop&#8221; transform_scale__hover=&#8221;115%|115%&#8221;]<a class=\"buchen-button-rund\" href=\"https:\/\/www.thebookingbutton.co.uk\/properties\/4youthdirect\" target=\"_blank\" rel=\"noopener noreferrer\">Book now<\/a>[\/et_pb_code][\/et_pb_column][\/et_pb_row][\/et_pb_section][et_pb_section fb_built=&#8221;1&#8243; _builder_version=&#8221;4.4.2&#8243; custom_margin=&#8221;||||false|false&#8221; custom_margin_tablet=&#8221;-2rem||||false|false&#8221; custom_margin_phone=&#8221;&#8221; custom_margin_last_edited=&#8221;on|tablet&#8221; custom_padding=&#8221;0px||0px||false|false&#8221;][et_pb_row _builder_version=&#8221;4.4.2&#8243; custom_padding=&#8221;||0px||false|false&#8221;][et_pb_column type=&#8221;4_4&#8243; _builder_version=&#8221;4.4.2&#8243;][et_pb_text _builder_version=&#8221;4.4.2&#8243; header_text_align=&#8221;center&#8221; header_line_height=&#8221;1.2em&#8221; custom_margin_tablet=&#8221;||0px||false|false&#8221; custom_margin_phone=&#8221;&#8221; custom_margin_last_edited=&#8221;on|tablet&#8221; header_font_size_tablet=&#8221;40px&#8221; header_font_size_phone=&#8221;28px&#8221; header_font_size_last_edited=&#8221;on|phone&#8221;]<\/p>\n<h1>FAQ<\/h1>\n<p>[\/et_pb_text][et_pb_divider color=&#8221;#615D56&#8243; divider_weight=&#8221;5px&#8221; _builder_version=&#8221;4.4.2&#8243; width=&#8221;100px&#8221; module_alignment=&#8221;center&#8221; custom_padding=&#8221;2rem||2rem||false|false&#8221; custom_padding_tablet=&#8221;1rem||1rem||false|false&#8221; custom_padding_phone=&#8221;&#8221; custom_padding_last_edited=&#8221;on|phone&#8221;][\/et_pb_divider][\/et_pb_column][\/et_pb_row][\/et_pb_section][et_pb_section fb_built=&#8221;1&#8243; custom_padding_last_edited=&#8221;on|phone&#8221; _builder_version=&#8221;4.4.2&#8243; background_color=&#8221;rgba(97,93,86,0.1)&#8221; custom_padding=&#8221;2rem||8rem||false|false&#8221; custom_padding_tablet=&#8221;||2rem||false|false&#8221; custom_padding_phone=&#8221;1rem||1rem||false|false&#8221;][et_pb_row _builder_version=&#8221;4.4.2&#8243;][et_pb_column type=&#8221;4_4&#8243; _builder_version=&#8221;4.4.2&#8243;][et_pb_accordion _builder_version=&#8221;4.4.2&#8243; text_orientation=&#8221;left&#8221; hover_enabled=&#8221;0&#8243;][et_pb_accordion_item title=&#8221;Sposoby p\u0142atno\u015bci&#8221; open=&#8221;on&#8221; _builder_version=&#8221;4.4.2&#8243;]Prosimy o p\u0142atno\u015b\u0107 w dniu przyjazdu. Akceptujemy wszystkie powszechne karty debetowe i kredytowe (VISA, MasterCard, American Express i Visa Electron).[\/et_pb_accordion_item][et_pb_accordion_item title=&#8221;Po\u015bciel&#8221; _builder_version=&#8221;4.4.2&#8243; open=&#8221;off&#8221;]W przypadku d\u0142u\u017cszych pobyt\u00f3w ca\u0142kowita zmiana po\u015bcieli nast\u0119puje co 4 dni. Je\u015bli \u017cycz\u0105 sobie Pa\u0144stwo cz\u0119stsz\u0105 lub codzienn\u0105 zmian\u0119 r\u0119cznik\u00f3w, pobieramy dodatkow\u0105 oplat\u0119 w kwocie 1 \u20ac za dzie\u0144.<br \/>\nW trosce o chron\u0119 \u015brodowiska![\/et_pb_accordion_item][et_pb_accordion_item title=&#8221;\u015aniadanie&#8221; _builder_version=&#8221;4.4.2&#8243; open=&#8221;off&#8221;]\u015aniadanie serwowane jest w posiaci bufetu, od poniedzia\u0142ku do pi\u0105tku 06:30 &#8211; 10:30 oraz w weekendy lub \u015bwi\u0119ta mi\u0119dzy godz. 07:30 &#8211; 11:00[\/et_pb_accordion_item][et_pb_accordion_item title=&#8221;Check-in oraz check-out&#8221; _builder_version=&#8221;4.4.2&#8243; open=&#8221;off&#8221;]Zarezerwowane przez Pa\u0144stwa pokoje dost\u0119pne s\u0105 od godz. 15:00 w dniu przyjazdu. Wyjazd obowi\u0105zuje: w dni powszednie do godz. 10:00, w weekendy lub \u015bwi\u0119ta najp\u00f3\u017aniej do godz. 11:00. W przypadku przed\u0142u\u017cenia rezerwacji tzw. p\u00f3\u017aniejszy check-out do godz. 12:00 pobieramy op\u0142at\u0119 w kwocie 10 \u20ac.<br \/>\nJe\u015bli macie Pa\u0144stwo jeszcze jakie\u015b pytania lub sugestie, prosz\u0119 do nas zadzwoni\u0107 lub wys\u0142a\u0107 <a href=\"mailto:mauerpark@hotel4youth.de\">e-mail<\/a>.[\/et_pb_accordion_item][et_pb_accordion_item title=&#8221;City Tax Berlin f\u00fchrt \u00dcbernachtungssteuer ein&#8221; _builder_version=&#8221;4.4.2&#8243; open=&#8221;off&#8221;]<\/p>\n<p>Wir m\u00f6chten Sie liebe G\u00e4ste informieren warum wir unsere Preise zum 01.01.2014 \u00e4ndern m\u00fcssen.<\/p>\n<p>Das Land Berlin wird ab dem 1. Januar 2014 eine Steuer auf private \u00dcbernachtungen in H\u00f6he von 5% des \u00dcbernachtungspreises erheben. Damit kommt Berlin auch seiner Verpflichtung aus der Sanierungsvereinbarung mit dem Stabilit\u00e4tsrat nach. Das Land hatte sich darin verpflichtet, die Einnahmenseite des Landeshaushalts zu st\u00e4rken.<\/p>\n<p>Senator Dr. Nu\u00dfbaum: \u201eBerlin zieht jedes Jahr Millionen von Touristen aus aller Welt an, mit stark steigender Tendenz. Mit der \u00dcbernachtungsteuer wollen wir erreichen, dass auch Touristen einen kleinen Beitrag dazu leisten, dass Berlin attraktiv bleibt und noch attraktiver wird. Davon profitieren sowohl die Berlinerinnen und Berliner als auch die Besucher dieser Stadt.\u201c (Info+quelle: <a href=\"https:\/\/www.berlin.de\/sen\/finanzen\/steuern\/nachrichten\/artikel.6163.php\" target=\"_blank\" rel=\"noopener noreferrer\">www.berlin.de\/sen\/finanzen\/steuern\/nachrichten\/artikel.6163.php<\/a>)<\/p>\n<p>[\/et_pb_accordion_item][et_pb_accordion_item title=&#8221;Rabaty&#8221; _builder_version=&#8221;4.4.2&#8243; hover_enabled=&#8221;0&#8243; open=&#8221;off&#8221;]Opr\u00f3cz zni\u017cek grupowych oferujemy r\u00f3wnie\u017c specjalne zni\u017cki dla sta\u0142ych bywalc\u00f3w i turyst\u00f3w planuj\u0105cych pobyt przez kilka tygodni w naszym hotelu. Ch\u0119tnie prze\u015blemy Pa\u0144stwu indywidualn\u0105 ofert\u0119.<br \/>\n[\/et_pb_accordion_item][et_pb_accordion_item title=&#8221;Save \/ Sejf&#8221; _builder_version=&#8221;4.4.2&#8243; hover_enabled=&#8221;0&#8243; open=&#8221;off&#8221;]W ka\u017cdym z naszych pokoi znajduje si\u0119 zamykana na klucz szafka. Klucz mo\u017cna uzyska\u0107 na recepcji za dodatkow\u0105 op\u0142at\u0105 w wysoko\u015bci 0,50 \u20ac za dzie\u0144.<br \/>\n[\/et_pb_accordion_item][et_pb_accordion_item title=&#8221;Przechowalnia baga\u017cu&#8221; _builder_version=&#8221;4.4.2&#8243; open=&#8221;off&#8221;]Je\u015bli chc\u0105 Pa\u0144stwo wykorzysta\u0107 ostatnie chwile w Berlinie i po wymeldowaniu si\u0119 z pokoju zostawi\u0107 u nas jeszcze sw\u00f3j baga\u017c, lub te\u017c przyjechali\u015bcie Pa\u0144stwo przed godz. 15:00 i Pa\u0144stwa pokoj jeszcze nie jest gotowy\u2026..<br \/>\nCh\u0119tnie zatroszczymy si\u0119 o Pa\u0144stwa baga\u017c. Us\u0142uga ta jest oczywi\u015bcie bezp\u0142atna.[\/et_pb_accordion_item][et_pb_accordion_item title=&#8221;Parking&#8221; _builder_version=&#8221;4.4.2&#8243; hover_enabled=&#8221;0&#8243; open=&#8221;off&#8221;]<\/p>\n<ul>\n<li>Podziemny parking: 25 \u20ac (za dzie\u0144)<\/li>\n<li>Istnieje mo\u017cliwo\u015b\u0107 bezp\u0142atnego zaparkowania w bezpo\u015brednim s\u0105siedztwie hotelu<\/li>\n<\/ul>\n<p>[\/et_pb_accordion_item][\/et_pb_accordion][\/et_pb_column][\/et_pb_row][\/et_pb_section][et_pb_section fb_built=&#8221;1&#8243; _builder_version=&#8221;4.4.2&#8243; background_color=&#8221;rgba(97,93,86,0.1)&#8221; custom_margin=&#8221;||2rem||false|false&#8221; custom_padding=&#8221;0px||0px||false|false&#8221; border_width_bottom=&#8221;5px&#8221; border_color_bottom=&#8221;#615D56&#8243;][et_pb_row custom_padding_last_edited=&#8221;on|phone&#8221; _builder_version=&#8221;4.4.2&#8243; background_image=&#8221;http:\/\/hotel-neu.123-insnetz.de\/wp-content\/uploads\/\/2020\/07\/berlin-silhouette.svg&#8221; background_size=&#8221;contain&#8221; background_position=&#8221;bottom_center&#8221; custom_padding=&#8221;5rem||5rem||false|false&#8221; custom_padding_tablet=&#8221;||1rem||false|false&#8221; custom_padding_phone=&#8221;5rem||||false|false&#8221;][et_pb_column type=&#8221;4_4&#8243; _builder_version=&#8221;4.4.2&#8243;][\/et_pb_column][\/et_pb_row][\/et_pb_section]<\/p>\n","protected":false},"excerpt":{"rendered":"<p>FAQProsimy o p\u0142atno\u015b\u0107 w dniu przyjazdu. Akceptujemy wszystkie powszechne karty debetowe i kredytowe (VISA, MasterCard, American Express i Visa Electron).W przypadku d\u0142u\u017cszych pobyt\u00f3w ca\u0142kowita zmiana po\u015bcieli nast\u0119puje co 4 dni. Je\u015bli \u017cycz\u0105 sobie Pa\u0144stwo cz\u0119stsz\u0105 lub codzienn\u0105 zmian\u0119 r\u0119cznik\u00f3w, pobieramy dodatkow\u0105 oplat\u0119 w kwocie 1 \u20ac za dzie\u0144. W trosce o chron\u0119 \u015brodowiska!\u015aniadanie serwowane jest [&hellip;]<\/p>\n","protected":false},"author":1,"featured_media":0,"parent":0,"menu_order":0,"comment_status":"closed","ping_status":"closed","template":"","meta":{"_et_pb_use_builder":"on","_et_pb_old_content":"","_et_gb_content_width":"","footnotes":""},"class_list":["post-2684","page","type-page","status-publish","hentry"],"yoast_head":"<!-- This site is optimized with the Yoast SEO plugin v26.9 - https:\/\/yoast.com\/product\/yoast-seo-wordpress\/ -->\n<title>FAQ - Hotel - H+ Hotel4 Youth Berlin - Am Mauerpark - Berlin Mitte<\/title>\n<meta name=\"robots\" content=\"index, follow, max-snippet:-1, max-image-preview:large, max-video-preview:-1\" \/>\n<link rel=\"canonical\" href=\"https:\/\/hotel4youth.de\/pl\/faq\" \/>\n<meta property=\"og:locale\" content=\"pl_PL\" \/>\n<meta property=\"og:type\" content=\"article\" \/>\n<meta property=\"og:title\" content=\"FAQ - Hotel - H+ Hotel4 Youth Berlin - Am Mauerpark - Berlin Mitte\" \/>\n<meta property=\"og:description\" content=\"FAQProsimy o p\u0142atno\u015b\u0107 w dniu przyjazdu. Akceptujemy wszystkie powszechne karty debetowe i kredytowe (VISA, MasterCard, American Express i Visa Electron).W przypadku d\u0142u\u017cszych pobyt\u00f3w ca\u0142kowita zmiana po\u015bcieli nast\u0119puje co 4 dni. Je\u015bli \u017cycz\u0105 sobie Pa\u0144stwo cz\u0119stsz\u0105 lub codzienn\u0105 zmian\u0119 r\u0119cznik\u00f3w, pobieramy dodatkow\u0105 oplat\u0119 w kwocie 1 \u20ac za dzie\u0144. W trosce o chron\u0119 \u015brodowiska!\u015aniadanie serwowane jest [&hellip;]\" \/>\n<meta property=\"og:url\" content=\"https:\/\/hotel4youth.de\/pl\/faq\" \/>\n<meta property=\"og:site_name\" content=\"Hotel - H+ Hotel4 Youth Berlin - Am Mauerpark - Berlin Mitte\" \/>\n<meta name=\"twitter:card\" content=\"summary_large_image\" \/>\n<meta name=\"twitter:label1\" content=\"Szacowany czas czytania\" \/>\n\t<meta name=\"twitter:data1\" content=\"5 minut\" \/>\n<script type=\"application\/ld+json\" class=\"yoast-schema-graph\">{\"@context\":\"https:\/\/schema.org\",\"@graph\":[{\"@type\":\"WebPage\",\"@id\":\"https:\/\/hotel4youth.de\/pl\/faq\",\"url\":\"https:\/\/hotel4youth.de\/pl\/faq\",\"name\":\"FAQ - Hotel - H+ Hotel4 Youth Berlin - Am Mauerpark - Berlin Mitte\",\"isPartOf\":{\"@id\":\"https:\/\/hotel4youth.de\/#website\"},\"datePublished\":\"2020-08-18T12:58:20+00:00\",\"breadcrumb\":{\"@id\":\"https:\/\/hotel4youth.de\/pl\/faq#breadcrumb\"},\"inLanguage\":\"pl-PL\",\"potentialAction\":[{\"@type\":\"ReadAction\",\"target\":[\"https:\/\/hotel4youth.de\/pl\/faq\"]}]},{\"@type\":\"BreadcrumbList\",\"@id\":\"https:\/\/hotel4youth.de\/pl\/faq#breadcrumb\",\"itemListElement\":[{\"@type\":\"ListItem\",\"position\":1,\"name\":\"Startseite\",\"item\":\"https:\/\/hotel4youth.de\/pl\"},{\"@type\":\"ListItem\",\"position\":2,\"name\":\"FAQ\"}]},{\"@type\":\"WebSite\",\"@id\":\"https:\/\/hotel4youth.de\/#website\",\"url\":\"https:\/\/hotel4youth.de\/\",\"name\":\"Hotel - H+ Hotel4 Youth Berlin - Am Mauerpark - Berlin Mitte\",\"description\":\"\",\"potentialAction\":[{\"@type\":\"SearchAction\",\"target\":{\"@type\":\"EntryPoint\",\"urlTemplate\":\"https:\/\/hotel4youth.de\/?s={search_term_string}\"},\"query-input\":{\"@type\":\"PropertyValueSpecification\",\"valueRequired\":true,\"valueName\":\"search_term_string\"}}],\"inLanguage\":\"pl-PL\"}]}<\/script>\n<!-- \/ Yoast SEO plugin. -->","yoast_head_json":{"title":"FAQ - Hotel - H+ Hotel4 Youth Berlin - Am Mauerpark - Berlin Mitte","robots":{"index":"index","follow":"follow","max-snippet":"max-snippet:-1","max-image-preview":"max-image-preview:large","max-video-preview":"max-video-preview:-1"},"canonical":"https:\/\/hotel4youth.de\/pl\/faq","og_locale":"pl_PL","og_type":"article","og_title":"FAQ - Hotel - H+ Hotel4 Youth Berlin - Am Mauerpark - Berlin Mitte","og_description":"FAQProsimy o p\u0142atno\u015b\u0107 w dniu przyjazdu. Akceptujemy wszystkie powszechne karty debetowe i kredytowe (VISA, MasterCard, American Express i Visa Electron).W przypadku d\u0142u\u017cszych pobyt\u00f3w ca\u0142kowita zmiana po\u015bcieli nast\u0119puje co 4 dni. Je\u015bli \u017cycz\u0105 sobie Pa\u0144stwo cz\u0119stsz\u0105 lub codzienn\u0105 zmian\u0119 r\u0119cznik\u00f3w, pobieramy dodatkow\u0105 oplat\u0119 w kwocie 1 \u20ac za dzie\u0144. W trosce o chron\u0119 \u015brodowiska!\u015aniadanie serwowane jest [&hellip;]","og_url":"https:\/\/hotel4youth.de\/pl\/faq","og_site_name":"Hotel - H+ Hotel4 Youth Berlin - Am Mauerpark - Berlin Mitte","twitter_card":"summary_large_image","twitter_misc":{"Szacowany czas czytania":"5 minut"},"schema":{"@context":"https:\/\/schema.org","@graph":[{"@type":"WebPage","@id":"https:\/\/hotel4youth.de\/pl\/faq","url":"https:\/\/hotel4youth.de\/pl\/faq","name":"FAQ - Hotel - H+ Hotel4 Youth Berlin - Am Mauerpark - Berlin Mitte","isPartOf":{"@id":"https:\/\/hotel4youth.de\/#website"},"datePublished":"2020-08-18T12:58:20+00:00","breadcrumb":{"@id":"https:\/\/hotel4youth.de\/pl\/faq#breadcrumb"},"inLanguage":"pl-PL","potentialAction":[{"@type":"ReadAction","target":["https:\/\/hotel4youth.de\/pl\/faq"]}]},{"@type":"BreadcrumbList","@id":"https:\/\/hotel4youth.de\/pl\/faq#breadcrumb","itemListElement":[{"@type":"ListItem","position":1,"name":"Startseite","item":"https:\/\/hotel4youth.de\/pl"},{"@type":"ListItem","position":2,"name":"FAQ"}]},{"@type":"WebSite","@id":"https:\/\/hotel4youth.de\/#website","url":"https:\/\/hotel4youth.de\/","name":"Hotel - H+ Hotel4 Youth Berlin - Am Mauerpark - Berlin Mitte","description":"","potentialAction":[{"@type":"SearchAction","target":{"@type":"EntryPoint","urlTemplate":"https:\/\/hotel4youth.de\/?s={search_term_string}"},"query-input":{"@type":"PropertyValueSpecification","valueRequired":true,"valueName":"search_term_string"}}],"inLanguage":"pl-PL"}]}},"_links":{"self":[{"href":"https:\/\/hotel4youth.de\/pl\/wp-json\/wp\/v2\/pages\/2684","targetHints":{"allow":["GET"]}}],"collection":[{"href":"https:\/\/hotel4youth.de\/pl\/wp-json\/wp\/v2\/pages"}],"about":[{"href":"https:\/\/hotel4youth.de\/pl\/wp-json\/wp\/v2\/types\/page"}],"author":[{"embeddable":true,"href":"https:\/\/hotel4youth.de\/pl\/wp-json\/wp\/v2\/users\/1"}],"replies":[{"embeddable":true,"href":"https:\/\/hotel4youth.de\/pl\/wp-json\/wp\/v2\/comments?post=2684"}],"version-history":[{"count":3,"href":"https:\/\/hotel4youth.de\/pl\/wp-json\/wp\/v2\/pages\/2684\/revisions"}],"predecessor-version":[{"id":2687,"href":"https:\/\/hotel4youth.de\/pl\/wp-json\/wp\/v2\/pages\/2684\/revisions\/2687"}],"wp:attachment":[{"href":"https:\/\/hotel4youth.de\/pl\/wp-json\/wp\/v2\/media?parent=2684"}],"curies":[{"name":"wp","href":"https:\/\/api.w.org\/{rel}","templated":true}]}}