{"id":2822,"date":"2020-08-19T08:36:41","date_gmt":"2020-08-19T06:36:41","guid":{"rendered":"http:\/\/hotel-neu.123-insnetz.de\/hotel4famiglie"},"modified":"2025-03-13T04:22:30","modified_gmt":"2025-03-13T03:22:30","slug":"hotel4famiglie","status":"publish","type":"page","link":"https:\/\/hotel4youth.de\/it\/hotel4famiglie","title":{"rendered":"Hotel4famiglie"},"content":{"rendered":"<p>[et_pb_section fb_built=&#8221;1&#8243; custom_padding_last_edited=&#8221;on|phone&#8221; _builder_version=&#8221;4.13.0&#8243; background_enable_color=&#8221;off&#8221; background_image=&#8221;https:\/\/hotel4youth.de\/wp-content\/uploads\/2024\/04\/DSC_8814-scaled.jpg&#8221; custom_padding=&#8221;12rem||12rem||false|false&#8221; custom_padding_tablet=&#8221;10rem||10rem||false|false&#8221; custom_padding_phone=&#8221;8rem||8rem||false|false&#8221; global_colors_info=&#8221;{}&#8221;][\/et_pb_section][et_pb_section fb_built=&#8221;1&#8243; _builder_version=&#8221;4.4.2&#8243; custom_margin=&#8221;||2rem||false|false&#8221; custom_padding=&#8221;0px||0px||false|false&#8221; global_colors_info=&#8221;{}&#8221;][et_pb_row _builder_version=&#8221;4.4.2&#8243; custom_padding=&#8221;0px||0px||false|false&#8221; global_colors_info=&#8221;{}&#8221;][et_pb_column type=&#8221;4_4&#8243; _builder_version=&#8221;4.4.2&#8243; global_colors_info=&#8221;{}&#8221;][et_pb_code _builder_version=&#8221;4.13.0&#8243; text_orientation=&#8221;center&#8221; hover_enabled=&#8221;0&#8243; global_colors_info=&#8221;{}&#8221; transform_styles__hover_enabled=&#8221;on|hover&#8221; transform_scale__hover_enabled=&#8221;on|hover&#8221; transform_translate__hover_enabled=&#8221;on|desktop&#8221; transform_rotate__hover_enabled=&#8221;on|desktop&#8221; transform_skew__hover_enabled=&#8221;on|desktop&#8221; transform_origin__hover_enabled=&#8221;on|desktop&#8221; transform_scale__hover=&#8221;115%|115%&#8221; sticky_enabled=&#8221;0&#8243;]<a class=\"buchen-button-rund\" href=\"https:\/\/www.h-hotels.com\/it\/hplus\/hotels\/hplus-hotel-hvd-4youth-berlin\" target=\"_blank\" rel=\"noopener noreferrer\">Book now<\/a>[\/et_pb_code][\/et_pb_column][\/et_pb_row][\/et_pb_section][et_pb_section fb_built=&#8221;1&#8243; _builder_version=&#8221;4.4.2&#8243; custom_margin=&#8221;||||false|false&#8221; custom_margin_tablet=&#8221;-2rem||||false|false&#8221; custom_margin_phone=&#8221;&#8221; custom_margin_last_edited=&#8221;on|tablet&#8221; custom_padding=&#8221;0px||0px||false|false&#8221; global_colors_info=&#8221;{}&#8221;][et_pb_row _builder_version=&#8221;4.4.2&#8243; custom_padding=&#8221;||0px||false|false&#8221; global_colors_info=&#8221;{}&#8221;][et_pb_column type=&#8221;4_4&#8243; _builder_version=&#8221;4.4.2&#8243; global_colors_info=&#8221;{}&#8221;][et_pb_text _builder_version=&#8221;4.4.2&#8243; header_text_align=&#8221;center&#8221; header_line_height=&#8221;1.2em&#8221; custom_margin_tablet=&#8221;||0px||false|false&#8221; custom_margin_phone=&#8221;&#8221; custom_margin_last_edited=&#8221;on|tablet&#8221; header_font_size_tablet=&#8221;40px&#8221; header_font_size_phone=&#8221;28px&#8221; header_font_size_last_edited=&#8221;on|phone&#8221; global_colors_info=&#8221;{}&#8221;]<\/p>\n<h1>Hotel4famiglie<\/h1>\n<p>[\/et_pb_text][et_pb_divider color=&#8221;#615D56&#8243; divider_weight=&#8221;5px&#8221; _builder_version=&#8221;4.4.2&#8243; width=&#8221;100px&#8221; module_alignment=&#8221;center&#8221; custom_padding=&#8221;2rem||2rem||false|false&#8221; custom_padding_tablet=&#8221;1rem||1rem||false|false&#8221; custom_padding_phone=&#8221;&#8221; custom_padding_last_edited=&#8221;on|phone&#8221; global_colors_info=&#8221;{}&#8221;][\/et_pb_divider][\/et_pb_column][\/et_pb_row][\/et_pb_section][et_pb_section fb_built=&#8221;1&#8243; custom_padding_last_edited=&#8221;on|phone&#8221; _builder_version=&#8221;4.4.2&#8243; background_color=&#8221;rgba(97,93,86,0.1)&#8221; custom_padding=&#8221;2rem||8rem||false|false&#8221; custom_padding_tablet=&#8221;||2rem||false|false&#8221; custom_padding_phone=&#8221;1rem||1rem||false|false&#8221; global_colors_info=&#8221;{}&#8221;][et_pb_row column_structure=&#8221;2_3,1_3&#8243; use_custom_gutter=&#8221;on&#8221; gutter_width=&#8221;4&#8243; _builder_version=&#8221;4.4.2&#8243; custom_padding=&#8221;||0px||false|false&#8221; global_colors_info=&#8221;{}&#8221;][et_pb_column type=&#8221;2_3&#8243; _builder_version=&#8221;4.4.2&#8243; global_colors_info=&#8221;{}&#8221;][et_pb_text _builder_version=&#8221;4.4.2&#8243; header_2_text_color=&#8221;#76B72A&#8221; header_2_font_size=&#8221;28px&#8221; custom_margin=&#8221;||1rem||false|false&#8221; custom_padding=&#8221;||||false|false&#8221; header_2_font_size_tablet=&#8221;26px&#8221; header_2_font_size_phone=&#8221;22px&#8221; header_2_font_size_last_edited=&#8221;on|phone&#8221; global_colors_info=&#8221;{}&#8221;]<\/p>\n<h2>Vale sempre la pena visitare Berlino! Venite all\u00b4hotel4youth anche con i vostri bambini!<\/h2>\n<p>[\/et_pb_text][et_pb_text _builder_version=&#8221;4.4.2&#8243; text_font_size_tablet=&#8221;&#8221; text_font_size_phone=&#8221;14px&#8221; text_font_size_last_edited=&#8221;on|phone&#8221; global_colors_info=&#8221;{}&#8221;]<\/p>\n<p>Chi scopre Berlino fin da bambino, si sentir\u00e0 a suo agio quando torner\u00e0 in gita scolastica.<br \/>Il nostro hotel \u00e8 pronto ad accogliere le famiglie e il nostro personale vi aiuter\u00e0 a rendere la vostra permanenza in una grande citt\u00e0 piacevole e divertente anche per i vostri bambini.<br \/>Tariffe speciali per famiglie, e alcuni consigli per voi.<br \/>Con \u201cExtra4Kids\u201d godetevi la citt\u00e0 con la vostra famiglia.<\/p>\n<p>Per le famiglie pi\u00f9 numerose abbiamo le nostre camere familiari: due camere doppie comunicanti, ognuna con letti separati, bagno e doccia.<\/p>\n<p>Quando genitori e figli riescono a fare colazione in tranquillit\u00e0, la giornata inizia nel migliore dei modi. Non si pu\u00f2 desiderare di meglio!<\/p>\n<p>Avete richieste particolari?<br \/>Rivolgetevi alla reception e saremo lieti di proporvi un\u00b4offerta individuale per la vostra famiglia.<\/p>\n<p>[\/et_pb_text][et_pb_divider color=&#8221;#76B72A&#8221; divider_style=&#8221;dotted&#8221; divider_weight=&#8221;2px&#8221; _builder_version=&#8221;4.4.2&#8243; custom_margin=&#8221;4rem||1rem||false|false&#8221; custom_padding=&#8221;||||false|false&#8221; global_colors_info=&#8221;{}&#8221;][\/et_pb_divider][et_pb_text _builder_version=&#8221;4.4.2&#8243; header_2_text_color=&#8221;#76B72A&#8221; header_2_font_size=&#8221;28px&#8221; custom_margin=&#8221;||1rem||false|false&#8221; custom_padding=&#8221;||||false|false&#8221; header_2_font_size_tablet=&#8221;26px&#8221; header_2_font_size_phone=&#8221;22px&#8221; header_2_font_size_last_edited=&#8221;on|phone&#8221; locked=&#8221;off&#8221; global_colors_info=&#8221;{}&#8221;]Extra4Kids- alcuni consigli per poter scoprire Berlino insieme ai vostri bambini:[\/et_pb_text][et_pb_text _builder_version=&#8221;4.4.2&#8243; custom_margin=&#8221;||0px||false|false&#8221; custom_padding=&#8221;||||false|false&#8221; text_font_size_tablet=&#8221;&#8221; text_font_size_phone=&#8221;14px&#8221; text_font_size_last_edited=&#8221;on|phone&#8221; global_colors_info=&#8221;{}&#8221;]<\/p>\n<ul>\n<li>Domenica:<br \/>\n<a title=\"Jugendhof Moritzfarm\" href=\"https:\/\/www.jugendfarm-moritzhof.de\/\" target=\"_blank\" rel=\"noopener noreferrer\">Jugendhof Moritzfarm<\/a><br \/>\n<a title=\"Zoo Berlin\" href=\"Kiezkind\" target=\"_blank\" rel=\"noopener noreferrer\">Zoo Berlin<\/a><br \/>\n<a title=\"Mauerpark mit Spielpl\u00e4tze\" href=\"https:\/\/www.mauerpark.info\/mauerpark\/\" target=\"_blank\" rel=\"noopener noreferrer\">Mauerpark mit Spielpl\u00e4tze<\/a><\/li>\n<li>Per i giorni di pioggia:<br \/>\n<a title=\"MACHmit!-Museum f\u00fcr Kinder\" href=\"https:\/\/machmitmuseum.de\/\" target=\"_blank\" rel=\"noopener noreferrer\">MACHmit!-Museum f\u00fcr Kinder<\/a><br \/>\n<a title=\"Legoland Berlin\" href=\"https:\/\/www.legolanddiscoverycentre.de\/berlin\/\" target=\"_blank\" rel=\"noopener noreferrer\">Legoland Berlin<\/a><br \/>\n<a title=\"Schaubude Berlin\" href=\"https:\/\/www.schaubude.berlin\/\" target=\"_blank\" rel=\"noopener noreferrer\">Schaubude Berlin<\/a><br \/>\n<a title=\"Sealife Berlin\" href=\"https:\/\/www.visitsealife.com\/de\/berlin\/\" target=\"_blank\" rel=\"noopener noreferrer\">Sealife Berlin<\/a><\/li>\n<\/ul>\n<p>[\/et_pb_text][\/et_pb_column][et_pb_column type=&#8221;1_3&#8243; _builder_version=&#8221;4.4.2&#8243; global_colors_info=&#8221;{}&#8221;][et_pb_image src=&#8221;http:\/\/hotel-neu.123-insnetz.de\/wp-content\/uploads\/2020\/07\/h-hotel-symbol.png&#8221; align=&#8221;center&#8221; module_class=&#8221;icon-hotel-allgemein sidebar&#8221; _builder_version=&#8221;4.4.2&#8243; background_enable_color=&#8221;off&#8221; background_enable_image=&#8221;off&#8221; width=&#8221;60px&#8221; custom_margin=&#8221;||0px||false|false&#8221; custom_css_main_element=&#8221;z-index: 99999;&#8221; border_radii=&#8221;on|80px|80px|80px|80px&#8221; border_color_all=&#8221;rgba(0,0,0,0)&#8221; locked=&#8221;off&#8221; global_colors_info=&#8221;{}&#8221;][\/et_pb_image][et_pb_cta title=&#8221;Gallery&#8221; button_url=&#8221;https:\/\/hotel-neu.123-insnetz.de\/galerie&#8221; button_text=&#8221;More&#8221; module_class=&#8221;infokasten-sidebar&#8221; _builder_version=&#8221;4.4.2&#8243; header_level=&#8221;h5&#8243; header_font_size=&#8221;20px&#8221; background_color=&#8221;#76B72A&#8221; custom_button=&#8221;on&#8221; button_text_color=&#8221;#ffffff&#8221; button_bg_color=&#8221;rgba(0,0,0,0)&#8221; button_use_icon=&#8221;off&#8221; button_custom_padding=&#8221;1rem|1rem|1rem|1rem|true|true&#8221; custom_margin=&#8221;-30px||||false|false&#8221; custom_padding=&#8221;3rem|2rem|2rem|2rem|false|false&#8221; header_font_size_tablet=&#8221;18px&#8221; header_font_size_phone=&#8221;&#8221; header_font_size_last_edited=&#8221;on|phone&#8221; body_font_size_tablet=&#8221;&#8221; body_font_size_phone=&#8221;14px&#8221; body_font_size_last_edited=&#8221;on|phone&#8221; button_text_size_tablet=&#8221;&#8221; button_text_size_phone=&#8221;14px&#8221; button_text_size_last_edited=&#8221;on|phone&#8221; saved_tabs=&#8221;all&#8221; global_colors_info=&#8221;{}&#8221; button_text__hover_enabled=&#8221;on|desktop&#8221; button_bg_color__hover_enabled=&#8221;on|hover&#8221; button_bg_color__hover=&#8221;#ffffff&#8221; button_bg_enable_color__hover=&#8221;on&#8221; button_text_color__hover_enabled=&#8221;on|hover&#8221; button_text_color__hover=&#8221;#76B72A&#8221; button_border_color__hover_enabled=&#8221;on|hover&#8221; button_border_color__hover=&#8221;#ffffff&#8221; body_font_size__hover_enabled=&#8221;off|desktop&#8221; button_text__hover=&#8221;More&#8221;]<\/p>\n<p>Schauen Sie sich in unserer Galerie um.<\/p>\n<p>[\/et_pb_cta][et_pb_image src=&#8221;http:\/\/hotel-neu.123-insnetz.de\/wp-content\/uploads\/2020\/07\/h-hotel-symbol.png&#8221; align=&#8221;center&#8221; module_class=&#8221;icon-hotel-allgemein sidebar&#8221; _builder_version=&#8221;4.4.2&#8243; background_enable_color=&#8221;off&#8221; background_enable_image=&#8221;off&#8221; width=&#8221;60px&#8221; custom_margin=&#8221;||0px||false|false&#8221; custom_css_main_element=&#8221;z-index: 99999;&#8221; border_radii=&#8221;on|80px|80px|80px|80px&#8221; border_color_all=&#8221;rgba(0,0,0,0)&#8221; locked=&#8221;off&#8221; global_colors_info=&#8221;{}&#8221;][\/et_pb_image][et_pb_cta title=&#8221;Come ci trovate&#8221; button_text=&#8221;More&#8221; module_class=&#8221;infokasten-sidebar&#8221; _builder_version=&#8221;4.4.2&#8243; header_level=&#8221;h5&#8243; header_font_size=&#8221;20px&#8221; background_color=&#8221;#CF043F&#8221; custom_button=&#8221;on&#8221; button_text_color=&#8221;#ffffff&#8221; button_bg_color=&#8221;rgba(0,0,0,0)&#8221; button_use_icon=&#8221;off&#8221; button_custom_padding=&#8221;1rem|1rem|1rem|1rem|true|true&#8221; custom_margin=&#8221;-30px||||false|false&#8221; custom_padding=&#8221;3rem|2rem|2rem|2rem|false|false&#8221; header_font_size_tablet=&#8221;18px&#8221; header_font_size_phone=&#8221;&#8221; header_font_size_last_edited=&#8221;on|tablet&#8221; body_font_size_tablet=&#8221;&#8221; body_font_size_phone=&#8221;14px&#8221; body_font_size_last_edited=&#8221;on|phone&#8221; global_colors_info=&#8221;{}&#8221; button_text__hover_enabled=&#8221;on|desktop&#8221; button_bg_color__hover_enabled=&#8221;on|hover&#8221; button_bg_color__hover=&#8221;#ffffff&#8221; button_bg_enable_color__hover=&#8221;on&#8221; button_text_color__hover_enabled=&#8221;on|hover&#8221; button_text_color__hover=&#8221;#CF043F&#8221; button_border_color__hover_enabled=&#8221;on|hover&#8221; button_border_color__hover=&#8221;#ffffff&#8221; button_text__hover=&#8221;More&#8221;]Il &#8216;H+ Hotel4Youth am Mauerpark&#8217; si trova a 400 metri dalla stazione della metropolitana &#8216;Bernauer Stra\u00dfe&#8217; (linea U8) direttamente sul lato opposto della stazione dei tram &#8216;Wolliner Strasse&#8217; (linea M10). La stazione della metropolitana &#8216;Eberswalder Stra\u00dfe&#8217; (linea U2) dista 700 metri.[\/et_pb_cta][\/et_pb_column][\/et_pb_row][\/et_pb_section][et_pb_section fb_built=&#8221;1&#8243; _builder_version=&#8221;4.4.2&#8243; background_color=&#8221;rgba(97,93,86,0.1)&#8221; custom_margin=&#8221;||2rem||false|false&#8221; custom_padding=&#8221;0px||0px||false|false&#8221; border_width_bottom=&#8221;5px&#8221; border_color_bottom=&#8221;#615D56&#8243; global_colors_info=&#8221;{}&#8221;][et_pb_row custom_padding_last_edited=&#8221;on|phone&#8221; _builder_version=&#8221;4.4.2&#8243; background_image=&#8221;http:\/\/hotel-neu.123-insnetz.de\/wp-content\/uploads\/\/2020\/07\/berlin-silhouette.svg&#8221; background_size=&#8221;contain&#8221; background_position=&#8221;bottom_center&#8221; custom_padding=&#8221;5rem||5rem||false|false&#8221; custom_padding_tablet=&#8221;||1rem||false|false&#8221; custom_padding_phone=&#8221;5rem||||false|false&#8221; global_colors_info=&#8221;{}&#8221;][et_pb_column type=&#8221;4_4&#8243; _builder_version=&#8221;4.4.2&#8243; global_colors_info=&#8221;{}&#8221;][\/et_pb_column][\/et_pb_row][\/et_pb_section]<\/p>\n","protected":false},"excerpt":{"rendered":"<p>Hotel4famiglieVale sempre la pena visitare Berlino! Venite all\u00b4hotel4youth anche con i vostri bambini!Chi scopre Berlino fin da bambino, si sentir\u00e0 a suo agio quando torner\u00e0 in gita scolastica.Il nostro hotel \u00e8 pronto ad accogliere le famiglie e il nostro personale vi aiuter\u00e0 a rendere la vostra permanenza in una grande citt\u00e0 piacevole e divertente anche [&hellip;]<\/p>\n","protected":false},"author":1,"featured_media":0,"parent":0,"menu_order":0,"comment_status":"closed","ping_status":"closed","template":"","meta":{"_et_pb_use_builder":"on","_et_pb_old_content":"","_et_gb_content_width":"","footnotes":""},"class_list":["post-2822","page","type-page","status-publish","hentry"],"yoast_head":"<!-- This site is optimized with the Yoast SEO plugin v27.5 - https:\/\/yoast.com\/product\/yoast-seo-wordpress\/ -->\n<title>Hotel4famiglie - Hotel - H+ Hotel4 Youth Berlin - Am Mauerpark - Berlin Mitte<\/title>\n<meta name=\"robots\" content=\"index, follow, max-snippet:-1, max-image-preview:large, max-video-preview:-1\" \/>\n<link rel=\"canonical\" href=\"https:\/\/hotel4youth.de\/it\/hotel4famiglie\" \/>\n<meta property=\"og:locale\" content=\"it_IT\" \/>\n<meta property=\"og:type\" content=\"article\" \/>\n<meta property=\"og:title\" content=\"Hotel4famiglie - Hotel - H+ Hotel4 Youth Berlin - Am Mauerpark - Berlin Mitte\" \/>\n<meta property=\"og:description\" content=\"Hotel4famiglieVale sempre la pena visitare Berlino! Venite all\u00b4hotel4youth anche con i vostri bambini!Chi scopre Berlino fin da bambino, si sentir\u00e0 a suo agio quando torner\u00e0 in gita scolastica.Il nostro hotel \u00e8 pronto ad accogliere le famiglie e il nostro personale vi aiuter\u00e0 a rendere la vostra permanenza in una grande citt\u00e0 piacevole e divertente anche [&hellip;]\" \/>\n<meta property=\"og:url\" content=\"https:\/\/hotel4youth.de\/it\/hotel4famiglie\" \/>\n<meta property=\"og:site_name\" content=\"Hotel - H+ Hotel4 Youth Berlin - Am Mauerpark - Berlin Mitte\" \/>\n<meta property=\"article:modified_time\" content=\"2025-03-13T03:22:30+00:00\" \/>\n<meta name=\"twitter:card\" content=\"summary_large_image\" \/>\n<meta name=\"twitter:label1\" content=\"Tempo di lettura stimato\" \/>\n\t<meta name=\"twitter:data1\" content=\"7 minuti\" \/>\n<script type=\"application\/ld+json\" class=\"yoast-schema-graph\">{\"@context\":\"https:\\\/\\\/schema.org\",\"@graph\":[{\"@type\":\"WebPage\",\"@id\":\"https:\\\/\\\/hotel4youth.de\\\/it\\\/hotel4famiglie\",\"url\":\"https:\\\/\\\/hotel4youth.de\\\/it\\\/hotel4famiglie\",\"name\":\"Hotel4famiglie - Hotel - H+ Hotel4 Youth Berlin - Am Mauerpark - Berlin Mitte\",\"isPartOf\":{\"@id\":\"https:\\\/\\\/hotel4youth.de\\\/#website\"},\"datePublished\":\"2020-08-19T06:36:41+00:00\",\"dateModified\":\"2025-03-13T03:22:30+00:00\",\"breadcrumb\":{\"@id\":\"https:\\\/\\\/hotel4youth.de\\\/it\\\/hotel4famiglie#breadcrumb\"},\"inLanguage\":\"it-IT\",\"potentialAction\":[{\"@type\":\"ReadAction\",\"target\":[\"https:\\\/\\\/hotel4youth.de\\\/it\\\/hotel4famiglie\"]}]},{\"@type\":\"BreadcrumbList\",\"@id\":\"https:\\\/\\\/hotel4youth.de\\\/it\\\/hotel4famiglie#breadcrumb\",\"itemListElement\":[{\"@type\":\"ListItem\",\"position\":1,\"name\":\"Startseite\",\"item\":\"https:\\\/\\\/hotel4youth.de\\\/it\"},{\"@type\":\"ListItem\",\"position\":2,\"name\":\"Hotel4famiglie\"}]},{\"@type\":\"WebSite\",\"@id\":\"https:\\\/\\\/hotel4youth.de\\\/#website\",\"url\":\"https:\\\/\\\/hotel4youth.de\\\/\",\"name\":\"Hotel - H+ Hotel4 Youth Berlin - Am Mauerpark - Berlin Mitte\",\"description\":\"\",\"potentialAction\":[{\"@type\":\"SearchAction\",\"target\":{\"@type\":\"EntryPoint\",\"urlTemplate\":\"https:\\\/\\\/hotel4youth.de\\\/?s={search_term_string}\"},\"query-input\":{\"@type\":\"PropertyValueSpecification\",\"valueRequired\":true,\"valueName\":\"search_term_string\"}}],\"inLanguage\":\"it-IT\"}]}<\/script>\n<!-- \/ Yoast SEO plugin. -->","yoast_head_json":{"title":"Hotel4famiglie - Hotel - H+ Hotel4 Youth Berlin - Am Mauerpark - Berlin Mitte","robots":{"index":"index","follow":"follow","max-snippet":"max-snippet:-1","max-image-preview":"max-image-preview:large","max-video-preview":"max-video-preview:-1"},"canonical":"https:\/\/hotel4youth.de\/it\/hotel4famiglie","og_locale":"it_IT","og_type":"article","og_title":"Hotel4famiglie - Hotel - H+ Hotel4 Youth Berlin - Am Mauerpark - Berlin Mitte","og_description":"Hotel4famiglieVale sempre la pena visitare Berlino! Venite all\u00b4hotel4youth anche con i vostri bambini!Chi scopre Berlino fin da bambino, si sentir\u00e0 a suo agio quando torner\u00e0 in gita scolastica.Il nostro hotel \u00e8 pronto ad accogliere le famiglie e il nostro personale vi aiuter\u00e0 a rendere la vostra permanenza in una grande citt\u00e0 piacevole e divertente anche [&hellip;]","og_url":"https:\/\/hotel4youth.de\/it\/hotel4famiglie","og_site_name":"Hotel - H+ Hotel4 Youth Berlin - Am Mauerpark - Berlin Mitte","article_modified_time":"2025-03-13T03:22:30+00:00","twitter_card":"summary_large_image","twitter_misc":{"Tempo di lettura stimato":"7 minuti"},"schema":{"@context":"https:\/\/schema.org","@graph":[{"@type":"WebPage","@id":"https:\/\/hotel4youth.de\/it\/hotel4famiglie","url":"https:\/\/hotel4youth.de\/it\/hotel4famiglie","name":"Hotel4famiglie - Hotel - H+ Hotel4 Youth Berlin - Am Mauerpark - Berlin Mitte","isPartOf":{"@id":"https:\/\/hotel4youth.de\/#website"},"datePublished":"2020-08-19T06:36:41+00:00","dateModified":"2025-03-13T03:22:30+00:00","breadcrumb":{"@id":"https:\/\/hotel4youth.de\/it\/hotel4famiglie#breadcrumb"},"inLanguage":"it-IT","potentialAction":[{"@type":"ReadAction","target":["https:\/\/hotel4youth.de\/it\/hotel4famiglie"]}]},{"@type":"BreadcrumbList","@id":"https:\/\/hotel4youth.de\/it\/hotel4famiglie#breadcrumb","itemListElement":[{"@type":"ListItem","position":1,"name":"Startseite","item":"https:\/\/hotel4youth.de\/it"},{"@type":"ListItem","position":2,"name":"Hotel4famiglie"}]},{"@type":"WebSite","@id":"https:\/\/hotel4youth.de\/#website","url":"https:\/\/hotel4youth.de\/","name":"Hotel - H+ Hotel4 Youth Berlin - Am Mauerpark - Berlin Mitte","description":"","potentialAction":[{"@type":"SearchAction","target":{"@type":"EntryPoint","urlTemplate":"https:\/\/hotel4youth.de\/?s={search_term_string}"},"query-input":{"@type":"PropertyValueSpecification","valueRequired":true,"valueName":"search_term_string"}}],"inLanguage":"it-IT"}]}},"_links":{"self":[{"href":"https:\/\/hotel4youth.de\/it\/wp-json\/wp\/v2\/pages\/2822","targetHints":{"allow":["GET"]}}],"collection":[{"href":"https:\/\/hotel4youth.de\/it\/wp-json\/wp\/v2\/pages"}],"about":[{"href":"https:\/\/hotel4youth.de\/it\/wp-json\/wp\/v2\/types\/page"}],"author":[{"embeddable":true,"href":"https:\/\/hotel4youth.de\/it\/wp-json\/wp\/v2\/users\/1"}],"replies":[{"embeddable":true,"href":"https:\/\/hotel4youth.de\/it\/wp-json\/wp\/v2\/comments?post=2822"}],"version-history":[{"count":6,"href":"https:\/\/hotel4youth.de\/it\/wp-json\/wp\/v2\/pages\/2822\/revisions"}],"predecessor-version":[{"id":4244,"href":"https:\/\/hotel4youth.de\/it\/wp-json\/wp\/v2\/pages\/2822\/revisions\/4244"}],"wp:attachment":[{"href":"https:\/\/hotel4youth.de\/it\/wp-json\/wp\/v2\/media?parent=2822"}],"curies":[{"name":"wp","href":"https:\/\/api.w.org\/{rel}","templated":true}]}}