{"id":2680,"date":"2020-08-18T14:53:52","date_gmt":"2020-08-18T12:53:52","guid":{"rendered":"http:\/\/hotel-neu.123-insnetz.de\/faq"},"modified":"2020-08-18T14:53:53","modified_gmt":"2020-08-18T12:53:53","slug":"faq","status":"publish","type":"page","link":"https:\/\/hotel4youth.de\/it\/faq","title":{"rendered":"FAQ"},"content":{"rendered":"<p>[et_pb_section fb_built=&#8221;1&#8243; custom_padding_last_edited=&#8221;on|phone&#8221; _builder_version=&#8221;4.4.2&#8243; background_enable_color=&#8221;off&#8221; background_image=&#8221;http:\/\/hotel-neu.123-insnetz.de\/wp-content\/uploads\/2020\/08\/service-1.jpg&#8221; custom_padding=&#8221;12rem||12rem||false|false&#8221; custom_padding_tablet=&#8221;10rem||10rem||false|false&#8221; custom_padding_phone=&#8221;8rem||8rem||false|false&#8221;][\/et_pb_section][et_pb_section fb_built=&#8221;1&#8243; _builder_version=&#8221;4.4.2&#8243; custom_margin=&#8221;||2rem||false|false&#8221; custom_padding=&#8221;0px||0px||false|false&#8221;][et_pb_row _builder_version=&#8221;4.4.2&#8243; custom_padding=&#8221;0px||0px||false|false&#8221;][et_pb_column type=&#8221;4_4&#8243; _builder_version=&#8221;4.4.2&#8243;][et_pb_code _builder_version=&#8221;4.4.2&#8243; text_orientation=&#8221;center&#8221; transform_styles__hover_enabled=&#8221;on|hover&#8221; transform_scale__hover_enabled=&#8221;on|hover&#8221; transform_translate__hover_enabled=&#8221;on|desktop&#8221; transform_rotate__hover_enabled=&#8221;on|desktop&#8221; transform_skew__hover_enabled=&#8221;on|desktop&#8221; transform_origin__hover_enabled=&#8221;on|desktop&#8221; transform_scale__hover=&#8221;115%|115%&#8221;]<a class=\"buchen-button-rund\" href=\"https:\/\/www.thebookingbutton.co.uk\/properties\/4youthdirect\" target=\"_blank\" rel=\"noopener noreferrer\">Book now<\/a>[\/et_pb_code][\/et_pb_column][\/et_pb_row][\/et_pb_section][et_pb_section fb_built=&#8221;1&#8243; _builder_version=&#8221;4.4.2&#8243; custom_margin=&#8221;||||false|false&#8221; custom_margin_tablet=&#8221;-2rem||||false|false&#8221; custom_margin_phone=&#8221;&#8221; custom_margin_last_edited=&#8221;on|tablet&#8221; custom_padding=&#8221;0px||0px||false|false&#8221;][et_pb_row _builder_version=&#8221;4.4.2&#8243; custom_padding=&#8221;||0px||false|false&#8221;][et_pb_column type=&#8221;4_4&#8243; _builder_version=&#8221;4.4.2&#8243;][et_pb_text _builder_version=&#8221;4.4.2&#8243; header_text_align=&#8221;center&#8221; header_line_height=&#8221;1.2em&#8221; custom_margin_tablet=&#8221;||0px||false|false&#8221; custom_margin_phone=&#8221;&#8221; custom_margin_last_edited=&#8221;on|tablet&#8221; header_font_size_tablet=&#8221;40px&#8221; header_font_size_phone=&#8221;28px&#8221; header_font_size_last_edited=&#8221;on|phone&#8221;]<\/p>\n<h1>FAQ<\/h1>\n<p>[\/et_pb_text][et_pb_divider color=&#8221;#615D56&#8243; divider_weight=&#8221;5px&#8221; _builder_version=&#8221;4.4.2&#8243; width=&#8221;100px&#8221; module_alignment=&#8221;center&#8221; custom_padding=&#8221;2rem||2rem||false|false&#8221; custom_padding_tablet=&#8221;1rem||1rem||false|false&#8221; custom_padding_phone=&#8221;&#8221; custom_padding_last_edited=&#8221;on|phone&#8221;][\/et_pb_divider][\/et_pb_column][\/et_pb_row][\/et_pb_section][et_pb_section fb_built=&#8221;1&#8243; custom_padding_last_edited=&#8221;on|phone&#8221; _builder_version=&#8221;4.4.2&#8243; background_color=&#8221;rgba(97,93,86,0.1)&#8221; custom_padding=&#8221;2rem||8rem||false|false&#8221; custom_padding_tablet=&#8221;||2rem||false|false&#8221; custom_padding_phone=&#8221;1rem||1rem||false|false&#8221;][et_pb_row _builder_version=&#8221;4.4.2&#8243;][et_pb_column type=&#8221;4_4&#8243; _builder_version=&#8221;4.4.2&#8243;][et_pb_accordion _builder_version=&#8221;4.4.2&#8243; text_orientation=&#8221;left&#8221; hover_enabled=&#8221;0&#8243;][et_pb_accordion_item title=&#8221;Pagamento&#8221; open=&#8221;on&#8221; _builder_version=&#8221;4.4.2&#8243;]LA procedura di pagamento \u00e8 richiesta al momento dell&#8217;arrivo in Hotel4Youth. Si accettano tutte le carte debit idoneee (carta EC) e carte di credito (VISA, Mastercard, American Express).[\/et_pb_accordion_item][et_pb_accordion_item title=&#8221;Biancheria da letto&#8221; _builder_version=&#8221;4.4.2&#8243; open=&#8221;off&#8221;]LA Biancheria da letto e asciugamani sono naturalmente disponibili. Se avete intenzione di rimanere pi\u00f9 a lungo un cambio completo di biancheria da letto e del bagno viene effettuata ogni quattro giorni. Potrete cambiare i vostri asciugamani ma avr\u00e0 un costo aggiuntivo di 1 euro<br \/>\nPensiamo all&#8217;ambiente![\/et_pb_accordion_item][et_pb_accordion_item title=&#8221;Prima colazione&#8221; _builder_version=&#8221;4.4.2&#8243; open=&#8221;off&#8221;]Dal luned\u00ec al venerd\u00ec 06:30-10:30 e 07:30-11:00 nei fine settimana una ricca colazione a buffet e versatile vi aspetta.[\/et_pb_accordion_item][et_pb_accordion_item title=&#8221;Check-In &amp; Check-Out&#8221; _builder_version=&#8221;4.4.2&#8243; open=&#8221;off&#8221;]Le camere prenotate sono disponibili dalle 03:00 del giorno di arrivo. L&#8217;orario di partenza deve essere effettuata entro le ore 12 durante la settimana e entro le ore 12 nel fine settimana. \u00c8 possibile ingrandire il vostro check out fino alle 13:00 dal supplemento 0f 15,00 \u20ac.[\/et_pb_accordion_item][et_pb_accordion_item title=&#8221;City Tax Berlin f\u00fchrt \u00dcbernachtungssteuer ein&#8221; _builder_version=&#8221;4.4.2&#8243; open=&#8221;off&#8221;]<\/p>\n<p>Wir m\u00f6chten Sie liebe G\u00e4ste informieren warum wir unsere Preise zum 01.01.2014 \u00e4ndern m\u00fcssen.<\/p>\n<p>Das Land Berlin wird ab dem 1. Januar 2014 eine Steuer auf private \u00dcbernachtungen in H\u00f6he von 5% des \u00dcbernachtungspreises erheben. Damit kommt Berlin auch seiner Verpflichtung aus der Sanierungsvereinbarung mit dem Stabilit\u00e4tsrat nach. Das Land hatte sich darin verpflichtet, die Einnahmenseite des Landeshaushalts zu st\u00e4rken.<\/p>\n<p>Senator Dr. Nu\u00dfbaum: \u201eBerlin zieht jedes Jahr Millionen von Touristen aus aller Welt an, mit stark steigender Tendenz. Mit der \u00dcbernachtungsteuer wollen wir erreichen, dass auch Touristen einen kleinen Beitrag dazu leisten, dass Berlin attraktiv bleibt und noch attraktiver wird. Davon profitieren sowohl die Berlinerinnen und Berliner als auch die Besucher dieser Stadt.\u201c (Info+quelle: <a href=\"https:\/\/www.berlin.de\/sen\/finanzen\/steuern\/nachrichten\/artikel.6163.php\" target=\"_blank\" rel=\"noopener noreferrer\">www.berlin.de\/sen\/finanzen\/steuern\/nachrichten\/artikel.6163.php<\/a>)<\/p>\n<p>[\/et_pb_accordion_item][et_pb_accordion_item title=&#8221;Sconto&#8221; _builder_version=&#8221;4.4.2&#8243; hover_enabled=&#8221;0&#8243; open=&#8221;off&#8221;]Hotel4Youth offre sconti per i gruppi su richiesta e condizioni speciali per i clienti abituali o viaggiatori che hanno in programma un soggiorno a lungo termine. Non esitate a chiedere al nostro staff le condizioni speciali.<br \/>\n[\/et_pb_accordion_item][et_pb_accordion_item title=&#8221;Save \/ Armadietto&#8221; _builder_version=&#8221;4.4.2&#8243; hover_enabled=&#8221;0&#8243; open=&#8221;off&#8221;]Ogni camera \u00e8 dotata di un armadietto. La chiave dell&#8217;armadietto \u00e8 disponibile presso la reception per 0,50 e al giorno.<br \/>\n[\/et_pb_accordion_item][et_pb_accordion_item title=&#8221;Deposito bagagli&#8221; _builder_version=&#8221;4.4.2&#8243; open=&#8221;off&#8221;]\u00c8 possibile lasciare i bagagli nel nostro deposito bagagli se avete intenzione di lasciare l&#8217;hotel dopo il check out o in caso di arrivo prima del 3 pm deposito bagagli \u00e8 gratuito.[\/et_pb_accordion_item][et_pb_accordion_item title=&#8221;Parcheggio&#8221; _builder_version=&#8221;4.4.2&#8243; hover_enabled=&#8221;0&#8243; open=&#8221;off&#8221;]<\/p>\n<ul>\n<li>parcheggio sotterraneo su richiesta (25,00 \u20ac al giorno)<\/li>\n<li>parcheggio gratuito nelle vicinanze<\/li>\n<\/ul>\n<p>[\/et_pb_accordion_item][\/et_pb_accordion][\/et_pb_column][\/et_pb_row][\/et_pb_section][et_pb_section fb_built=&#8221;1&#8243; _builder_version=&#8221;4.4.2&#8243; background_color=&#8221;rgba(97,93,86,0.1)&#8221; custom_margin=&#8221;||2rem||false|false&#8221; custom_padding=&#8221;0px||0px||false|false&#8221; border_width_bottom=&#8221;5px&#8221; border_color_bottom=&#8221;#615D56&#8243;][et_pb_row custom_padding_last_edited=&#8221;on|phone&#8221; _builder_version=&#8221;4.4.2&#8243; background_image=&#8221;http:\/\/hotel-neu.123-insnetz.de\/wp-content\/uploads\/\/2020\/07\/berlin-silhouette.svg&#8221; background_size=&#8221;contain&#8221; background_position=&#8221;bottom_center&#8221; custom_padding=&#8221;5rem||5rem||false|false&#8221; custom_padding_tablet=&#8221;||1rem||false|false&#8221; custom_padding_phone=&#8221;5rem||||false|false&#8221;][et_pb_column type=&#8221;4_4&#8243; _builder_version=&#8221;4.4.2&#8243;][\/et_pb_column][\/et_pb_row][\/et_pb_section]<\/p>\n","protected":false},"excerpt":{"rendered":"<p>FAQLA procedura di pagamento \u00e8 richiesta al momento dell&#8217;arrivo in Hotel4Youth. Si accettano tutte le carte debit idoneee (carta EC) e carte di credito (VISA, Mastercard, American Express).LA Biancheria da letto e asciugamani sono naturalmente disponibili. Se avete intenzione di rimanere pi\u00f9 a lungo un cambio completo di biancheria da letto e del bagno viene [&hellip;]<\/p>\n","protected":false},"author":1,"featured_media":0,"parent":0,"menu_order":0,"comment_status":"closed","ping_status":"closed","template":"","meta":{"_et_pb_use_builder":"on","_et_pb_old_content":"","_et_gb_content_width":"","footnotes":""},"class_list":["post-2680","page","type-page","status-publish","hentry"],"yoast_head":"<!-- This site is optimized with the Yoast SEO plugin v26.9 - https:\/\/yoast.com\/product\/yoast-seo-wordpress\/ -->\n<title>FAQ - Hotel - H+ Hotel4 Youth Berlin - Am Mauerpark - Berlin Mitte<\/title>\n<meta name=\"robots\" content=\"index, follow, max-snippet:-1, max-image-preview:large, max-video-preview:-1\" \/>\n<link rel=\"canonical\" href=\"https:\/\/hotel4youth.de\/it\/faq\" \/>\n<meta property=\"og:locale\" content=\"it_IT\" \/>\n<meta property=\"og:type\" content=\"article\" \/>\n<meta property=\"og:title\" content=\"FAQ - Hotel - H+ Hotel4 Youth Berlin - Am Mauerpark - Berlin Mitte\" \/>\n<meta property=\"og:description\" content=\"FAQLA procedura di pagamento \u00e8 richiesta al momento dell&#039;arrivo in Hotel4Youth. Si accettano tutte le carte debit idoneee (carta EC) e carte di credito (VISA, Mastercard, American Express).LA Biancheria da letto e asciugamani sono naturalmente disponibili. Se avete intenzione di rimanere pi\u00f9 a lungo un cambio completo di biancheria da letto e del bagno viene [&hellip;]\" \/>\n<meta property=\"og:url\" content=\"https:\/\/hotel4youth.de\/it\/faq\" \/>\n<meta property=\"og:site_name\" content=\"Hotel - H+ Hotel4 Youth Berlin - Am Mauerpark - Berlin Mitte\" \/>\n<meta property=\"article:modified_time\" content=\"2020-08-18T12:53:53+00:00\" \/>\n<meta name=\"twitter:card\" content=\"summary_large_image\" \/>\n<meta name=\"twitter:label1\" content=\"Tempo di lettura stimato\" \/>\n\t<meta name=\"twitter:data1\" content=\"5 minuti\" \/>\n<script type=\"application\/ld+json\" class=\"yoast-schema-graph\">{\"@context\":\"https:\/\/schema.org\",\"@graph\":[{\"@type\":\"WebPage\",\"@id\":\"https:\/\/hotel4youth.de\/it\/faq\",\"url\":\"https:\/\/hotel4youth.de\/it\/faq\",\"name\":\"FAQ - Hotel - H+ Hotel4 Youth Berlin - Am Mauerpark - Berlin Mitte\",\"isPartOf\":{\"@id\":\"https:\/\/hotel4youth.de\/#website\"},\"datePublished\":\"2020-08-18T12:53:52+00:00\",\"dateModified\":\"2020-08-18T12:53:53+00:00\",\"breadcrumb\":{\"@id\":\"https:\/\/hotel4youth.de\/it\/faq#breadcrumb\"},\"inLanguage\":\"it-IT\",\"potentialAction\":[{\"@type\":\"ReadAction\",\"target\":[\"https:\/\/hotel4youth.de\/it\/faq\"]}]},{\"@type\":\"BreadcrumbList\",\"@id\":\"https:\/\/hotel4youth.de\/it\/faq#breadcrumb\",\"itemListElement\":[{\"@type\":\"ListItem\",\"position\":1,\"name\":\"Startseite\",\"item\":\"https:\/\/hotel4youth.de\/it\"},{\"@type\":\"ListItem\",\"position\":2,\"name\":\"FAQ\"}]},{\"@type\":\"WebSite\",\"@id\":\"https:\/\/hotel4youth.de\/#website\",\"url\":\"https:\/\/hotel4youth.de\/\",\"name\":\"Hotel - H+ Hotel4 Youth Berlin - Am Mauerpark - Berlin Mitte\",\"description\":\"\",\"potentialAction\":[{\"@type\":\"SearchAction\",\"target\":{\"@type\":\"EntryPoint\",\"urlTemplate\":\"https:\/\/hotel4youth.de\/?s={search_term_string}\"},\"query-input\":{\"@type\":\"PropertyValueSpecification\",\"valueRequired\":true,\"valueName\":\"search_term_string\"}}],\"inLanguage\":\"it-IT\"}]}<\/script>\n<!-- \/ Yoast SEO plugin. -->","yoast_head_json":{"title":"FAQ - Hotel - H+ Hotel4 Youth Berlin - Am Mauerpark - Berlin Mitte","robots":{"index":"index","follow":"follow","max-snippet":"max-snippet:-1","max-image-preview":"max-image-preview:large","max-video-preview":"max-video-preview:-1"},"canonical":"https:\/\/hotel4youth.de\/it\/faq","og_locale":"it_IT","og_type":"article","og_title":"FAQ - Hotel - H+ Hotel4 Youth Berlin - Am Mauerpark - Berlin Mitte","og_description":"FAQLA procedura di pagamento \u00e8 richiesta al momento dell'arrivo in Hotel4Youth. Si accettano tutte le carte debit idoneee (carta EC) e carte di credito (VISA, Mastercard, American Express).LA Biancheria da letto e asciugamani sono naturalmente disponibili. Se avete intenzione di rimanere pi\u00f9 a lungo un cambio completo di biancheria da letto e del bagno viene [&hellip;]","og_url":"https:\/\/hotel4youth.de\/it\/faq","og_site_name":"Hotel - H+ Hotel4 Youth Berlin - Am Mauerpark - Berlin Mitte","article_modified_time":"2020-08-18T12:53:53+00:00","twitter_card":"summary_large_image","twitter_misc":{"Tempo di lettura stimato":"5 minuti"},"schema":{"@context":"https:\/\/schema.org","@graph":[{"@type":"WebPage","@id":"https:\/\/hotel4youth.de\/it\/faq","url":"https:\/\/hotel4youth.de\/it\/faq","name":"FAQ - Hotel - H+ Hotel4 Youth Berlin - Am Mauerpark - Berlin Mitte","isPartOf":{"@id":"https:\/\/hotel4youth.de\/#website"},"datePublished":"2020-08-18T12:53:52+00:00","dateModified":"2020-08-18T12:53:53+00:00","breadcrumb":{"@id":"https:\/\/hotel4youth.de\/it\/faq#breadcrumb"},"inLanguage":"it-IT","potentialAction":[{"@type":"ReadAction","target":["https:\/\/hotel4youth.de\/it\/faq"]}]},{"@type":"BreadcrumbList","@id":"https:\/\/hotel4youth.de\/it\/faq#breadcrumb","itemListElement":[{"@type":"ListItem","position":1,"name":"Startseite","item":"https:\/\/hotel4youth.de\/it"},{"@type":"ListItem","position":2,"name":"FAQ"}]},{"@type":"WebSite","@id":"https:\/\/hotel4youth.de\/#website","url":"https:\/\/hotel4youth.de\/","name":"Hotel - H+ Hotel4 Youth Berlin - Am Mauerpark - Berlin Mitte","description":"","potentialAction":[{"@type":"SearchAction","target":{"@type":"EntryPoint","urlTemplate":"https:\/\/hotel4youth.de\/?s={search_term_string}"},"query-input":{"@type":"PropertyValueSpecification","valueRequired":true,"valueName":"search_term_string"}}],"inLanguage":"it-IT"}]}},"_links":{"self":[{"href":"https:\/\/hotel4youth.de\/it\/wp-json\/wp\/v2\/pages\/2680","targetHints":{"allow":["GET"]}}],"collection":[{"href":"https:\/\/hotel4youth.de\/it\/wp-json\/wp\/v2\/pages"}],"about":[{"href":"https:\/\/hotel4youth.de\/it\/wp-json\/wp\/v2\/types\/page"}],"author":[{"embeddable":true,"href":"https:\/\/hotel4youth.de\/it\/wp-json\/wp\/v2\/users\/1"}],"replies":[{"embeddable":true,"href":"https:\/\/hotel4youth.de\/it\/wp-json\/wp\/v2\/comments?post=2680"}],"version-history":[{"count":3,"href":"https:\/\/hotel4youth.de\/it\/wp-json\/wp\/v2\/pages\/2680\/revisions"}],"predecessor-version":[{"id":2683,"href":"https:\/\/hotel4youth.de\/it\/wp-json\/wp\/v2\/pages\/2680\/revisions\/2683"}],"wp:attachment":[{"href":"https:\/\/hotel4youth.de\/it\/wp-json\/wp\/v2\/media?parent=2680"}],"curies":[{"name":"wp","href":"https:\/\/api.w.org\/{rel}","templated":true}]}}