{"id":2656,"date":"2020-08-17T16:47:59","date_gmt":"2020-08-17T14:47:59","guid":{"rendered":"http:\/\/hotel-neu.123-insnetz.de\/imprint"},"modified":"2020-08-17T16:48:00","modified_gmt":"2020-08-17T14:48:00","slug":"imprint","status":"publish","type":"page","link":"https:\/\/hotel4youth.de\/it\/imprint","title":{"rendered":"Imprint"},"content":{"rendered":"<p>[et_pb_section fb_built=&#8221;1&#8243; custom_padding_last_edited=&#8221;on|phone&#8221; _builder_version=&#8221;4.4.2&#8243; background_enable_color=&#8221;off&#8221; background_image=&#8221;http:\/\/hotel-neu.123-insnetz.de\/wp-content\/uploads\/2020\/08\/service-1.jpg&#8221; custom_padding=&#8221;12rem||12rem||false|false&#8221; custom_padding_tablet=&#8221;10rem||10rem||false|false&#8221; custom_padding_phone=&#8221;8rem||8rem||false|false&#8221;][\/et_pb_section][et_pb_section fb_built=&#8221;1&#8243; _builder_version=&#8221;4.4.2&#8243; custom_margin=&#8221;||2rem||false|false&#8221; custom_padding=&#8221;0px||0px||false|false&#8221;][et_pb_row _builder_version=&#8221;4.4.2&#8243; custom_padding=&#8221;0px||0px||false|false&#8221;][et_pb_column type=&#8221;4_4&#8243; _builder_version=&#8221;4.4.2&#8243;][et_pb_code _builder_version=&#8221;4.4.2&#8243; text_orientation=&#8221;center&#8221; transform_styles__hover_enabled=&#8221;on|hover&#8221; transform_scale__hover_enabled=&#8221;on|hover&#8221; transform_translate__hover_enabled=&#8221;on|desktop&#8221; transform_rotate__hover_enabled=&#8221;on|desktop&#8221; transform_skew__hover_enabled=&#8221;on|desktop&#8221; transform_origin__hover_enabled=&#8221;on|desktop&#8221; transform_scale__hover=&#8221;115%|115%&#8221;]<a class=\"buchen-button-rund\" href=\"https:\/\/www.thebookingbutton.co.uk\/properties\/4youthdirect\" target=\"_blank\" rel=\"noopener noreferrer\">Book now<\/a>[\/et_pb_code][\/et_pb_column][\/et_pb_row][\/et_pb_section][et_pb_section fb_built=&#8221;1&#8243; _builder_version=&#8221;4.4.2&#8243; custom_margin=&#8221;||||false|false&#8221; custom_margin_tablet=&#8221;-2rem||||false|false&#8221; custom_margin_phone=&#8221;&#8221; custom_margin_last_edited=&#8221;on|tablet&#8221; custom_padding=&#8221;0px||0px||false|false&#8221;][et_pb_row _builder_version=&#8221;4.4.2&#8243; custom_padding=&#8221;||0px||false|false&#8221;][et_pb_column type=&#8221;4_4&#8243; _builder_version=&#8221;4.4.2&#8243;][et_pb_text _builder_version=&#8221;4.4.2&#8243; header_text_align=&#8221;center&#8221; header_line_height=&#8221;1.2em&#8221; custom_margin_tablet=&#8221;||0px||false|false&#8221; custom_margin_phone=&#8221;&#8221; custom_margin_last_edited=&#8221;on|tablet&#8221; header_font_size_tablet=&#8221;40px&#8221; header_font_size_phone=&#8221;28px&#8221; header_font_size_last_edited=&#8221;on|phone&#8221;]<\/p>\n<h1>Imprint<\/h1>\n<p>[\/et_pb_text][et_pb_divider color=&#8221;#615D56&#8243; divider_weight=&#8221;5px&#8221; _builder_version=&#8221;4.4.2&#8243; width=&#8221;100px&#8221; module_alignment=&#8221;center&#8221; custom_padding=&#8221;2rem||2rem||false|false&#8221; custom_padding_tablet=&#8221;1rem||1rem||false|false&#8221; custom_padding_phone=&#8221;&#8221; custom_padding_last_edited=&#8221;on|phone&#8221;][\/et_pb_divider][\/et_pb_column][\/et_pb_row][\/et_pb_section][et_pb_section fb_built=&#8221;1&#8243; custom_padding_last_edited=&#8221;on|phone&#8221; _builder_version=&#8221;4.4.2&#8243; background_color=&#8221;rgba(97,93,86,0.1)&#8221; custom_padding=&#8221;2rem||8rem||false|false&#8221; custom_padding_tablet=&#8221;||2rem||false|false&#8221; custom_padding_phone=&#8221;1rem||1rem||false|false&#8221;][et_pb_row column_structure=&#8221;2_3,1_3&#8243; use_custom_gutter=&#8221;on&#8221; gutter_width=&#8221;4&#8243; _builder_version=&#8221;4.4.2&#8243; custom_padding=&#8221;||0px||false|false&#8221; hover_enabled=&#8221;0&#8243;][et_pb_column type=&#8221;2_3&#8243; _builder_version=&#8221;4.4.2&#8243;][et_pb_text _builder_version=&#8221;4.4.2&#8243; header_2_text_color=&#8221;#76B72A&#8221; header_2_font_size=&#8221;28px&#8221; custom_margin=&#8221;||1rem||false|false&#8221; custom_padding=&#8221;||||false|false&#8221; header_2_font_size_tablet=&#8221;26px&#8221; header_2_font_size_phone=&#8221;22px&#8221; header_2_font_size_last_edited=&#8221;on|phone&#8221;]<\/p>\n<h2>Verwaltung und Postanschrift<\/h2>\n<p>[\/et_pb_text][et_pb_text _builder_version=&#8221;4.4.2&#8243; hover_enabled=&#8221;0&#8243; text_font_size_tablet=&#8221;&#8221; text_font_size_phone=&#8221;14px&#8221; text_font_size_last_edited=&#8221;on|phone&#8221;]<\/p>\n<p>Hotel4Youth GmbH<br \/> Bernauer Str. 45<br \/> 10435 Berlin<\/p>\n<p><strong>Kontakt:<\/strong><br \/> Telefon: +49 (0) 30 &#8211; 451 98 88 0<br \/> Telefax: +49 (0) 30 &#8211; 451 98 88 9<br \/> E-Mail: <a href=\"mailto:berlin.hplus@h-hotels.com\">berlin.hplus@h-hotels.com<\/a><\/p>\n<p>Gesch\u00e4ftsf\u00fchrerin: Malgorzata Krei\u00df<\/p>\n<p>Handelsregister: Amtsgericht Charlottenburg, Berlin HR B 84959<br \/> USt-IdNr. DE 221759758<\/p>\n<p>Allgemeine Gesch\u00e4ftsbedingungen<br \/><a href=\"http:\/\/hotel-neu.123-insnetz.de\/wp-content\/uploads\/2020\/08\/AGB_2017.pdf\" target=\"_blank\" rel=\"noopener noreferrer\" style=\"font-size: 16px;\">Unsere AGB zum Download<\/a><\/p>\n<p>[\/et_pb_text][et_pb_divider color=&#8221;#76B72A&#8221; divider_style=&#8221;dotted&#8221; divider_weight=&#8221;2px&#8221; _builder_version=&#8221;4.4.2&#8243; custom_margin=&#8221;4rem||1rem||false|false&#8221; custom_padding=&#8221;||||false|false&#8221;][\/et_pb_divider][\/et_pb_column][et_pb_column type=&#8221;1_3&#8243; _builder_version=&#8221;4.4.2&#8243;][et_pb_image src=&#8221;http:\/\/hotel-neu.123-insnetz.de\/wp-content\/uploads\/2020\/07\/h-hotel-symbol.png&#8221; align=&#8221;center&#8221; module_class=&#8221;icon-hotel-allgemein sidebar&#8221; _builder_version=&#8221;4.4.2&#8243; background_enable_color=&#8221;off&#8221; background_enable_image=&#8221;off&#8221; width=&#8221;60px&#8221; custom_margin=&#8221;||0px||false|false&#8221; custom_css_main_element=&#8221;z-index: 99999;&#8221; border_radii=&#8221;on|80px|80px|80px|80px&#8221; border_color_all=&#8221;rgba(0,0,0,0)&#8221; locked=&#8221;off&#8221;][\/et_pb_image][et_pb_cta title=&#8221;Gallery&#8221; button_url=&#8221;#&#8221; button_text=&#8221;More&#8221; module_class=&#8221;infokasten-sidebar&#8221; _builder_version=&#8221;4.4.2&#8243; header_level=&#8221;h5&#8243; header_font_size=&#8221;20px&#8221; background_color=&#8221;#76B72A&#8221; custom_button=&#8221;on&#8221; button_text_color=&#8221;#ffffff&#8221; button_bg_color=&#8221;rgba(0,0,0,0)&#8221; button_use_icon=&#8221;off&#8221; button_custom_padding=&#8221;1rem|1rem|1rem|1rem|true|true&#8221; custom_margin=&#8221;-30px||||false|false&#8221; custom_padding=&#8221;3rem|2rem|2rem|2rem|false|false&#8221; header_font_size_tablet=&#8221;18px&#8221; header_font_size_phone=&#8221;&#8221; header_font_size_last_edited=&#8221;on|phone&#8221; body_font_size_tablet=&#8221;&#8221; body_font_size_phone=&#8221;14px&#8221; body_font_size_last_edited=&#8221;on|phone&#8221; button_text_size_tablet=&#8221;&#8221; button_text_size_phone=&#8221;14px&#8221; button_text_size_last_edited=&#8221;on|phone&#8221; button_text__hover_enabled=&#8221;on|desktop&#8221; button_bg_color__hover_enabled=&#8221;on|hover&#8221; button_bg_color__hover=&#8221;#ffffff&#8221; button_bg_enable_color__hover=&#8221;on&#8221; button_text_color__hover_enabled=&#8221;on|hover&#8221; button_text_color__hover=&#8221;#76B72A&#8221; button_border_color__hover_enabled=&#8221;on|hover&#8221; button_border_color__hover=&#8221;#ffffff&#8221; body_font_size__hover_enabled=&#8221;off|desktop&#8221;]Have a look in our galleriy.[\/et_pb_cta][\/et_pb_column][\/et_pb_row][et_pb_row _builder_version=&#8221;4.4.2&#8243; hover_enabled=&#8221;0&#8243; column_structure=&#8221;2_3,1_3&#8243;][et_pb_column type=&#8221;2_3&#8243; _builder_version=&#8221;4.4.2&#8243;][et_pb_text _builder_version=&#8221;4.4.2&#8243; hover_enabled=&#8221;0&#8243; text_font_size_tablet=&#8221;&#8221; text_font_size_phone=&#8221;14px&#8221; text_font_size_last_edited=&#8221;on|phone&#8221;]<\/p>\n<p><strong>Verantwortlich im Sinne des Presserechts<\/p>\n<p><\/strong>Hotel4Youth GmbH, Berlin<\/p>\n<p>Alle Rechte vorbehalten. Die verwendeten Bilder, Texte und Animationsdateien unterliegen dem Urheberrecht und anderen Gesetzen zum Schutz des geistigen Eigentums. Die Weitergabe, Ver\u00e4nderung, gewerbliche Nutzung oder Verwendung auf anderen Websites ist untersagt.<\/p>\n<p><em>(c) 2016 Hotel4Youth GmbH<\/em><\/p>\n<p><strong>Haftung<\/p>\n<p> <\/strong>Die Internetpr\u00e4senz der Hotel4Youth GmbH beinhaltet Links zu fremden Angeboten. Die Hotel4Youth GmbH macht sich diese fremden Seiteninhalte nicht zu Eigen. Es hat keinen Einfluss auf die fremden Seiteninhalte, \u00fcbernimmt daf\u00fcr keinerlei Verantwortung und distanziert sich ausdr\u00fccklich davon. Sollten durch diese fremden Inhalte Rechte oder gesetzliche Vorschriften verletzt werden, wird die Hotel4Youth GmbH den Link unverz\u00fcglich beseitigen, sobald ihm die Rechts- oder Gesetzesverletzung angezeigt wurde.<\/p>\n<p><strong>Google Analytics<\/p>\n<p> <\/strong>Diese Webseite benutzt Google Analytics, einen Webanalysedienst der Google Inc. und zus\u00e4tzliche Trackingdienste weiterer Trackingdienstleister.<\/p>\n<p>Google Analytics verwendet sog. Cookies, Textdateien, die auf Ihrem Computer gespeichert werden. Diese Textdateien erm\u00f6glichen eine Analyse der Verwendung dieser Seite.<\/p>\n<p>Die in dem Cookie erzeugten und gespeicherten Informationen \u00fcber Ihre Nutzung dieser Seite (einschlie\u00dflich Ihrer IP-Adresse) werden an einen Server von Google (USA) \u00fcbertragen und dort gespeichert.<\/p>\n<p>Google verwendet diese Informationen, um die Nutzung dieser Seite auszuwerten und um Statistiken \u00fcber die Seitenaktivit\u00e4ten f\u00fcr den Seitenbetreiber zusammen zustellen bzw. um weitere mit der Nutzung der Webseite und der Nutzung des Internets verbundene Dienstleistungen zu erbringen.<\/p>\n<p>Google wird diese Informationen m\u00f6glicherweise an Dritte \u00fcbertragen, sofern dies gesetzlich vorge-schrieben ist oder soweit Dritte diese Daten im Auftrag von Google verarbeiten.<\/p>\n<p>Google wird in keinem Fall Ihre IP-Adresse mit anderen Daten von Google in Verbindung bringen.<\/p>\n<p>Sie k\u00f6nnen die Installation der Cookies durch eine entsprechende Einstellung in Ihrer Browser Software verhindern.<\/p>\n<p>Durch die Nutzung dieser Seite erkl\u00e4ren Sie sich mit der Bearbeitung der \u00fcber Ihre IP-Adresse erhobenen Daten durch Google in der zuvor beschriebenen Art und Weise und zu dem zuvor benannten Zweck einverstanden.<\/p>\n<p><strong>Verwendung von Facebook Social Plugins<\/strong><\/p>\n<p>Unser Internetauftritt verwendet Social Plugins (&#8220;Plugins&#8221;) des sozialen Netzwerkes facebook.com, welches von der Facebook Inc., 1601 S. California Ave, Palo Alto, CA 94304, USA betrieben wird (&#8220;Facebook&#8221;). Die Plugins sind an einem der Facebook Logos erkennbar oder sind mit dem Zusatz Facebook Social Plugin gekennzeichnet. Die Liste und das Aussehen der Facebook Social Plugins kann hier eingesehen werden: <a href=\"https:\/\/developers.facebook.com\/plugins\" target=\"_blank\" rel=\"noopener noreferrer\">https:\/\/developers.facebook.com\/plugins<\/a>.<\/p>\n<p>Wenn Sie eine Webseite unseres Internetauftritts aufrufen, die ein solches Plugin enth\u00e4lt, baut Ihr Browser eine direkte Verbindung mit den Servern von Facebook auf. Der Inhalt des Plugins wird von Facebook direkt an Ihren Browser \u00fcbermittelt und von diesem in die Webseite eingebunden. Wir haben daher keinen Einfluss auf den Umfang der Daten, die Facebook mit Hilfe dieses Plugins erhebt und informieren Sie daher entsprechend unserem Kenntnisstand:<\/p>\n<p>Durch die Einbindung der Plugins erh\u00e4lt Facebook die Information, dass Sie die entsprechende Seite unseres Internetauftritts aufgerufen haben. Sind Sie bei Facebook eingeloggt, kann Facebook den Besuch Ihrem Facebook-Konto zuordnen. Wenn Sie mit den Plugins interagieren, zum Beispiel den Like Button bet\u00e4tigen oder einen Kommentar abgeben, wird die entsprechende Information von Ihrem Browser direkt an Facebook \u00fcbermittelt und dort gespeichert. Falls Sie kein Mitglied von Facebook sind, besteht trotzdem die M\u00f6glichkeit, dass Facebook Ihre IP-Adresse in Erfahrung bringt und speichert.<\/p>\n<p>Zweck und Umfang der Datenerhebung und die weitere Verarbeitung und Nutzung der Daten durch Facebook sowie Ihre diesbez\u00fcglichen Rechte und Einstellungsm\u00f6glichkeiten zum Schutz Ihrer Privatssph\u00e4re entnehmen Sie bitte den Datenschutzhinweisen von Facebook: http:\/\/www.facebook.com\/policy.php.<br \/> Wenn Sie Facebookmitglied sind und nicht m\u00f6chten, dass Facebook \u00fcber unseren Internetauftritt Daten \u00fcber Sie sammelt und mit Ihren bei Facebook gespeicherten Mitgliedsdaten verkn\u00fcpft, m\u00fcssen Sie sich vor Ihrem Besuch unseres Internetauftritts bei Facebook ausloggen.<\/p>\n<p>Ebenfalls ist es m\u00f6glich Facebook-Social-Plugins mit Add-ons f\u00fcr Ihren Browser zu blocken, zum Beispiel mit dem Facebook Blocker.<\/p>\n<p>[\/et_pb_text][\/et_pb_column][et_pb_column type=&#8221;1_3&#8243; _builder_version=&#8221;4.4.2&#8243;][\/et_pb_column][\/et_pb_row][\/et_pb_section][et_pb_section fb_built=&#8221;1&#8243; _builder_version=&#8221;4.4.2&#8243; background_color=&#8221;rgba(97,93,86,0.1)&#8221; custom_margin=&#8221;||2rem||false|false&#8221; custom_padding=&#8221;0px||0px||false|false&#8221; border_width_bottom=&#8221;5px&#8221; border_color_bottom=&#8221;#615D56&#8243;][et_pb_row custom_padding_last_edited=&#8221;on|phone&#8221; _builder_version=&#8221;4.4.2&#8243; background_image=&#8221;http:\/\/hotel-neu.123-insnetz.de\/wp-content\/uploads\/\/2020\/07\/berlin-silhouette.svg&#8221; background_size=&#8221;contain&#8221; background_position=&#8221;bottom_center&#8221; custom_padding=&#8221;5rem||5rem||false|false&#8221; custom_padding_tablet=&#8221;||1rem||false|false&#8221; custom_padding_phone=&#8221;5rem||||false|false&#8221;][et_pb_column type=&#8221;4_4&#8243; _builder_version=&#8221;4.4.2&#8243;][\/et_pb_column][\/et_pb_row][\/et_pb_section]<\/p>\n","protected":false},"excerpt":{"rendered":"<p>ImprintVerwaltung und PostanschriftHotel4Youth GmbH Bernauer Str. 45 10435 Berlin Kontakt: Telefon: +49 (0) 30 &#8211; 451 98 88 0 Telefax: +49 (0) 30 &#8211; 451 98 88 9 E-Mail: berlin.hplus@h-hotels.com Gesch\u00e4ftsf\u00fchrerin: Malgorzata Krei\u00df Handelsregister: Amtsgericht Charlottenburg, Berlin HR B 84959 USt-IdNr. DE 221759758 Allgemeine Gesch\u00e4ftsbedingungenUnsere AGB zum DownloadHave a look in our galleriy.Verantwortlich im Sinne [&hellip;]<\/p>\n","protected":false},"author":1,"featured_media":0,"parent":0,"menu_order":0,"comment_status":"closed","ping_status":"closed","template":"","meta":{"_et_pb_use_builder":"on","_et_pb_old_content":"","_et_gb_content_width":"","footnotes":""},"class_list":["post-2656","page","type-page","status-publish","hentry"],"yoast_head":"<!-- This site is optimized with the Yoast SEO plugin v26.9 - https:\/\/yoast.com\/product\/yoast-seo-wordpress\/ -->\n<title>Imprint - Hotel - H+ Hotel4 Youth Berlin - Am Mauerpark - Berlin Mitte<\/title>\n<meta name=\"robots\" content=\"index, follow, max-snippet:-1, max-image-preview:large, max-video-preview:-1\" \/>\n<link rel=\"canonical\" href=\"https:\/\/hotel4youth.de\/it\/imprint\" \/>\n<meta property=\"og:locale\" content=\"it_IT\" \/>\n<meta property=\"og:type\" content=\"article\" \/>\n<meta property=\"og:title\" content=\"Imprint - Hotel - H+ Hotel4 Youth Berlin - Am Mauerpark - Berlin Mitte\" \/>\n<meta property=\"og:description\" content=\"ImprintVerwaltung und PostanschriftHotel4Youth GmbH Bernauer Str. 45 10435 Berlin Kontakt: Telefon: +49 (0) 30 - 451 98 88 0 Telefax: +49 (0) 30 - 451 98 88 9 E-Mail: berlin.hplus@h-hotels.com Gesch\u00e4ftsf\u00fchrerin: Malgorzata Krei\u00df Handelsregister: Amtsgericht Charlottenburg, Berlin HR B 84959 USt-IdNr. DE 221759758 Allgemeine Gesch\u00e4ftsbedingungenUnsere AGB zum DownloadHave a look in our galleriy.Verantwortlich im Sinne [&hellip;]\" \/>\n<meta property=\"og:url\" content=\"https:\/\/hotel4youth.de\/it\/imprint\" \/>\n<meta property=\"og:site_name\" content=\"Hotel - H+ Hotel4 Youth Berlin - Am Mauerpark - Berlin Mitte\" \/>\n<meta property=\"article:modified_time\" content=\"2020-08-17T14:48:00+00:00\" \/>\n<meta name=\"twitter:card\" content=\"summary_large_image\" \/>\n<meta name=\"twitter:label1\" content=\"Tempo di lettura stimato\" \/>\n\t<meta name=\"twitter:data1\" content=\"8 minuti\" \/>\n<script type=\"application\/ld+json\" class=\"yoast-schema-graph\">{\"@context\":\"https:\/\/schema.org\",\"@graph\":[{\"@type\":\"WebPage\",\"@id\":\"https:\/\/hotel4youth.de\/it\/imprint\",\"url\":\"https:\/\/hotel4youth.de\/it\/imprint\",\"name\":\"Imprint - Hotel - H+ Hotel4 Youth Berlin - Am Mauerpark - Berlin Mitte\",\"isPartOf\":{\"@id\":\"https:\/\/hotel4youth.de\/#website\"},\"datePublished\":\"2020-08-17T14:47:59+00:00\",\"dateModified\":\"2020-08-17T14:48:00+00:00\",\"breadcrumb\":{\"@id\":\"https:\/\/hotel4youth.de\/it\/imprint#breadcrumb\"},\"inLanguage\":\"it-IT\",\"potentialAction\":[{\"@type\":\"ReadAction\",\"target\":[\"https:\/\/hotel4youth.de\/it\/imprint\"]}]},{\"@type\":\"BreadcrumbList\",\"@id\":\"https:\/\/hotel4youth.de\/it\/imprint#breadcrumb\",\"itemListElement\":[{\"@type\":\"ListItem\",\"position\":1,\"name\":\"Startseite\",\"item\":\"https:\/\/hotel4youth.de\/it\"},{\"@type\":\"ListItem\",\"position\":2,\"name\":\"Imprint\"}]},{\"@type\":\"WebSite\",\"@id\":\"https:\/\/hotel4youth.de\/#website\",\"url\":\"https:\/\/hotel4youth.de\/\",\"name\":\"Hotel - H+ Hotel4 Youth Berlin - Am Mauerpark - Berlin Mitte\",\"description\":\"\",\"potentialAction\":[{\"@type\":\"SearchAction\",\"target\":{\"@type\":\"EntryPoint\",\"urlTemplate\":\"https:\/\/hotel4youth.de\/?s={search_term_string}\"},\"query-input\":{\"@type\":\"PropertyValueSpecification\",\"valueRequired\":true,\"valueName\":\"search_term_string\"}}],\"inLanguage\":\"it-IT\"}]}<\/script>\n<!-- \/ Yoast SEO plugin. -->","yoast_head_json":{"title":"Imprint - Hotel - H+ Hotel4 Youth Berlin - Am Mauerpark - Berlin Mitte","robots":{"index":"index","follow":"follow","max-snippet":"max-snippet:-1","max-image-preview":"max-image-preview:large","max-video-preview":"max-video-preview:-1"},"canonical":"https:\/\/hotel4youth.de\/it\/imprint","og_locale":"it_IT","og_type":"article","og_title":"Imprint - Hotel - H+ Hotel4 Youth Berlin - Am Mauerpark - Berlin Mitte","og_description":"ImprintVerwaltung und PostanschriftHotel4Youth GmbH Bernauer Str. 45 10435 Berlin Kontakt: Telefon: +49 (0) 30 - 451 98 88 0 Telefax: +49 (0) 30 - 451 98 88 9 E-Mail: berlin.hplus@h-hotels.com Gesch\u00e4ftsf\u00fchrerin: Malgorzata Krei\u00df Handelsregister: Amtsgericht Charlottenburg, Berlin HR B 84959 USt-IdNr. DE 221759758 Allgemeine Gesch\u00e4ftsbedingungenUnsere AGB zum DownloadHave a look in our galleriy.Verantwortlich im Sinne [&hellip;]","og_url":"https:\/\/hotel4youth.de\/it\/imprint","og_site_name":"Hotel - H+ Hotel4 Youth Berlin - Am Mauerpark - Berlin Mitte","article_modified_time":"2020-08-17T14:48:00+00:00","twitter_card":"summary_large_image","twitter_misc":{"Tempo di lettura stimato":"8 minuti"},"schema":{"@context":"https:\/\/schema.org","@graph":[{"@type":"WebPage","@id":"https:\/\/hotel4youth.de\/it\/imprint","url":"https:\/\/hotel4youth.de\/it\/imprint","name":"Imprint - Hotel - H+ Hotel4 Youth Berlin - Am Mauerpark - Berlin Mitte","isPartOf":{"@id":"https:\/\/hotel4youth.de\/#website"},"datePublished":"2020-08-17T14:47:59+00:00","dateModified":"2020-08-17T14:48:00+00:00","breadcrumb":{"@id":"https:\/\/hotel4youth.de\/it\/imprint#breadcrumb"},"inLanguage":"it-IT","potentialAction":[{"@type":"ReadAction","target":["https:\/\/hotel4youth.de\/it\/imprint"]}]},{"@type":"BreadcrumbList","@id":"https:\/\/hotel4youth.de\/it\/imprint#breadcrumb","itemListElement":[{"@type":"ListItem","position":1,"name":"Startseite","item":"https:\/\/hotel4youth.de\/it"},{"@type":"ListItem","position":2,"name":"Imprint"}]},{"@type":"WebSite","@id":"https:\/\/hotel4youth.de\/#website","url":"https:\/\/hotel4youth.de\/","name":"Hotel - H+ Hotel4 Youth Berlin - Am Mauerpark - Berlin Mitte","description":"","potentialAction":[{"@type":"SearchAction","target":{"@type":"EntryPoint","urlTemplate":"https:\/\/hotel4youth.de\/?s={search_term_string}"},"query-input":{"@type":"PropertyValueSpecification","valueRequired":true,"valueName":"search_term_string"}}],"inLanguage":"it-IT"}]}},"_links":{"self":[{"href":"https:\/\/hotel4youth.de\/it\/wp-json\/wp\/v2\/pages\/2656","targetHints":{"allow":["GET"]}}],"collection":[{"href":"https:\/\/hotel4youth.de\/it\/wp-json\/wp\/v2\/pages"}],"about":[{"href":"https:\/\/hotel4youth.de\/it\/wp-json\/wp\/v2\/types\/page"}],"author":[{"embeddable":true,"href":"https:\/\/hotel4youth.de\/it\/wp-json\/wp\/v2\/users\/1"}],"replies":[{"embeddable":true,"href":"https:\/\/hotel4youth.de\/it\/wp-json\/wp\/v2\/comments?post=2656"}],"version-history":[{"count":3,"href":"https:\/\/hotel4youth.de\/it\/wp-json\/wp\/v2\/pages\/2656\/revisions"}],"predecessor-version":[{"id":2659,"href":"https:\/\/hotel4youth.de\/it\/wp-json\/wp\/v2\/pages\/2656\/revisions\/2659"}],"wp:attachment":[{"href":"https:\/\/hotel4youth.de\/it\/wp-json\/wp\/v2\/media?parent=2656"}],"curies":[{"name":"wp","href":"https:\/\/api.w.org\/{rel}","templated":true}]}}