{"id":2818,"date":"2020-08-19T08:32:53","date_gmt":"2020-08-19T06:32:53","guid":{"rendered":"http:\/\/hotel-neu.123-insnetz.de\/hotel4famille"},"modified":"2025-03-13T03:59:19","modified_gmt":"2025-03-13T02:59:19","slug":"hotel4famille","status":"publish","type":"page","link":"https:\/\/hotel4youth.de\/fr\/hotel4famille","title":{"rendered":"H\u00f4tel4Famille"},"content":{"rendered":"<p>[et_pb_section fb_built=\u00a0\u00bb1&Prime; custom_padding_last_edited=\u00a0\u00bbon|phone\u00a0\u00bb _builder_version=\u00a0\u00bb4.13.0&Prime; background_enable_color=\u00a0\u00bboff\u00a0\u00bb background_image=\u00a0\u00bbhttps:\/\/hotel4youth.de\/wp-content\/uploads\/2024\/06\/DSC_8814-1-scaled.jpg\u00a0\u00bb custom_padding=\u00a0\u00bb12rem||12rem||false|false\u00a0\u00bb custom_padding_tablet=\u00a0\u00bb10rem||10rem||false|false\u00a0\u00bb custom_padding_phone=\u00a0\u00bb8rem||8rem||false|false\u00a0\u00bb global_colors_info=\u00a0\u00bb{}\u00a0\u00bb][\/et_pb_section][et_pb_section fb_built=\u00a0\u00bb1&Prime; _builder_version=\u00a0\u00bb4.4.2&Prime; custom_margin=\u00a0\u00bb||2rem||false|false\u00a0\u00bb custom_padding=\u00a0\u00bb0px||0px||false|false\u00a0\u00bb global_colors_info=\u00a0\u00bb{}\u00a0\u00bb][et_pb_row _builder_version=\u00a0\u00bb4.4.2&Prime; custom_padding=\u00a0\u00bb0px||0px||false|false\u00a0\u00bb global_colors_info=\u00a0\u00bb{}\u00a0\u00bb][et_pb_column type=\u00a0\u00bb4_4&Prime; _builder_version=\u00a0\u00bb4.4.2&Prime; global_colors_info=\u00a0\u00bb{}\u00a0\u00bb][et_pb_code _builder_version=\u00a0\u00bb4.13.0&Prime; text_orientation=\u00a0\u00bbcenter\u00a0\u00bb global_colors_info=\u00a0\u00bb{}\u00a0\u00bb transform_styles__hover_enabled=\u00a0\u00bbon|hover\u00a0\u00bb transform_scale__hover_enabled=\u00a0\u00bbon|hover\u00a0\u00bb transform_translate__hover_enabled=\u00a0\u00bbon|desktop\u00a0\u00bb transform_rotate__hover_enabled=\u00a0\u00bbon|desktop\u00a0\u00bb transform_skew__hover_enabled=\u00a0\u00bbon|desktop\u00a0\u00bb transform_origin__hover_enabled=\u00a0\u00bbon|desktop\u00a0\u00bb transform_scale__hover=\u00a0\u00bb115%|115%\u00a0\u00bb]<a class=\"buchen-button-rund\" href=\"https:\/\/www.h-hotels.com\/fr\/hplus\/hotels\/hplus-hotel-4youth-berlin\" target=\"_blank\" rel=\"noopener noreferrer\">Book now<\/a>[\/et_pb_code][\/et_pb_column][\/et_pb_row][\/et_pb_section][et_pb_section fb_built=\u00a0\u00bb1&Prime; _builder_version=\u00a0\u00bb4.4.2&Prime; custom_margin=\u00a0\u00bb||||false|false\u00a0\u00bb custom_margin_tablet=\u00a0\u00bb-2rem||||false|false\u00a0\u00bb custom_margin_phone=\u00a0\u00bb\u00a0\u00bb custom_margin_last_edited=\u00a0\u00bbon|tablet\u00a0\u00bb custom_padding=\u00a0\u00bb0px||0px||false|false\u00a0\u00bb global_colors_info=\u00a0\u00bb{}\u00a0\u00bb][et_pb_row _builder_version=\u00a0\u00bb4.4.2&Prime; custom_padding=\u00a0\u00bb||0px||false|false\u00a0\u00bb global_colors_info=\u00a0\u00bb{}\u00a0\u00bb][et_pb_column type=\u00a0\u00bb4_4&Prime; _builder_version=\u00a0\u00bb4.4.2&Prime; global_colors_info=\u00a0\u00bb{}\u00a0\u00bb][et_pb_text _builder_version=\u00a0\u00bb4.4.2&Prime; header_text_align=\u00a0\u00bbcenter\u00a0\u00bb header_line_height=\u00a0\u00bb1.2em\u00a0\u00bb custom_margin_tablet=\u00a0\u00bb||0px||false|false\u00a0\u00bb custom_margin_phone=\u00a0\u00bb\u00a0\u00bb custom_margin_last_edited=\u00a0\u00bbon|tablet\u00a0\u00bb header_font_size_tablet=\u00a0\u00bb40px\u00a0\u00bb header_font_size_phone=\u00a0\u00bb28px\u00a0\u00bb header_font_size_last_edited=\u00a0\u00bbon|phone\u00a0\u00bb global_colors_info=\u00a0\u00bb{}\u00a0\u00bb]<\/p>\n<h1>H\u00f4tel4Famille<\/h1>\n<p>[\/et_pb_text][et_pb_divider color=\u00a0\u00bb#615D56&Prime; divider_weight=\u00a0\u00bb5px\u00a0\u00bb _builder_version=\u00a0\u00bb4.4.2&Prime; width=\u00a0\u00bb100px\u00a0\u00bb module_alignment=\u00a0\u00bbcenter\u00a0\u00bb custom_padding=\u00a0\u00bb2rem||2rem||false|false\u00a0\u00bb custom_padding_tablet=\u00a0\u00bb1rem||1rem||false|false\u00a0\u00bb custom_padding_phone=\u00a0\u00bb\u00a0\u00bb custom_padding_last_edited=\u00a0\u00bbon|phone\u00a0\u00bb global_colors_info=\u00a0\u00bb{}\u00a0\u00bb][\/et_pb_divider][\/et_pb_column][\/et_pb_row][\/et_pb_section][et_pb_section fb_built=\u00a0\u00bb1&Prime; custom_padding_last_edited=\u00a0\u00bbon|phone\u00a0\u00bb _builder_version=\u00a0\u00bb4.4.2&Prime; background_color=\u00a0\u00bbrgba(97,93,86,0.1)\u00a0\u00bb custom_padding=\u00a0\u00bb2rem||8rem||false|false\u00a0\u00bb custom_padding_tablet=\u00a0\u00bb||2rem||false|false\u00a0\u00bb custom_padding_phone=\u00a0\u00bb1rem||1rem||false|false\u00a0\u00bb global_colors_info=\u00a0\u00bb{}\u00a0\u00bb][et_pb_row column_structure=\u00a0\u00bb2_3,1_3&Prime; use_custom_gutter=\u00a0\u00bbon\u00a0\u00bb gutter_width=\u00a0\u00bb4&Prime; _builder_version=\u00a0\u00bb4.4.2&Prime; custom_padding=\u00a0\u00bb||0px||false|false\u00a0\u00bb global_colors_info=\u00a0\u00bb{}\u00a0\u00bb][et_pb_column type=\u00a0\u00bb2_3&Prime; _builder_version=\u00a0\u00bb4.4.2&Prime; global_colors_info=\u00a0\u00bb{}\u00a0\u00bb][et_pb_text _builder_version=\u00a0\u00bb4.4.2&Prime; header_2_text_color=\u00a0\u00bb#76B72A\u00a0\u00bb header_2_font_size=\u00a0\u00bb28px\u00a0\u00bb custom_margin=\u00a0\u00bb||1rem||false|false\u00a0\u00bb custom_padding=\u00a0\u00bb||||false|false\u00a0\u00bb header_2_font_size_tablet=\u00a0\u00bb26px\u00a0\u00bb header_2_font_size_phone=\u00a0\u00bb22px\u00a0\u00bb header_2_font_size_last_edited=\u00a0\u00bbon|phone\u00a0\u00bb global_colors_info=\u00a0\u00bb{}\u00a0\u00bb]<\/p>\n<h2>Informations pour les groupes et voyage scolaires<\/h2>\n<p>[\/et_pb_text][et_pb_text _builder_version=\u00a0\u00bb4.13.0&Prime; text_font_size_tablet=\u00a0\u00bb\u00a0\u00bb text_font_size_phone=\u00a0\u00bb14px\u00a0\u00bb text_font_size_last_edited=\u00a0\u00bbon|phone\u00a0\u00bb global_colors_info=\u00a0\u00bb{}\u00a0\u00bb]<\/p>\n<p>L&rsquo;h\u00f4tel4Youth am Mauerpark &#8211; Berlin Mitte a des ann\u00e9es d\u2019exp\u00e9rience dans l&rsquo;encadrement et l\u2019h\u00e9bergement des groupes. Avec la collaboration de professeurs engag\u00e9s nous avons organis\u00e9s d&rsquo;innombrables voyages scolaires, qui ont permis des s\u00e9jours inoubliables \u00e0 Berlin pour nombre de jeunes.<\/p>\n<ul>\n<li>96 Chambres (198 Lits) avec Salle de bains &amp; WC (S\u00e9choir et TV avec suppl\u00e9ment)<br \/>72 Chambres \u00e0 2 lits (dont 36 avec porte communicante)<br \/>18 Chambres doubles<br \/>6 Chambres triples<\/li>\n<li>Bar &amp; R\u00e9ception ouverts 24\/7<\/li>\n<li>Gratis Wifi dans le Lobby \/ Ordinateurs \u00e0 votre disposition<\/li>\n<li>Place de parking pour les bus \u00e0 300m<\/li>\n<li>Acc\u00e8s pour handicap\u00e9s<\/li>\n<li>Transports en commun devant la porte: Metro \/ Tram \/ Bus<\/li>\n<\/ul>\n<p>[\/et_pb_text][et_pb_divider color=\u00a0\u00bb#76B72A\u00a0\u00bb divider_style=\u00a0\u00bbdotted\u00a0\u00bb divider_weight=\u00a0\u00bb2px\u00a0\u00bb _builder_version=\u00a0\u00bb4.4.2&Prime; custom_margin=\u00a0\u00bb4rem||1rem||false|false\u00a0\u00bb custom_padding=\u00a0\u00bb||||false|false\u00a0\u00bb global_colors_info=\u00a0\u00bb{}\u00a0\u00bb][\/et_pb_divider][et_pb_text _builder_version=\u00a0\u00bb4.4.2&Prime; header_2_text_color=\u00a0\u00bb#76B72A\u00a0\u00bb header_2_font_size=\u00a0\u00bb28px\u00a0\u00bb custom_margin=\u00a0\u00bb||1rem||false|false\u00a0\u00bb custom_padding=\u00a0\u00bb||||false|false\u00a0\u00bb header_2_font_size_tablet=\u00a0\u00bb26px\u00a0\u00bb header_2_font_size_phone=\u00a0\u00bb22px\u00a0\u00bb header_2_font_size_last_edited=\u00a0\u00bbon|phone\u00a0\u00bb locked=\u00a0\u00bboff\u00a0\u00bb global_colors_info=\u00a0\u00bb{}\u00a0\u00bb]<\/p>\n<h2>Extra4kids \u2013 ein paar Tipps f\u00fcr Sie, was es in Berlin mit Kind zu erleben gibt.<\/h2>\n<p>&nbsp;<\/p>\n<p>[\/et_pb_text][et_pb_text _builder_version=\u00a0\u00bb4.4.2&Prime; custom_margin=\u00a0\u00bb||0px||false|false\u00a0\u00bb custom_padding=\u00a0\u00bb||||false|false\u00a0\u00bb text_font_size_tablet=\u00a0\u00bb\u00a0\u00bb text_font_size_phone=\u00a0\u00bb14px\u00a0\u00bb text_font_size_last_edited=\u00a0\u00bbon|phone\u00a0\u00bb global_colors_info=\u00a0\u00bb{}\u00a0\u00bb]<\/p>\n<ul>\n<li>Sonnentagen:<br \/> <a href=\"https:\/\/www.jugendfarm-moritzhof.de\/\" target=\"_blank\" rel=\"noopener noreferrer\" title=\"Jugendhof Moritzfarm\">Jugendhof Moritzfarm<\/a><br \/> <a href=\"Kiezkind\" target=\"_blank\" rel=\"noopener noreferrer\" title=\"Zoo Berlin\">Zoo Berlin<\/a><br \/> <a href=\"https:\/\/www.mauerpark.info\/mauerpark\/\" target=\"_blank\" rel=\"noopener noreferrer\" title=\"Mauerpark mit Spielpl\u00e4tze\">Mauerpark mit Spielpl\u00e4tze<\/a><\/li>\n<li>Regentagen:<br \/> <a href=\"https:\/\/machmitmuseum.de\/\" target=\"_blank\" rel=\"noopener noreferrer\" title=\"MACHmit!-Museum f\u00fcr Kinder\">MACHmit!-Museum f\u00fcr Kinder<\/a><br \/> <a href=\"https:\/\/www.legolanddiscoverycentre.de\/berlin\/\" target=\"_blank\" rel=\"noopener noreferrer\" title=\"Legoland Berlin\">Legoland Berlin<\/a><br \/> <a href=\"https:\/\/www.schaubude.berlin\/\" target=\"_blank\" rel=\"noopener noreferrer\" title=\"Schaubude Berlin\">Schaubude Berlin<\/a><br \/> <a href=\"https:\/\/www.visitsealife.com\/de\/berlin\/\" target=\"_blank\" rel=\"noopener noreferrer\" title=\"Sealife Berlin\">Sealife Berlin<\/a><\/li>\n<\/ul>\n<p>[\/et_pb_text][\/et_pb_column][et_pb_column type=\u00a0\u00bb1_3&Prime; _builder_version=\u00a0\u00bb4.4.2&Prime; global_colors_info=\u00a0\u00bb{}\u00a0\u00bb][et_pb_image src=\u00a0\u00bbhttps:\/\/hotel4youth.de\/wp-content\/uploads\/2020\/07\/h-hotel-symbol.png\u00a0\u00bb align=\u00a0\u00bbcenter\u00a0\u00bb module_class=\u00a0\u00bbicon-hotel-allgemein sidebar\u00a0\u00bb _builder_version=\u00a0\u00bb4.4.2&Prime; background_enable_color=\u00a0\u00bboff\u00a0\u00bb background_enable_image=\u00a0\u00bboff\u00a0\u00bb width=\u00a0\u00bb60px\u00a0\u00bb custom_margin=\u00a0\u00bb||0px||false|false\u00a0\u00bb custom_css_main_element=\u00a0\u00bbz-index: 99999;\u00a0\u00bb border_radii=\u00a0\u00bbon|80px|80px|80px|80px\u00a0\u00bb border_color_all=\u00a0\u00bbrgba(0,0,0,0)\u00a0\u00bb locked=\u00a0\u00bboff\u00a0\u00bb global_colors_info=\u00a0\u00bb{}\u00a0\u00bb][\/et_pb_image][et_pb_cta title=\u00a0\u00bbGallery\u00a0\u00bb button_url=\u00a0\u00bbhttps:\/\/hotel-neu.123-insnetz.de\/galerie\u00a0\u00bb button_text=\u00a0\u00bbMore\u00a0\u00bb module_class=\u00a0\u00bbinfokasten-sidebar\u00a0\u00bb _builder_version=\u00a0\u00bb4.4.2&Prime; header_level=\u00a0\u00bbh5&Prime; header_font_size=\u00a0\u00bb20px\u00a0\u00bb background_color=\u00a0\u00bb#76B72A\u00a0\u00bb custom_button=\u00a0\u00bbon\u00a0\u00bb button_text_color=\u00a0\u00bb#ffffff\u00a0\u00bb button_bg_color=\u00a0\u00bbrgba(0,0,0,0)\u00a0\u00bb button_use_icon=\u00a0\u00bboff\u00a0\u00bb button_custom_padding=\u00a0\u00bb1rem|1rem|1rem|1rem|true|true\u00a0\u00bb custom_margin=\u00a0\u00bb-30px||||false|false\u00a0\u00bb custom_padding=\u00a0\u00bb3rem|2rem|2rem|2rem|false|false\u00a0\u00bb header_font_size_tablet=\u00a0\u00bb18px\u00a0\u00bb header_font_size_phone=\u00a0\u00bb\u00a0\u00bb header_font_size_last_edited=\u00a0\u00bbon|phone\u00a0\u00bb body_font_size_tablet=\u00a0\u00bb\u00a0\u00bb body_font_size_phone=\u00a0\u00bb14px\u00a0\u00bb body_font_size_last_edited=\u00a0\u00bbon|phone\u00a0\u00bb button_text_size_tablet=\u00a0\u00bb\u00a0\u00bb button_text_size_phone=\u00a0\u00bb14px\u00a0\u00bb button_text_size_last_edited=\u00a0\u00bbon|phone\u00a0\u00bb saved_tabs=\u00a0\u00bball\u00a0\u00bb global_colors_info=\u00a0\u00bb{}\u00a0\u00bb button_text__hover_enabled=\u00a0\u00bbon|desktop\u00a0\u00bb button_bg_color__hover_enabled=\u00a0\u00bbon|hover\u00a0\u00bb button_bg_color__hover=\u00a0\u00bb#ffffff\u00a0\u00bb button_bg_enable_color__hover=\u00a0\u00bbon\u00a0\u00bb button_text_color__hover_enabled=\u00a0\u00bbon|hover\u00a0\u00bb button_text_color__hover=\u00a0\u00bb#76B72A\u00a0\u00bb button_border_color__hover_enabled=\u00a0\u00bbon|hover\u00a0\u00bb button_border_color__hover=\u00a0\u00bb#ffffff\u00a0\u00bb body_font_size__hover_enabled=\u00a0\u00bboff|desktop\u00a0\u00bb button_text__hover=\u00a0\u00bbMore\u00a0\u00bb]<\/p>\n<p>Schauen Sie sich in unserer Galerie um.<\/p>\n<p>[\/et_pb_cta][et_pb_image src=\u00a0\u00bbhttps:\/\/hotel4youth.de\/wp-content\/uploads\/2020\/07\/h-hotel-symbol.png\u00a0\u00bb align=\u00a0\u00bbcenter\u00a0\u00bb module_class=\u00a0\u00bbicon-hotel-allgemein sidebar\u00a0\u00bb _builder_version=\u00a0\u00bb4.4.2&Prime; background_enable_color=\u00a0\u00bboff\u00a0\u00bb background_enable_image=\u00a0\u00bboff\u00a0\u00bb width=\u00a0\u00bb60px\u00a0\u00bb custom_margin=\u00a0\u00bb||0px||false|false\u00a0\u00bb custom_css_main_element=\u00a0\u00bbz-index: 99999;\u00a0\u00bb border_radii=\u00a0\u00bbon|80px|80px|80px|80px\u00a0\u00bb border_color_all=\u00a0\u00bbrgba(0,0,0,0)\u00a0\u00bb locked=\u00a0\u00bboff\u00a0\u00bb global_colors_info=\u00a0\u00bb{}\u00a0\u00bb][\/et_pb_image][et_pb_cta title=\u00a0\u00bbComment nous trouver?\u00a0\u00bb button_text=\u00a0\u00bbMore\u00a0\u00bb module_class=\u00a0\u00bbinfokasten-sidebar\u00a0\u00bb _builder_version=\u00a0\u00bb4.4.2&Prime; header_level=\u00a0\u00bbh5&Prime; header_font_size=\u00a0\u00bb20px\u00a0\u00bb background_color=\u00a0\u00bb#CF043F\u00a0\u00bb custom_button=\u00a0\u00bbon\u00a0\u00bb button_text_color=\u00a0\u00bb#ffffff\u00a0\u00bb button_bg_color=\u00a0\u00bbrgba(0,0,0,0)\u00a0\u00bb button_use_icon=\u00a0\u00bboff\u00a0\u00bb button_custom_padding=\u00a0\u00bb1rem|1rem|1rem|1rem|true|true\u00a0\u00bb custom_margin=\u00a0\u00bb-30px||||false|false\u00a0\u00bb custom_padding=\u00a0\u00bb3rem|2rem|2rem|2rem|false|false\u00a0\u00bb header_font_size_tablet=\u00a0\u00bb18px\u00a0\u00bb header_font_size_phone=\u00a0\u00bb\u00a0\u00bb header_font_size_last_edited=\u00a0\u00bbon|tablet\u00a0\u00bb body_font_size_tablet=\u00a0\u00bb\u00a0\u00bb body_font_size_phone=\u00a0\u00bb14px\u00a0\u00bb body_font_size_last_edited=\u00a0\u00bbon|phone\u00a0\u00bb global_colors_info=\u00a0\u00bb{}\u00a0\u00bb button_text__hover_enabled=\u00a0\u00bbon|desktop\u00a0\u00bb button_bg_color__hover_enabled=\u00a0\u00bbon|hover\u00a0\u00bb button_bg_color__hover=\u00a0\u00bb#ffffff\u00a0\u00bb button_bg_enable_color__hover=\u00a0\u00bbon\u00a0\u00bb button_text_color__hover_enabled=\u00a0\u00bbon|hover\u00a0\u00bb button_text_color__hover=\u00a0\u00bb#CF043F\u00a0\u00bb button_border_color__hover_enabled=\u00a0\u00bbon|hover\u00a0\u00bb button_border_color__hover=\u00a0\u00bb#ffffff\u00a0\u00bb button_text__hover=\u00a0\u00bbMore\u00a0\u00bb]H+ Hotel4Youth am Mauerpark, Berlin Mitte est situ\u00e9e \u00e0 environ 400 m\u00e8tres de la station de m\u00e9tro Bernauer Strasse (U8) et directement en face de l&rsquo;arr\u00eat de tram Woliner Stra\u00dfe (M10). La station de U-Bahn Eberswalder Stra\u00dfe (U2) est d&rsquo;environ 700 m.[\/et_pb_cta][\/et_pb_column][\/et_pb_row][\/et_pb_section][et_pb_section fb_built=\u00a0\u00bb1&Prime; _builder_version=\u00a0\u00bb4.4.2&Prime; background_color=\u00a0\u00bbrgba(97,93,86,0.1)\u00a0\u00bb custom_margin=\u00a0\u00bb||2rem||false|false\u00a0\u00bb custom_padding=\u00a0\u00bb0px||0px||false|false\u00a0\u00bb border_width_bottom=\u00a0\u00bb5px\u00a0\u00bb border_color_bottom=\u00a0\u00bb#615D56&Prime; global_colors_info=\u00a0\u00bb{}\u00a0\u00bb][et_pb_row custom_padding_last_edited=\u00a0\u00bbon|phone\u00a0\u00bb _builder_version=\u00a0\u00bb4.4.2&Prime; background_image=\u00a0\u00bbhttp:\/\/hotel-neu.123-insnetz.de\/wp-content\/uploads\/\/2020\/07\/berlin-silhouette.svg\u00a0\u00bb background_size=\u00a0\u00bbcontain\u00a0\u00bb background_position=\u00a0\u00bbbottom_center\u00a0\u00bb custom_padding=\u00a0\u00bb5rem||5rem||false|false\u00a0\u00bb custom_padding_tablet=\u00a0\u00bb||1rem||false|false\u00a0\u00bb custom_padding_phone=\u00a0\u00bb5rem||||false|false\u00a0\u00bb global_colors_info=\u00a0\u00bb{}\u00a0\u00bb][et_pb_column type=\u00a0\u00bb4_4&Prime; _builder_version=\u00a0\u00bb4.4.2&Prime; global_colors_info=\u00a0\u00bb{}\u00a0\u00bb][\/et_pb_column][\/et_pb_row][\/et_pb_section]<\/p>\n","protected":false},"excerpt":{"rendered":"<p>H\u00f4tel4FamilleInformations pour les groupes et voyage scolairesL&rsquo;h\u00f4tel4Youth am Mauerpark &#8211; Berlin Mitte a des ann\u00e9es d\u2019exp\u00e9rience dans l&rsquo;encadrement et l\u2019h\u00e9bergement des groupes. Avec la collaboration de professeurs engag\u00e9s nous avons organis\u00e9s d&rsquo;innombrables voyages scolaires, qui ont permis des s\u00e9jours inoubliables \u00e0 Berlin pour nombre de jeunes. 96 Chambres (198 Lits) avec Salle de bains &amp; [&hellip;]<\/p>\n","protected":false},"author":1,"featured_media":0,"parent":0,"menu_order":0,"comment_status":"closed","ping_status":"closed","template":"","meta":{"_et_pb_use_builder":"on","_et_pb_old_content":"","_et_gb_content_width":"","footnotes":""},"class_list":["post-2818","page","type-page","status-publish","hentry"],"yoast_head":"<!-- This site is optimized with the Yoast SEO plugin v26.9 - https:\/\/yoast.com\/product\/yoast-seo-wordpress\/ -->\n<title>H\u00f4tel4Famille - Hotel - H+ Hotel4 Youth Berlin - Am Mauerpark - Berlin Mitte<\/title>\n<meta name=\"robots\" content=\"index, follow, max-snippet:-1, max-image-preview:large, max-video-preview:-1\" \/>\n<link rel=\"canonical\" href=\"https:\/\/hotel4youth.de\/fr\/hotel4famille\" \/>\n<meta property=\"og:locale\" content=\"fr_FR\" \/>\n<meta property=\"og:type\" content=\"article\" \/>\n<meta property=\"og:title\" content=\"H\u00f4tel4Famille - Hotel - H+ Hotel4 Youth Berlin - Am Mauerpark - Berlin Mitte\" \/>\n<meta property=\"og:description\" content=\"H\u00f4tel4FamilleInformations pour les groupes et voyage scolairesL&#039;h\u00f4tel4Youth am Mauerpark - Berlin Mitte a des ann\u00e9es d\u2019exp\u00e9rience dans l&#039;encadrement et l\u2019h\u00e9bergement des groupes. Avec la collaboration de professeurs engag\u00e9s nous avons organis\u00e9s d&#039;innombrables voyages scolaires, qui ont permis des s\u00e9jours inoubliables \u00e0 Berlin pour nombre de jeunes. 96 Chambres (198 Lits) avec Salle de bains &amp; [&hellip;]\" \/>\n<meta property=\"og:url\" content=\"https:\/\/hotel4youth.de\/fr\/hotel4famille\" \/>\n<meta property=\"og:site_name\" content=\"Hotel - H+ Hotel4 Youth Berlin - Am Mauerpark - Berlin Mitte\" \/>\n<meta property=\"article:modified_time\" content=\"2025-03-13T02:59:19+00:00\" \/>\n<meta name=\"twitter:card\" content=\"summary_large_image\" \/>\n<meta name=\"twitter:label1\" content=\"Dur\u00e9e de lecture estim\u00e9e\" \/>\n\t<meta name=\"twitter:data1\" content=\"7 minutes\" \/>\n<script type=\"application\/ld+json\" class=\"yoast-schema-graph\">{\"@context\":\"https:\/\/schema.org\",\"@graph\":[{\"@type\":\"WebPage\",\"@id\":\"https:\/\/hotel4youth.de\/fr\/hotel4famille\",\"url\":\"https:\/\/hotel4youth.de\/fr\/hotel4famille\",\"name\":\"H\u00f4tel4Famille - Hotel - H+ Hotel4 Youth Berlin - Am Mauerpark - Berlin Mitte\",\"isPartOf\":{\"@id\":\"https:\/\/hotel4youth.de\/#website\"},\"datePublished\":\"2020-08-19T06:32:53+00:00\",\"dateModified\":\"2025-03-13T02:59:19+00:00\",\"breadcrumb\":{\"@id\":\"https:\/\/hotel4youth.de\/fr\/hotel4famille#breadcrumb\"},\"inLanguage\":\"fr-FR\",\"potentialAction\":[{\"@type\":\"ReadAction\",\"target\":[\"https:\/\/hotel4youth.de\/fr\/hotel4famille\"]}]},{\"@type\":\"BreadcrumbList\",\"@id\":\"https:\/\/hotel4youth.de\/fr\/hotel4famille#breadcrumb\",\"itemListElement\":[{\"@type\":\"ListItem\",\"position\":1,\"name\":\"Startseite\",\"item\":\"https:\/\/hotel4youth.de\/fr\"},{\"@type\":\"ListItem\",\"position\":2,\"name\":\"H\u00f4tel4Famille\"}]},{\"@type\":\"WebSite\",\"@id\":\"https:\/\/hotel4youth.de\/#website\",\"url\":\"https:\/\/hotel4youth.de\/\",\"name\":\"Hotel - H+ Hotel4 Youth Berlin - Am Mauerpark - Berlin Mitte\",\"description\":\"\",\"potentialAction\":[{\"@type\":\"SearchAction\",\"target\":{\"@type\":\"EntryPoint\",\"urlTemplate\":\"https:\/\/hotel4youth.de\/?s={search_term_string}\"},\"query-input\":{\"@type\":\"PropertyValueSpecification\",\"valueRequired\":true,\"valueName\":\"search_term_string\"}}],\"inLanguage\":\"fr-FR\"}]}<\/script>\n<!-- \/ Yoast SEO plugin. -->","yoast_head_json":{"title":"H\u00f4tel4Famille - Hotel - H+ Hotel4 Youth Berlin - Am Mauerpark - Berlin Mitte","robots":{"index":"index","follow":"follow","max-snippet":"max-snippet:-1","max-image-preview":"max-image-preview:large","max-video-preview":"max-video-preview:-1"},"canonical":"https:\/\/hotel4youth.de\/fr\/hotel4famille","og_locale":"fr_FR","og_type":"article","og_title":"H\u00f4tel4Famille - Hotel - H+ Hotel4 Youth Berlin - Am Mauerpark - Berlin Mitte","og_description":"H\u00f4tel4FamilleInformations pour les groupes et voyage scolairesL'h\u00f4tel4Youth am Mauerpark - Berlin Mitte a des ann\u00e9es d\u2019exp\u00e9rience dans l'encadrement et l\u2019h\u00e9bergement des groupes. Avec la collaboration de professeurs engag\u00e9s nous avons organis\u00e9s d'innombrables voyages scolaires, qui ont permis des s\u00e9jours inoubliables \u00e0 Berlin pour nombre de jeunes. 96 Chambres (198 Lits) avec Salle de bains &amp; [&hellip;]","og_url":"https:\/\/hotel4youth.de\/fr\/hotel4famille","og_site_name":"Hotel - H+ Hotel4 Youth Berlin - Am Mauerpark - Berlin Mitte","article_modified_time":"2025-03-13T02:59:19+00:00","twitter_card":"summary_large_image","twitter_misc":{"Dur\u00e9e de lecture estim\u00e9e":"7 minutes"},"schema":{"@context":"https:\/\/schema.org","@graph":[{"@type":"WebPage","@id":"https:\/\/hotel4youth.de\/fr\/hotel4famille","url":"https:\/\/hotel4youth.de\/fr\/hotel4famille","name":"H\u00f4tel4Famille - Hotel - H+ Hotel4 Youth Berlin - Am Mauerpark - Berlin Mitte","isPartOf":{"@id":"https:\/\/hotel4youth.de\/#website"},"datePublished":"2020-08-19T06:32:53+00:00","dateModified":"2025-03-13T02:59:19+00:00","breadcrumb":{"@id":"https:\/\/hotel4youth.de\/fr\/hotel4famille#breadcrumb"},"inLanguage":"fr-FR","potentialAction":[{"@type":"ReadAction","target":["https:\/\/hotel4youth.de\/fr\/hotel4famille"]}]},{"@type":"BreadcrumbList","@id":"https:\/\/hotel4youth.de\/fr\/hotel4famille#breadcrumb","itemListElement":[{"@type":"ListItem","position":1,"name":"Startseite","item":"https:\/\/hotel4youth.de\/fr"},{"@type":"ListItem","position":2,"name":"H\u00f4tel4Famille"}]},{"@type":"WebSite","@id":"https:\/\/hotel4youth.de\/#website","url":"https:\/\/hotel4youth.de\/","name":"Hotel - H+ Hotel4 Youth Berlin - Am Mauerpark - Berlin Mitte","description":"","potentialAction":[{"@type":"SearchAction","target":{"@type":"EntryPoint","urlTemplate":"https:\/\/hotel4youth.de\/?s={search_term_string}"},"query-input":{"@type":"PropertyValueSpecification","valueRequired":true,"valueName":"search_term_string"}}],"inLanguage":"fr-FR"}]}},"_links":{"self":[{"href":"https:\/\/hotel4youth.de\/fr\/wp-json\/wp\/v2\/pages\/2818","targetHints":{"allow":["GET"]}}],"collection":[{"href":"https:\/\/hotel4youth.de\/fr\/wp-json\/wp\/v2\/pages"}],"about":[{"href":"https:\/\/hotel4youth.de\/fr\/wp-json\/wp\/v2\/types\/page"}],"author":[{"embeddable":true,"href":"https:\/\/hotel4youth.de\/fr\/wp-json\/wp\/v2\/users\/1"}],"replies":[{"embeddable":true,"href":"https:\/\/hotel4youth.de\/fr\/wp-json\/wp\/v2\/comments?post=2818"}],"version-history":[{"count":8,"href":"https:\/\/hotel4youth.de\/fr\/wp-json\/wp\/v2\/pages\/2818\/revisions"}],"predecessor-version":[{"id":4224,"href":"https:\/\/hotel4youth.de\/fr\/wp-json\/wp\/v2\/pages\/2818\/revisions\/4224"}],"wp:attachment":[{"href":"https:\/\/hotel4youth.de\/fr\/wp-json\/wp\/v2\/media?parent=2818"}],"curies":[{"name":"wp","href":"https:\/\/api.w.org\/{rel}","templated":true}]}}