{"id":2676,"date":"2020-08-17T17:12:44","date_gmt":"2020-08-17T15:12:44","guid":{"rendered":"http:\/\/hotel-neu.123-insnetz.de\/faq"},"modified":"2020-08-17T17:12:45","modified_gmt":"2020-08-17T15:12:45","slug":"faq","status":"publish","type":"page","link":"https:\/\/hotel4youth.de\/fr\/faq","title":{"rendered":"FAQ"},"content":{"rendered":"<p>[et_pb_section fb_built=\u00a0\u00bb1&Prime; custom_padding_last_edited=\u00a0\u00bbon|phone\u00a0\u00bb _builder_version=\u00a0\u00bb4.4.2&Prime; background_enable_color=\u00a0\u00bboff\u00a0\u00bb background_image=\u00a0\u00bbhttp:\/\/hotel-neu.123-insnetz.de\/wp-content\/uploads\/2020\/08\/service-1.jpg\u00a0\u00bb custom_padding=\u00a0\u00bb12rem||12rem||false|false\u00a0\u00bb custom_padding_tablet=\u00a0\u00bb10rem||10rem||false|false\u00a0\u00bb custom_padding_phone=\u00a0\u00bb8rem||8rem||false|false\u00a0\u00bb][\/et_pb_section][et_pb_section fb_built=\u00a0\u00bb1&Prime; _builder_version=\u00a0\u00bb4.4.2&Prime; custom_margin=\u00a0\u00bb||2rem||false|false\u00a0\u00bb custom_padding=\u00a0\u00bb0px||0px||false|false\u00a0\u00bb][et_pb_row _builder_version=\u00a0\u00bb4.4.2&Prime; custom_padding=\u00a0\u00bb0px||0px||false|false\u00a0\u00bb][et_pb_column type=\u00a0\u00bb4_4&Prime; _builder_version=\u00a0\u00bb4.4.2&Prime;][et_pb_code _builder_version=\u00a0\u00bb4.4.2&Prime; text_orientation=\u00a0\u00bbcenter\u00a0\u00bb transform_styles__hover_enabled=\u00a0\u00bbon|hover\u00a0\u00bb transform_scale__hover_enabled=\u00a0\u00bbon|hover\u00a0\u00bb transform_translate__hover_enabled=\u00a0\u00bbon|desktop\u00a0\u00bb transform_rotate__hover_enabled=\u00a0\u00bbon|desktop\u00a0\u00bb transform_skew__hover_enabled=\u00a0\u00bbon|desktop\u00a0\u00bb transform_origin__hover_enabled=\u00a0\u00bbon|desktop\u00a0\u00bb transform_scale__hover=\u00a0\u00bb115%|115%\u00a0\u00bb]<a class=\"buchen-button-rund\" href=\"https:\/\/www.thebookingbutton.co.uk\/properties\/4youthdirect\" target=\"_blank\" rel=\"noopener noreferrer\">Book now<\/a>[\/et_pb_code][\/et_pb_column][\/et_pb_row][\/et_pb_section][et_pb_section fb_built=\u00a0\u00bb1&Prime; _builder_version=\u00a0\u00bb4.4.2&Prime; custom_margin=\u00a0\u00bb||||false|false\u00a0\u00bb custom_margin_tablet=\u00a0\u00bb-2rem||||false|false\u00a0\u00bb custom_margin_phone=\u00a0\u00bb\u00a0\u00bb custom_margin_last_edited=\u00a0\u00bbon|tablet\u00a0\u00bb custom_padding=\u00a0\u00bb0px||0px||false|false\u00a0\u00bb][et_pb_row _builder_version=\u00a0\u00bb4.4.2&Prime; custom_padding=\u00a0\u00bb||0px||false|false\u00a0\u00bb][et_pb_column type=\u00a0\u00bb4_4&Prime; _builder_version=\u00a0\u00bb4.4.2&Prime;][et_pb_text _builder_version=\u00a0\u00bb4.4.2&Prime; header_text_align=\u00a0\u00bbcenter\u00a0\u00bb header_line_height=\u00a0\u00bb1.2em\u00a0\u00bb custom_margin_tablet=\u00a0\u00bb||0px||false|false\u00a0\u00bb custom_margin_phone=\u00a0\u00bb\u00a0\u00bb custom_margin_last_edited=\u00a0\u00bbon|tablet\u00a0\u00bb header_font_size_tablet=\u00a0\u00bb40px\u00a0\u00bb header_font_size_phone=\u00a0\u00bb28px\u00a0\u00bb header_font_size_last_edited=\u00a0\u00bbon|phone\u00a0\u00bb]<\/p>\n<h1>FAQ<\/h1>\n<p>[\/et_pb_text][et_pb_divider color=\u00a0\u00bb#615D56&Prime; divider_weight=\u00a0\u00bb5px\u00a0\u00bb _builder_version=\u00a0\u00bb4.4.2&Prime; width=\u00a0\u00bb100px\u00a0\u00bb module_alignment=\u00a0\u00bbcenter\u00a0\u00bb custom_padding=\u00a0\u00bb2rem||2rem||false|false\u00a0\u00bb custom_padding_tablet=\u00a0\u00bb1rem||1rem||false|false\u00a0\u00bb custom_padding_phone=\u00a0\u00bb\u00a0\u00bb custom_padding_last_edited=\u00a0\u00bbon|phone\u00a0\u00bb][\/et_pb_divider][\/et_pb_column][\/et_pb_row][\/et_pb_section][et_pb_section fb_built=\u00a0\u00bb1&Prime; custom_padding_last_edited=\u00a0\u00bbon|phone\u00a0\u00bb _builder_version=\u00a0\u00bb4.4.2&Prime; background_color=\u00a0\u00bbrgba(97,93,86,0.1)\u00a0\u00bb custom_padding=\u00a0\u00bb2rem||8rem||false|false\u00a0\u00bb custom_padding_tablet=\u00a0\u00bb||2rem||false|false\u00a0\u00bb custom_padding_phone=\u00a0\u00bb1rem||1rem||false|false\u00a0\u00bb][et_pb_row _builder_version=\u00a0\u00bb4.4.2&Prime;][et_pb_column type=\u00a0\u00bb4_4&Prime; _builder_version=\u00a0\u00bb4.4.2&Prime;][et_pb_accordion _builder_version=\u00a0\u00bb4.4.2&Prime; text_orientation=\u00a0\u00bbleft\u00a0\u00bb hover_enabled=\u00a0\u00bb0&Prime;][et_pb_accordion_item title=\u00a0\u00bbR\u00e8glement\u00a0\u00bb open=\u00a0\u00bbon\u00a0\u00bb _builder_version=\u00a0\u00bb4.4.2&Prime;]Le r\u00e8glement se fait d\u00e8s l&rsquo;arriv\u00e9e \u00e0 Hotel4Youth am Mauerpark. Nous acceptons les principales cartes de cr\u00e9dit. (VISA, Mastercard, American Express und EC)[\/et_pb_accordion_item][et_pb_accordion_item title=\u00a0\u00bbDraps, couvertures et serviettes de toilette\u00a0\u00bb _builder_version=\u00a0\u00bb4.4.2&Prime; open=\u00a0\u00bboff\u00a0\u00bb]Chez nous tout est inclus: Draps, couvertures et serviettes de toilette. Pour les s\u00e9jours de longue dur\u00e9e, nous changeons les draps et les serviettes tout les quatre jours. Si vous d\u00e9sirez que ceux-ci soit chang\u00e9 quotidiennement cela vous en co\u00fbtera 1 \u20ac par jour.<br \/>\nNous prot\u00e9geons l&rsquo;environnement.[\/et_pb_accordion_item][et_pb_accordion_item title=\u00a0\u00bbLe petit d\u00e9jeuner\u00a0\u00bb _builder_version=\u00a0\u00bb4.4.2&Prime; open=\u00a0\u00bboff\u00a0\u00bb]Du lundi au vendredi: de 6.30h \u00e0 10.30h et de de 8h \u00e0 11h les samedis, dimanches, et jours f\u00e9ri\u00e9s.[\/et_pb_accordion_item][et_pb_accordion_item title=\u00a0\u00bbCheck-In &amp; Check-Out\u00a0\u00bb _builder_version=\u00a0\u00bb4.4.2&Prime; open=\u00a0\u00bboff\u00a0\u00bb]Check-in \u00e0 partir de 15h.<br \/>\nCheck out \u00e0 12h.<br \/>\nLate Check-Out a\u00b413h (suppl\u00e9ment de \u20ac 15,- )<br \/>\nSi votre question n&rsquo;est pas ici, appelez-nous ou \u00e9crivez-nous un <a href=\"mailto:mauerpark@hotel4youth.de\">E-Mail<\/a>.[\/et_pb_accordion_item][et_pb_accordion_item title=\u00a0\u00bbCity Tax Berlin f\u00fchrt \u00dcbernachtungssteuer ein\u00a0\u00bb _builder_version=\u00a0\u00bb4.4.2&Prime; open=\u00a0\u00bboff\u00a0\u00bb]<\/p>\n<p>Wir m\u00f6chten Sie liebe G\u00e4ste informieren warum wir unsere Preise zum 01.01.2014 \u00e4ndern m\u00fcssen.<\/p>\n<p>Das Land Berlin wird ab dem 1. Januar 2014 eine Steuer auf private \u00dcbernachtungen in H\u00f6he von 5% des \u00dcbernachtungspreises erheben. Damit kommt Berlin auch seiner Verpflichtung aus der Sanierungsvereinbarung mit dem Stabilit\u00e4tsrat nach. Das Land hatte sich darin verpflichtet, die Einnahmenseite des Landeshaushalts zu st\u00e4rken.<\/p>\n<p>Senator Dr. Nu\u00dfbaum: \u201eBerlin zieht jedes Jahr Millionen von Touristen aus aller Welt an, mit stark steigender Tendenz. Mit der \u00dcbernachtungsteuer wollen wir erreichen, dass auch Touristen einen kleinen Beitrag dazu leisten, dass Berlin attraktiv bleibt und noch attraktiver wird. Davon profitieren sowohl die Berlinerinnen und Berliner als auch die Besucher dieser Stadt.\u201c (Info+quelle: <a href=\"https:\/\/www.berlin.de\/sen\/finanzen\/steuern\/nachrichten\/artikel.6163.php\" target=\"_blank\" rel=\"noopener noreferrer\">www.berlin.de\/sen\/finanzen\/steuern\/nachrichten\/artikel.6163.php<\/a>)<\/p>\n<p>[\/et_pb_accordion_item][et_pb_accordion_item title=\u00a0\u00bbR\u00e9duction\u00a0\u00bb _builder_version=\u00a0\u00bb4.4.2&Prime; hover_enabled=\u00a0\u00bb0&Prime; open=\u00a0\u00bboff\u00a0\u00bb]En plus des r\u00e9ductions pour les groupes nous offrons aussi des conditions sp\u00e9ciales pour nos visiteurs de longue dur\u00e9e ou pour nos habitu\u00e9s. Renseignez vous.<br \/>\n[\/et_pb_accordion_item][et_pb_accordion_item title=\u00a0\u00bbSave \/ Coffre\u00a0\u00bb _builder_version=\u00a0\u00bb4.4.2&Prime; hover_enabled=\u00a0\u00bb0&Prime; open=\u00a0\u00bboff\u00a0\u00bb]Dans chaque chambre il y a un ou plusieurs coffres selon le nombre de lits. Vous obtenez la clef \u00e0 la r\u00e9ception, il vous en co\u00fbtera 0,50 \u20ac par jour.<br \/>\n[\/et_pb_accordion_item][et_pb_accordion_item title=\u00a0\u00bbConsigne \u00e0 bagage\u00a0\u00bb _builder_version=\u00a0\u00bb4.4.2&Prime; open=\u00a0\u00bboff\u00a0\u00bb]Si vous d\u00e9sirez d\u00e9poser vos bagages soit avant votre check-in ou apr\u00e8s votre check-out, nous en prendrons soin gratuitement avec s\u00fbret\u00e9.[\/et_pb_accordion_item][et_pb_accordion_item title=\u00a0\u00bbLe parking\u00a0\u00bb _builder_version=\u00a0\u00bb4.4.2&Prime; hover_enabled=\u00a0\u00bb0&Prime; open=\u00a0\u00bboff\u00a0\u00bb]<\/p>\n<ul>\n<li>La place de parking priv\u00e9e co\u00fbte 25 \u20ac par nuit, dans la limite des places disponibles, la place ne peut \u00eatre r\u00e9serv\u00e9e \u00e0 l&rsquo;avance.<\/li>\n<li>D&rsquo;autre part vous pouvez vous garer gratuitement non loin de l&rsquo;h\u00f4tel.<\/li>\n<\/ul>\n<p>[\/et_pb_accordion_item][\/et_pb_accordion][\/et_pb_column][\/et_pb_row][\/et_pb_section][et_pb_section fb_built=\u00a0\u00bb1&Prime; _builder_version=\u00a0\u00bb4.4.2&Prime; background_color=\u00a0\u00bbrgba(97,93,86,0.1)\u00a0\u00bb custom_margin=\u00a0\u00bb||2rem||false|false\u00a0\u00bb custom_padding=\u00a0\u00bb0px||0px||false|false\u00a0\u00bb border_width_bottom=\u00a0\u00bb5px\u00a0\u00bb border_color_bottom=\u00a0\u00bb#615D56&Prime;][et_pb_row custom_padding_last_edited=\u00a0\u00bbon|phone\u00a0\u00bb _builder_version=\u00a0\u00bb4.4.2&Prime; background_image=\u00a0\u00bbhttp:\/\/hotel-neu.123-insnetz.de\/wp-content\/uploads\/\/2020\/07\/berlin-silhouette.svg\u00a0\u00bb background_size=\u00a0\u00bbcontain\u00a0\u00bb background_position=\u00a0\u00bbbottom_center\u00a0\u00bb custom_padding=\u00a0\u00bb5rem||5rem||false|false\u00a0\u00bb custom_padding_tablet=\u00a0\u00bb||1rem||false|false\u00a0\u00bb custom_padding_phone=\u00a0\u00bb5rem||||false|false\u00a0\u00bb][et_pb_column type=\u00a0\u00bb4_4&Prime; _builder_version=\u00a0\u00bb4.4.2&Prime;][\/et_pb_column][\/et_pb_row][\/et_pb_section]<\/p>\n","protected":false},"excerpt":{"rendered":"<p>FAQLe r\u00e8glement se fait d\u00e8s l&rsquo;arriv\u00e9e \u00e0 Hotel4Youth am Mauerpark. Nous acceptons les principales cartes de cr\u00e9dit. (VISA, Mastercard, American Express und EC)Chez nous tout est inclus: Draps, couvertures et serviettes de toilette. Pour les s\u00e9jours de longue dur\u00e9e, nous changeons les draps et les serviettes tout les quatre jours. Si vous d\u00e9sirez que ceux-ci [&hellip;]<\/p>\n","protected":false},"author":1,"featured_media":0,"parent":0,"menu_order":0,"comment_status":"closed","ping_status":"closed","template":"","meta":{"_et_pb_use_builder":"on","_et_pb_old_content":"","_et_gb_content_width":"","footnotes":""},"class_list":["post-2676","page","type-page","status-publish","hentry"],"yoast_head":"<!-- This site is optimized with the Yoast SEO plugin v26.9 - https:\/\/yoast.com\/product\/yoast-seo-wordpress\/ -->\n<title>FAQ - Hotel - H+ Hotel4 Youth Berlin - Am Mauerpark - Berlin Mitte<\/title>\n<meta name=\"robots\" content=\"index, follow, max-snippet:-1, max-image-preview:large, max-video-preview:-1\" \/>\n<link rel=\"canonical\" href=\"https:\/\/hotel4youth.de\/fr\/faq\" \/>\n<meta property=\"og:locale\" content=\"fr_FR\" \/>\n<meta property=\"og:type\" content=\"article\" \/>\n<meta property=\"og:title\" content=\"FAQ - Hotel - H+ Hotel4 Youth Berlin - Am Mauerpark - Berlin Mitte\" \/>\n<meta property=\"og:description\" content=\"FAQLe r\u00e8glement se fait d\u00e8s l&#039;arriv\u00e9e \u00e0 Hotel4Youth am Mauerpark. Nous acceptons les principales cartes de cr\u00e9dit. (VISA, Mastercard, American Express und EC)Chez nous tout est inclus: Draps, couvertures et serviettes de toilette. Pour les s\u00e9jours de longue dur\u00e9e, nous changeons les draps et les serviettes tout les quatre jours. Si vous d\u00e9sirez que ceux-ci [&hellip;]\" \/>\n<meta property=\"og:url\" content=\"https:\/\/hotel4youth.de\/fr\/faq\" \/>\n<meta property=\"og:site_name\" content=\"Hotel - H+ Hotel4 Youth Berlin - Am Mauerpark - Berlin Mitte\" \/>\n<meta property=\"article:modified_time\" content=\"2020-08-17T15:12:45+00:00\" \/>\n<meta name=\"twitter:card\" content=\"summary_large_image\" \/>\n<meta name=\"twitter:label1\" content=\"Dur\u00e9e de lecture estim\u00e9e\" \/>\n\t<meta name=\"twitter:data1\" content=\"5 minutes\" \/>\n<script type=\"application\/ld+json\" class=\"yoast-schema-graph\">{\"@context\":\"https:\/\/schema.org\",\"@graph\":[{\"@type\":\"WebPage\",\"@id\":\"https:\/\/hotel4youth.de\/fr\/faq\",\"url\":\"https:\/\/hotel4youth.de\/fr\/faq\",\"name\":\"FAQ - Hotel - H+ Hotel4 Youth Berlin - Am Mauerpark - Berlin Mitte\",\"isPartOf\":{\"@id\":\"https:\/\/hotel4youth.de\/#website\"},\"datePublished\":\"2020-08-17T15:12:44+00:00\",\"dateModified\":\"2020-08-17T15:12:45+00:00\",\"breadcrumb\":{\"@id\":\"https:\/\/hotel4youth.de\/fr\/faq#breadcrumb\"},\"inLanguage\":\"fr-FR\",\"potentialAction\":[{\"@type\":\"ReadAction\",\"target\":[\"https:\/\/hotel4youth.de\/fr\/faq\"]}]},{\"@type\":\"BreadcrumbList\",\"@id\":\"https:\/\/hotel4youth.de\/fr\/faq#breadcrumb\",\"itemListElement\":[{\"@type\":\"ListItem\",\"position\":1,\"name\":\"Startseite\",\"item\":\"https:\/\/hotel4youth.de\/fr\"},{\"@type\":\"ListItem\",\"position\":2,\"name\":\"FAQ\"}]},{\"@type\":\"WebSite\",\"@id\":\"https:\/\/hotel4youth.de\/#website\",\"url\":\"https:\/\/hotel4youth.de\/\",\"name\":\"Hotel - H+ Hotel4 Youth Berlin - Am Mauerpark - Berlin Mitte\",\"description\":\"\",\"potentialAction\":[{\"@type\":\"SearchAction\",\"target\":{\"@type\":\"EntryPoint\",\"urlTemplate\":\"https:\/\/hotel4youth.de\/?s={search_term_string}\"},\"query-input\":{\"@type\":\"PropertyValueSpecification\",\"valueRequired\":true,\"valueName\":\"search_term_string\"}}],\"inLanguage\":\"fr-FR\"}]}<\/script>\n<!-- \/ Yoast SEO plugin. -->","yoast_head_json":{"title":"FAQ - Hotel - H+ Hotel4 Youth Berlin - Am Mauerpark - Berlin Mitte","robots":{"index":"index","follow":"follow","max-snippet":"max-snippet:-1","max-image-preview":"max-image-preview:large","max-video-preview":"max-video-preview:-1"},"canonical":"https:\/\/hotel4youth.de\/fr\/faq","og_locale":"fr_FR","og_type":"article","og_title":"FAQ - Hotel - H+ Hotel4 Youth Berlin - Am Mauerpark - Berlin Mitte","og_description":"FAQLe r\u00e8glement se fait d\u00e8s l'arriv\u00e9e \u00e0 Hotel4Youth am Mauerpark. Nous acceptons les principales cartes de cr\u00e9dit. (VISA, Mastercard, American Express und EC)Chez nous tout est inclus: Draps, couvertures et serviettes de toilette. Pour les s\u00e9jours de longue dur\u00e9e, nous changeons les draps et les serviettes tout les quatre jours. Si vous d\u00e9sirez que ceux-ci [&hellip;]","og_url":"https:\/\/hotel4youth.de\/fr\/faq","og_site_name":"Hotel - H+ Hotel4 Youth Berlin - Am Mauerpark - Berlin Mitte","article_modified_time":"2020-08-17T15:12:45+00:00","twitter_card":"summary_large_image","twitter_misc":{"Dur\u00e9e de lecture estim\u00e9e":"5 minutes"},"schema":{"@context":"https:\/\/schema.org","@graph":[{"@type":"WebPage","@id":"https:\/\/hotel4youth.de\/fr\/faq","url":"https:\/\/hotel4youth.de\/fr\/faq","name":"FAQ - Hotel - H+ Hotel4 Youth Berlin - Am Mauerpark - Berlin Mitte","isPartOf":{"@id":"https:\/\/hotel4youth.de\/#website"},"datePublished":"2020-08-17T15:12:44+00:00","dateModified":"2020-08-17T15:12:45+00:00","breadcrumb":{"@id":"https:\/\/hotel4youth.de\/fr\/faq#breadcrumb"},"inLanguage":"fr-FR","potentialAction":[{"@type":"ReadAction","target":["https:\/\/hotel4youth.de\/fr\/faq"]}]},{"@type":"BreadcrumbList","@id":"https:\/\/hotel4youth.de\/fr\/faq#breadcrumb","itemListElement":[{"@type":"ListItem","position":1,"name":"Startseite","item":"https:\/\/hotel4youth.de\/fr"},{"@type":"ListItem","position":2,"name":"FAQ"}]},{"@type":"WebSite","@id":"https:\/\/hotel4youth.de\/#website","url":"https:\/\/hotel4youth.de\/","name":"Hotel - H+ Hotel4 Youth Berlin - Am Mauerpark - Berlin Mitte","description":"","potentialAction":[{"@type":"SearchAction","target":{"@type":"EntryPoint","urlTemplate":"https:\/\/hotel4youth.de\/?s={search_term_string}"},"query-input":{"@type":"PropertyValueSpecification","valueRequired":true,"valueName":"search_term_string"}}],"inLanguage":"fr-FR"}]}},"_links":{"self":[{"href":"https:\/\/hotel4youth.de\/fr\/wp-json\/wp\/v2\/pages\/2676","targetHints":{"allow":["GET"]}}],"collection":[{"href":"https:\/\/hotel4youth.de\/fr\/wp-json\/wp\/v2\/pages"}],"about":[{"href":"https:\/\/hotel4youth.de\/fr\/wp-json\/wp\/v2\/types\/page"}],"author":[{"embeddable":true,"href":"https:\/\/hotel4youth.de\/fr\/wp-json\/wp\/v2\/users\/1"}],"replies":[{"embeddable":true,"href":"https:\/\/hotel4youth.de\/fr\/wp-json\/wp\/v2\/comments?post=2676"}],"version-history":[{"count":3,"href":"https:\/\/hotel4youth.de\/fr\/wp-json\/wp\/v2\/pages\/2676\/revisions"}],"predecessor-version":[{"id":2679,"href":"https:\/\/hotel4youth.de\/fr\/wp-json\/wp\/v2\/pages\/2676\/revisions\/2679"}],"wp:attachment":[{"href":"https:\/\/hotel4youth.de\/fr\/wp-json\/wp\/v2\/media?parent=2676"}],"curies":[{"name":"wp","href":"https:\/\/api.w.org\/{rel}","templated":true}]}}