{"id":2652,"date":"2020-08-17T16:47:19","date_gmt":"2020-08-17T14:47:19","guid":{"rendered":"http:\/\/hotel-neu.123-insnetz.de\/imprint"},"modified":"2020-08-17T16:47:20","modified_gmt":"2020-08-17T14:47:20","slug":"imprint","status":"publish","type":"page","link":"https:\/\/hotel4youth.de\/fr\/imprint","title":{"rendered":"Imprint"},"content":{"rendered":"<p>[et_pb_section fb_built=\u00a0\u00bb1&Prime; custom_padding_last_edited=\u00a0\u00bbon|phone\u00a0\u00bb _builder_version=\u00a0\u00bb4.4.2&Prime; background_enable_color=\u00a0\u00bboff\u00a0\u00bb background_image=\u00a0\u00bbhttp:\/\/hotel-neu.123-insnetz.de\/wp-content\/uploads\/2020\/08\/service-1.jpg\u00a0\u00bb custom_padding=\u00a0\u00bb12rem||12rem||false|false\u00a0\u00bb custom_padding_tablet=\u00a0\u00bb10rem||10rem||false|false\u00a0\u00bb custom_padding_phone=\u00a0\u00bb8rem||8rem||false|false\u00a0\u00bb][\/et_pb_section][et_pb_section fb_built=\u00a0\u00bb1&Prime; _builder_version=\u00a0\u00bb4.4.2&Prime; custom_margin=\u00a0\u00bb||2rem||false|false\u00a0\u00bb custom_padding=\u00a0\u00bb0px||0px||false|false\u00a0\u00bb][et_pb_row _builder_version=\u00a0\u00bb4.4.2&Prime; custom_padding=\u00a0\u00bb0px||0px||false|false\u00a0\u00bb][et_pb_column type=\u00a0\u00bb4_4&Prime; _builder_version=\u00a0\u00bb4.4.2&Prime;][et_pb_code _builder_version=\u00a0\u00bb4.4.2&Prime; text_orientation=\u00a0\u00bbcenter\u00a0\u00bb transform_styles__hover_enabled=\u00a0\u00bbon|hover\u00a0\u00bb transform_scale__hover_enabled=\u00a0\u00bbon|hover\u00a0\u00bb transform_translate__hover_enabled=\u00a0\u00bbon|desktop\u00a0\u00bb transform_rotate__hover_enabled=\u00a0\u00bbon|desktop\u00a0\u00bb transform_skew__hover_enabled=\u00a0\u00bbon|desktop\u00a0\u00bb transform_origin__hover_enabled=\u00a0\u00bbon|desktop\u00a0\u00bb transform_scale__hover=\u00a0\u00bb115%|115%\u00a0\u00bb]<a class=\"buchen-button-rund\" href=\"https:\/\/www.thebookingbutton.co.uk\/properties\/4youthdirect\" target=\"_blank\" rel=\"noopener noreferrer\">Book now<\/a>[\/et_pb_code][\/et_pb_column][\/et_pb_row][\/et_pb_section][et_pb_section fb_built=\u00a0\u00bb1&Prime; _builder_version=\u00a0\u00bb4.4.2&Prime; custom_margin=\u00a0\u00bb||||false|false\u00a0\u00bb custom_margin_tablet=\u00a0\u00bb-2rem||||false|false\u00a0\u00bb custom_margin_phone=\u00a0\u00bb\u00a0\u00bb custom_margin_last_edited=\u00a0\u00bbon|tablet\u00a0\u00bb custom_padding=\u00a0\u00bb0px||0px||false|false\u00a0\u00bb][et_pb_row _builder_version=\u00a0\u00bb4.4.2&Prime; custom_padding=\u00a0\u00bb||0px||false|false\u00a0\u00bb][et_pb_column type=\u00a0\u00bb4_4&Prime; _builder_version=\u00a0\u00bb4.4.2&Prime;][et_pb_text _builder_version=\u00a0\u00bb4.4.2&Prime; header_text_align=\u00a0\u00bbcenter\u00a0\u00bb header_line_height=\u00a0\u00bb1.2em\u00a0\u00bb custom_margin_tablet=\u00a0\u00bb||0px||false|false\u00a0\u00bb custom_margin_phone=\u00a0\u00bb\u00a0\u00bb custom_margin_last_edited=\u00a0\u00bbon|tablet\u00a0\u00bb header_font_size_tablet=\u00a0\u00bb40px\u00a0\u00bb header_font_size_phone=\u00a0\u00bb28px\u00a0\u00bb header_font_size_last_edited=\u00a0\u00bbon|phone\u00a0\u00bb]<\/p>\n<h1>Imprint<\/h1>\n<p>[\/et_pb_text][et_pb_divider color=\u00a0\u00bb#615D56&Prime; divider_weight=\u00a0\u00bb5px\u00a0\u00bb _builder_version=\u00a0\u00bb4.4.2&Prime; width=\u00a0\u00bb100px\u00a0\u00bb module_alignment=\u00a0\u00bbcenter\u00a0\u00bb custom_padding=\u00a0\u00bb2rem||2rem||false|false\u00a0\u00bb custom_padding_tablet=\u00a0\u00bb1rem||1rem||false|false\u00a0\u00bb custom_padding_phone=\u00a0\u00bb\u00a0\u00bb custom_padding_last_edited=\u00a0\u00bbon|phone\u00a0\u00bb][\/et_pb_divider][\/et_pb_column][\/et_pb_row][\/et_pb_section][et_pb_section fb_built=\u00a0\u00bb1&Prime; custom_padding_last_edited=\u00a0\u00bbon|phone\u00a0\u00bb _builder_version=\u00a0\u00bb4.4.2&Prime; background_color=\u00a0\u00bbrgba(97,93,86,0.1)\u00a0\u00bb custom_padding=\u00a0\u00bb2rem||8rem||false|false\u00a0\u00bb custom_padding_tablet=\u00a0\u00bb||2rem||false|false\u00a0\u00bb custom_padding_phone=\u00a0\u00bb1rem||1rem||false|false\u00a0\u00bb][et_pb_row column_structure=\u00a0\u00bb2_3,1_3&Prime; use_custom_gutter=\u00a0\u00bbon\u00a0\u00bb gutter_width=\u00a0\u00bb4&Prime; _builder_version=\u00a0\u00bb4.4.2&Prime; custom_padding=\u00a0\u00bb||0px||false|false\u00a0\u00bb hover_enabled=\u00a0\u00bb0&Prime;][et_pb_column type=\u00a0\u00bb2_3&Prime; _builder_version=\u00a0\u00bb4.4.2&Prime;][et_pb_text _builder_version=\u00a0\u00bb4.4.2&Prime; header_2_text_color=\u00a0\u00bb#76B72A\u00a0\u00bb header_2_font_size=\u00a0\u00bb28px\u00a0\u00bb custom_margin=\u00a0\u00bb||1rem||false|false\u00a0\u00bb custom_padding=\u00a0\u00bb||||false|false\u00a0\u00bb header_2_font_size_tablet=\u00a0\u00bb26px\u00a0\u00bb header_2_font_size_phone=\u00a0\u00bb22px\u00a0\u00bb header_2_font_size_last_edited=\u00a0\u00bbon|phone\u00a0\u00bb]<\/p>\n<h2>Verwaltung und Postanschrift<\/h2>\n<p>[\/et_pb_text][et_pb_text _builder_version=\u00a0\u00bb4.4.2&Prime; hover_enabled=\u00a0\u00bb0&Prime; text_font_size_tablet=\u00a0\u00bb\u00a0\u00bb text_font_size_phone=\u00a0\u00bb14px\u00a0\u00bb text_font_size_last_edited=\u00a0\u00bbon|phone\u00a0\u00bb]<\/p>\n<p>Hotel4Youth GmbH<br \/> Bernauer Str. 45<br \/> 10435 Berlin<\/p>\n<p><strong>Kontakt:<\/strong><br \/> Telefon: +49 (0) 30 &#8211; 451 98 88 0<br \/> Telefax: +49 (0) 30 &#8211; 451 98 88 9<br \/> E-Mail: <a href=\"mailto:berlin.hplus@h-hotels.com\">berlin.hplus@h-hotels.com<\/a><\/p>\n<p>Gesch\u00e4ftsf\u00fchrerin: Malgorzata Krei\u00df<\/p>\n<p>Handelsregister: Amtsgericht Charlottenburg, Berlin HR B 84959<br \/> USt-IdNr. DE 221759758<\/p>\n<p>Allgemeine Gesch\u00e4ftsbedingungen<br \/><a href=\"http:\/\/hotel-neu.123-insnetz.de\/wp-content\/uploads\/2020\/08\/AGB_2017.pdf\" target=\"_blank\" rel=\"noopener noreferrer\" style=\"font-size: 16px;\">Unsere AGB zum Download<\/a><\/p>\n<p>[\/et_pb_text][et_pb_divider color=\u00a0\u00bb#76B72A\u00a0\u00bb divider_style=\u00a0\u00bbdotted\u00a0\u00bb divider_weight=\u00a0\u00bb2px\u00a0\u00bb _builder_version=\u00a0\u00bb4.4.2&Prime; custom_margin=\u00a0\u00bb4rem||1rem||false|false\u00a0\u00bb custom_padding=\u00a0\u00bb||||false|false\u00a0\u00bb][\/et_pb_divider][\/et_pb_column][et_pb_column type=\u00a0\u00bb1_3&Prime; _builder_version=\u00a0\u00bb4.4.2&Prime;][et_pb_image src=\u00a0\u00bbhttp:\/\/hotel-neu.123-insnetz.de\/wp-content\/uploads\/2020\/07\/h-hotel-symbol.png\u00a0\u00bb align=\u00a0\u00bbcenter\u00a0\u00bb module_class=\u00a0\u00bbicon-hotel-allgemein sidebar\u00a0\u00bb _builder_version=\u00a0\u00bb4.4.2&Prime; background_enable_color=\u00a0\u00bboff\u00a0\u00bb background_enable_image=\u00a0\u00bboff\u00a0\u00bb width=\u00a0\u00bb60px\u00a0\u00bb custom_margin=\u00a0\u00bb||0px||false|false\u00a0\u00bb custom_css_main_element=\u00a0\u00bbz-index: 99999;\u00a0\u00bb border_radii=\u00a0\u00bbon|80px|80px|80px|80px\u00a0\u00bb border_color_all=\u00a0\u00bbrgba(0,0,0,0)\u00a0\u00bb locked=\u00a0\u00bboff\u00a0\u00bb][\/et_pb_image][et_pb_cta title=\u00a0\u00bbGallery\u00a0\u00bb button_url=\u00a0\u00bb#\u00a0\u00bb button_text=\u00a0\u00bbMore\u00a0\u00bb module_class=\u00a0\u00bbinfokasten-sidebar\u00a0\u00bb _builder_version=\u00a0\u00bb4.4.2&Prime; header_level=\u00a0\u00bbh5&Prime; header_font_size=\u00a0\u00bb20px\u00a0\u00bb background_color=\u00a0\u00bb#76B72A\u00a0\u00bb custom_button=\u00a0\u00bbon\u00a0\u00bb button_text_color=\u00a0\u00bb#ffffff\u00a0\u00bb button_bg_color=\u00a0\u00bbrgba(0,0,0,0)\u00a0\u00bb button_use_icon=\u00a0\u00bboff\u00a0\u00bb button_custom_padding=\u00a0\u00bb1rem|1rem|1rem|1rem|true|true\u00a0\u00bb custom_margin=\u00a0\u00bb-30px||||false|false\u00a0\u00bb custom_padding=\u00a0\u00bb3rem|2rem|2rem|2rem|false|false\u00a0\u00bb header_font_size_tablet=\u00a0\u00bb18px\u00a0\u00bb header_font_size_phone=\u00a0\u00bb\u00a0\u00bb header_font_size_last_edited=\u00a0\u00bbon|phone\u00a0\u00bb body_font_size_tablet=\u00a0\u00bb\u00a0\u00bb body_font_size_phone=\u00a0\u00bb14px\u00a0\u00bb body_font_size_last_edited=\u00a0\u00bbon|phone\u00a0\u00bb button_text_size_tablet=\u00a0\u00bb\u00a0\u00bb button_text_size_phone=\u00a0\u00bb14px\u00a0\u00bb button_text_size_last_edited=\u00a0\u00bbon|phone\u00a0\u00bb button_text__hover_enabled=\u00a0\u00bbon|desktop\u00a0\u00bb button_bg_color__hover_enabled=\u00a0\u00bbon|hover\u00a0\u00bb button_bg_color__hover=\u00a0\u00bb#ffffff\u00a0\u00bb button_bg_enable_color__hover=\u00a0\u00bbon\u00a0\u00bb button_text_color__hover_enabled=\u00a0\u00bbon|hover\u00a0\u00bb button_text_color__hover=\u00a0\u00bb#76B72A\u00a0\u00bb button_border_color__hover_enabled=\u00a0\u00bbon|hover\u00a0\u00bb button_border_color__hover=\u00a0\u00bb#ffffff\u00a0\u00bb body_font_size__hover_enabled=\u00a0\u00bboff|desktop\u00a0\u00bb]Have a look in our galleriy.[\/et_pb_cta][\/et_pb_column][\/et_pb_row][et_pb_row _builder_version=\u00a0\u00bb4.4.2&Prime; hover_enabled=\u00a0\u00bb0&Prime; column_structure=\u00a0\u00bb2_3,1_3&Prime;][et_pb_column type=\u00a0\u00bb2_3&Prime; _builder_version=\u00a0\u00bb4.4.2&Prime;][et_pb_text _builder_version=\u00a0\u00bb4.4.2&Prime; hover_enabled=\u00a0\u00bb0&Prime; text_font_size_tablet=\u00a0\u00bb\u00a0\u00bb text_font_size_phone=\u00a0\u00bb14px\u00a0\u00bb text_font_size_last_edited=\u00a0\u00bbon|phone\u00a0\u00bb]<\/p>\n<p><strong>Verantwortlich im Sinne des Presserechts<\/p>\n<p><\/strong>Hotel4Youth GmbH, Berlin<\/p>\n<p>Alle Rechte vorbehalten. Die verwendeten Bilder, Texte und Animationsdateien unterliegen dem Urheberrecht und anderen Gesetzen zum Schutz des geistigen Eigentums. Die Weitergabe, Ver\u00e4nderung, gewerbliche Nutzung oder Verwendung auf anderen Websites ist untersagt.<\/p>\n<p><em>(c) 2016 Hotel4Youth GmbH<\/em><\/p>\n<p><strong>Haftung<\/p>\n<p> <\/strong>Die Internetpr\u00e4senz der Hotel4Youth GmbH beinhaltet Links zu fremden Angeboten. Die Hotel4Youth GmbH macht sich diese fremden Seiteninhalte nicht zu Eigen. Es hat keinen Einfluss auf die fremden Seiteninhalte, \u00fcbernimmt daf\u00fcr keinerlei Verantwortung und distanziert sich ausdr\u00fccklich davon. Sollten durch diese fremden Inhalte Rechte oder gesetzliche Vorschriften verletzt werden, wird die Hotel4Youth GmbH den Link unverz\u00fcglich beseitigen, sobald ihm die Rechts- oder Gesetzesverletzung angezeigt wurde.<\/p>\n<p><strong>Google Analytics<\/p>\n<p> <\/strong>Diese Webseite benutzt Google Analytics, einen Webanalysedienst der Google Inc. und zus\u00e4tzliche Trackingdienste weiterer Trackingdienstleister.<\/p>\n<p>Google Analytics verwendet sog. Cookies, Textdateien, die auf Ihrem Computer gespeichert werden. Diese Textdateien erm\u00f6glichen eine Analyse der Verwendung dieser Seite.<\/p>\n<p>Die in dem Cookie erzeugten und gespeicherten Informationen \u00fcber Ihre Nutzung dieser Seite (einschlie\u00dflich Ihrer IP-Adresse) werden an einen Server von Google (USA) \u00fcbertragen und dort gespeichert.<\/p>\n<p>Google verwendet diese Informationen, um die Nutzung dieser Seite auszuwerten und um Statistiken \u00fcber die Seitenaktivit\u00e4ten f\u00fcr den Seitenbetreiber zusammen zustellen bzw. um weitere mit der Nutzung der Webseite und der Nutzung des Internets verbundene Dienstleistungen zu erbringen.<\/p>\n<p>Google wird diese Informationen m\u00f6glicherweise an Dritte \u00fcbertragen, sofern dies gesetzlich vorge-schrieben ist oder soweit Dritte diese Daten im Auftrag von Google verarbeiten.<\/p>\n<p>Google wird in keinem Fall Ihre IP-Adresse mit anderen Daten von Google in Verbindung bringen.<\/p>\n<p>Sie k\u00f6nnen die Installation der Cookies durch eine entsprechende Einstellung in Ihrer Browser Software verhindern.<\/p>\n<p>Durch die Nutzung dieser Seite erkl\u00e4ren Sie sich mit der Bearbeitung der \u00fcber Ihre IP-Adresse erhobenen Daten durch Google in der zuvor beschriebenen Art und Weise und zu dem zuvor benannten Zweck einverstanden.<\/p>\n<p><strong>Verwendung von Facebook Social Plugins<\/strong><\/p>\n<p>Unser Internetauftritt verwendet Social Plugins (\u00ab\u00a0Plugins\u00a0\u00bb) des sozialen Netzwerkes facebook.com, welches von der Facebook Inc., 1601 S. California Ave, Palo Alto, CA 94304, USA betrieben wird (\u00ab\u00a0Facebook\u00a0\u00bb). Die Plugins sind an einem der Facebook Logos erkennbar oder sind mit dem Zusatz Facebook Social Plugin gekennzeichnet. Die Liste und das Aussehen der Facebook Social Plugins kann hier eingesehen werden: <a href=\"https:\/\/developers.facebook.com\/plugins\" target=\"_blank\" rel=\"noopener noreferrer\">https:\/\/developers.facebook.com\/plugins<\/a>.<\/p>\n<p>Wenn Sie eine Webseite unseres Internetauftritts aufrufen, die ein solches Plugin enth\u00e4lt, baut Ihr Browser eine direkte Verbindung mit den Servern von Facebook auf. Der Inhalt des Plugins wird von Facebook direkt an Ihren Browser \u00fcbermittelt und von diesem in die Webseite eingebunden. Wir haben daher keinen Einfluss auf den Umfang der Daten, die Facebook mit Hilfe dieses Plugins erhebt und informieren Sie daher entsprechend unserem Kenntnisstand:<\/p>\n<p>Durch die Einbindung der Plugins erh\u00e4lt Facebook die Information, dass Sie die entsprechende Seite unseres Internetauftritts aufgerufen haben. Sind Sie bei Facebook eingeloggt, kann Facebook den Besuch Ihrem Facebook-Konto zuordnen. Wenn Sie mit den Plugins interagieren, zum Beispiel den Like Button bet\u00e4tigen oder einen Kommentar abgeben, wird die entsprechende Information von Ihrem Browser direkt an Facebook \u00fcbermittelt und dort gespeichert. Falls Sie kein Mitglied von Facebook sind, besteht trotzdem die M\u00f6glichkeit, dass Facebook Ihre IP-Adresse in Erfahrung bringt und speichert.<\/p>\n<p>Zweck und Umfang der Datenerhebung und die weitere Verarbeitung und Nutzung der Daten durch Facebook sowie Ihre diesbez\u00fcglichen Rechte und Einstellungsm\u00f6glichkeiten zum Schutz Ihrer Privatssph\u00e4re entnehmen Sie bitte den Datenschutzhinweisen von Facebook: http:\/\/www.facebook.com\/policy.php.<br \/> Wenn Sie Facebookmitglied sind und nicht m\u00f6chten, dass Facebook \u00fcber unseren Internetauftritt Daten \u00fcber Sie sammelt und mit Ihren bei Facebook gespeicherten Mitgliedsdaten verkn\u00fcpft, m\u00fcssen Sie sich vor Ihrem Besuch unseres Internetauftritts bei Facebook ausloggen.<\/p>\n<p>Ebenfalls ist es m\u00f6glich Facebook-Social-Plugins mit Add-ons f\u00fcr Ihren Browser zu blocken, zum Beispiel mit dem Facebook Blocker.<\/p>\n<p>[\/et_pb_text][\/et_pb_column][et_pb_column type=\u00a0\u00bb1_3&Prime; _builder_version=\u00a0\u00bb4.4.2&Prime;][\/et_pb_column][\/et_pb_row][\/et_pb_section][et_pb_section fb_built=\u00a0\u00bb1&Prime; _builder_version=\u00a0\u00bb4.4.2&Prime; background_color=\u00a0\u00bbrgba(97,93,86,0.1)\u00a0\u00bb custom_margin=\u00a0\u00bb||2rem||false|false\u00a0\u00bb custom_padding=\u00a0\u00bb0px||0px||false|false\u00a0\u00bb border_width_bottom=\u00a0\u00bb5px\u00a0\u00bb border_color_bottom=\u00a0\u00bb#615D56&Prime;][et_pb_row custom_padding_last_edited=\u00a0\u00bbon|phone\u00a0\u00bb _builder_version=\u00a0\u00bb4.4.2&Prime; background_image=\u00a0\u00bbhttp:\/\/hotel-neu.123-insnetz.de\/wp-content\/uploads\/\/2020\/07\/berlin-silhouette.svg\u00a0\u00bb background_size=\u00a0\u00bbcontain\u00a0\u00bb background_position=\u00a0\u00bbbottom_center\u00a0\u00bb custom_padding=\u00a0\u00bb5rem||5rem||false|false\u00a0\u00bb custom_padding_tablet=\u00a0\u00bb||1rem||false|false\u00a0\u00bb custom_padding_phone=\u00a0\u00bb5rem||||false|false\u00a0\u00bb][et_pb_column type=\u00a0\u00bb4_4&Prime; _builder_version=\u00a0\u00bb4.4.2&Prime;][\/et_pb_column][\/et_pb_row][\/et_pb_section]<\/p>\n","protected":false},"excerpt":{"rendered":"<p>ImprintVerwaltung und PostanschriftHotel4Youth GmbH Bernauer Str. 45 10435 Berlin Kontakt: Telefon: +49 (0) 30 &#8211; 451 98 88 0 Telefax: +49 (0) 30 &#8211; 451 98 88 9 E-Mail: berlin.hplus@h-hotels.com Gesch\u00e4ftsf\u00fchrerin: Malgorzata Krei\u00df Handelsregister: Amtsgericht Charlottenburg, Berlin HR B 84959 USt-IdNr. DE 221759758 Allgemeine Gesch\u00e4ftsbedingungenUnsere AGB zum DownloadHave a look in our galleriy.Verantwortlich im Sinne [&hellip;]<\/p>\n","protected":false},"author":1,"featured_media":0,"parent":0,"menu_order":0,"comment_status":"closed","ping_status":"closed","template":"","meta":{"_et_pb_use_builder":"on","_et_pb_old_content":"","_et_gb_content_width":"","footnotes":""},"class_list":["post-2652","page","type-page","status-publish","hentry"],"yoast_head":"<!-- This site is optimized with the Yoast SEO plugin v26.9 - https:\/\/yoast.com\/product\/yoast-seo-wordpress\/ -->\n<title>Imprint - Hotel - H+ Hotel4 Youth Berlin - Am Mauerpark - Berlin Mitte<\/title>\n<meta name=\"robots\" content=\"index, follow, max-snippet:-1, max-image-preview:large, max-video-preview:-1\" \/>\n<link rel=\"canonical\" href=\"https:\/\/hotel4youth.de\/fr\/imprint\" \/>\n<meta property=\"og:locale\" content=\"fr_FR\" \/>\n<meta property=\"og:type\" content=\"article\" \/>\n<meta property=\"og:title\" content=\"Imprint - Hotel - H+ Hotel4 Youth Berlin - Am Mauerpark - Berlin Mitte\" \/>\n<meta property=\"og:description\" content=\"ImprintVerwaltung und PostanschriftHotel4Youth GmbH Bernauer Str. 45 10435 Berlin Kontakt: Telefon: +49 (0) 30 - 451 98 88 0 Telefax: +49 (0) 30 - 451 98 88 9 E-Mail: berlin.hplus@h-hotels.com Gesch\u00e4ftsf\u00fchrerin: Malgorzata Krei\u00df Handelsregister: Amtsgericht Charlottenburg, Berlin HR B 84959 USt-IdNr. DE 221759758 Allgemeine Gesch\u00e4ftsbedingungenUnsere AGB zum DownloadHave a look in our galleriy.Verantwortlich im Sinne [&hellip;]\" \/>\n<meta property=\"og:url\" content=\"https:\/\/hotel4youth.de\/fr\/imprint\" \/>\n<meta property=\"og:site_name\" content=\"Hotel - H+ Hotel4 Youth Berlin - Am Mauerpark - Berlin Mitte\" \/>\n<meta property=\"article:modified_time\" content=\"2020-08-17T14:47:20+00:00\" \/>\n<meta name=\"twitter:card\" content=\"summary_large_image\" \/>\n<meta name=\"twitter:label1\" content=\"Dur\u00e9e de lecture estim\u00e9e\" \/>\n\t<meta name=\"twitter:data1\" content=\"8 minutes\" \/>\n<script type=\"application\/ld+json\" class=\"yoast-schema-graph\">{\"@context\":\"https:\/\/schema.org\",\"@graph\":[{\"@type\":\"WebPage\",\"@id\":\"https:\/\/hotel4youth.de\/fr\/imprint\",\"url\":\"https:\/\/hotel4youth.de\/fr\/imprint\",\"name\":\"Imprint - Hotel - H+ Hotel4 Youth Berlin - Am Mauerpark - Berlin Mitte\",\"isPartOf\":{\"@id\":\"https:\/\/hotel4youth.de\/#website\"},\"datePublished\":\"2020-08-17T14:47:19+00:00\",\"dateModified\":\"2020-08-17T14:47:20+00:00\",\"breadcrumb\":{\"@id\":\"https:\/\/hotel4youth.de\/fr\/imprint#breadcrumb\"},\"inLanguage\":\"fr-FR\",\"potentialAction\":[{\"@type\":\"ReadAction\",\"target\":[\"https:\/\/hotel4youth.de\/fr\/imprint\"]}]},{\"@type\":\"BreadcrumbList\",\"@id\":\"https:\/\/hotel4youth.de\/fr\/imprint#breadcrumb\",\"itemListElement\":[{\"@type\":\"ListItem\",\"position\":1,\"name\":\"Startseite\",\"item\":\"https:\/\/hotel4youth.de\/fr\"},{\"@type\":\"ListItem\",\"position\":2,\"name\":\"Imprint\"}]},{\"@type\":\"WebSite\",\"@id\":\"https:\/\/hotel4youth.de\/#website\",\"url\":\"https:\/\/hotel4youth.de\/\",\"name\":\"Hotel - H+ Hotel4 Youth Berlin - Am Mauerpark - Berlin Mitte\",\"description\":\"\",\"potentialAction\":[{\"@type\":\"SearchAction\",\"target\":{\"@type\":\"EntryPoint\",\"urlTemplate\":\"https:\/\/hotel4youth.de\/?s={search_term_string}\"},\"query-input\":{\"@type\":\"PropertyValueSpecification\",\"valueRequired\":true,\"valueName\":\"search_term_string\"}}],\"inLanguage\":\"fr-FR\"}]}<\/script>\n<!-- \/ Yoast SEO plugin. -->","yoast_head_json":{"title":"Imprint - Hotel - H+ Hotel4 Youth Berlin - Am Mauerpark - Berlin Mitte","robots":{"index":"index","follow":"follow","max-snippet":"max-snippet:-1","max-image-preview":"max-image-preview:large","max-video-preview":"max-video-preview:-1"},"canonical":"https:\/\/hotel4youth.de\/fr\/imprint","og_locale":"fr_FR","og_type":"article","og_title":"Imprint - Hotel - H+ Hotel4 Youth Berlin - Am Mauerpark - Berlin Mitte","og_description":"ImprintVerwaltung und PostanschriftHotel4Youth GmbH Bernauer Str. 45 10435 Berlin Kontakt: Telefon: +49 (0) 30 - 451 98 88 0 Telefax: +49 (0) 30 - 451 98 88 9 E-Mail: berlin.hplus@h-hotels.com Gesch\u00e4ftsf\u00fchrerin: Malgorzata Krei\u00df Handelsregister: Amtsgericht Charlottenburg, Berlin HR B 84959 USt-IdNr. DE 221759758 Allgemeine Gesch\u00e4ftsbedingungenUnsere AGB zum DownloadHave a look in our galleriy.Verantwortlich im Sinne [&hellip;]","og_url":"https:\/\/hotel4youth.de\/fr\/imprint","og_site_name":"Hotel - H+ Hotel4 Youth Berlin - Am Mauerpark - Berlin Mitte","article_modified_time":"2020-08-17T14:47:20+00:00","twitter_card":"summary_large_image","twitter_misc":{"Dur\u00e9e de lecture estim\u00e9e":"8 minutes"},"schema":{"@context":"https:\/\/schema.org","@graph":[{"@type":"WebPage","@id":"https:\/\/hotel4youth.de\/fr\/imprint","url":"https:\/\/hotel4youth.de\/fr\/imprint","name":"Imprint - Hotel - H+ Hotel4 Youth Berlin - Am Mauerpark - Berlin Mitte","isPartOf":{"@id":"https:\/\/hotel4youth.de\/#website"},"datePublished":"2020-08-17T14:47:19+00:00","dateModified":"2020-08-17T14:47:20+00:00","breadcrumb":{"@id":"https:\/\/hotel4youth.de\/fr\/imprint#breadcrumb"},"inLanguage":"fr-FR","potentialAction":[{"@type":"ReadAction","target":["https:\/\/hotel4youth.de\/fr\/imprint"]}]},{"@type":"BreadcrumbList","@id":"https:\/\/hotel4youth.de\/fr\/imprint#breadcrumb","itemListElement":[{"@type":"ListItem","position":1,"name":"Startseite","item":"https:\/\/hotel4youth.de\/fr"},{"@type":"ListItem","position":2,"name":"Imprint"}]},{"@type":"WebSite","@id":"https:\/\/hotel4youth.de\/#website","url":"https:\/\/hotel4youth.de\/","name":"Hotel - H+ Hotel4 Youth Berlin - Am Mauerpark - Berlin Mitte","description":"","potentialAction":[{"@type":"SearchAction","target":{"@type":"EntryPoint","urlTemplate":"https:\/\/hotel4youth.de\/?s={search_term_string}"},"query-input":{"@type":"PropertyValueSpecification","valueRequired":true,"valueName":"search_term_string"}}],"inLanguage":"fr-FR"}]}},"_links":{"self":[{"href":"https:\/\/hotel4youth.de\/fr\/wp-json\/wp\/v2\/pages\/2652","targetHints":{"allow":["GET"]}}],"collection":[{"href":"https:\/\/hotel4youth.de\/fr\/wp-json\/wp\/v2\/pages"}],"about":[{"href":"https:\/\/hotel4youth.de\/fr\/wp-json\/wp\/v2\/types\/page"}],"author":[{"embeddable":true,"href":"https:\/\/hotel4youth.de\/fr\/wp-json\/wp\/v2\/users\/1"}],"replies":[{"embeddable":true,"href":"https:\/\/hotel4youth.de\/fr\/wp-json\/wp\/v2\/comments?post=2652"}],"version-history":[{"count":3,"href":"https:\/\/hotel4youth.de\/fr\/wp-json\/wp\/v2\/pages\/2652\/revisions"}],"predecessor-version":[{"id":2655,"href":"https:\/\/hotel4youth.de\/fr\/wp-json\/wp\/v2\/pages\/2652\/revisions\/2655"}],"wp:attachment":[{"href":"https:\/\/hotel4youth.de\/fr\/wp-json\/wp\/v2\/media?parent=2652"}],"curies":[{"name":"wp","href":"https:\/\/api.w.org\/{rel}","templated":true}]}}