{"id":2830,"date":"2020-08-19T08:43:03","date_gmt":"2020-08-19T06:43:03","guid":{"rendered":"http:\/\/hotel-neu.123-insnetz.de\/hotel-4-la-familia"},"modified":"2025-03-13T03:44:23","modified_gmt":"2025-03-13T02:44:23","slug":"hotel-4-la-familia","status":"publish","type":"page","link":"https:\/\/hotel4youth.de\/es\/hotel-4-la-familia","title":{"rendered":"Hotel 4 la familia"},"content":{"rendered":"<p>[et_pb_section fb_built=\u00bb1&#8243; custom_padding_last_edited=\u00bbon|phone\u00bb _builder_version=\u00bb4.13.0&#8243; background_enable_color=\u00bboff\u00bb background_image=\u00bbhttps:\/\/hotel4youth.de\/wp-content\/uploads\/2024\/06\/DSC_8814-1-scaled.jpg\u00bb custom_padding=\u00bb12rem||12rem||false|false\u00bb custom_padding_tablet=\u00bb10rem||10rem||false|false\u00bb custom_padding_phone=\u00bb8rem||8rem||false|false\u00bb global_colors_info=\u00bb{}\u00bb][\/et_pb_section][et_pb_section fb_built=\u00bb1&#8243; _builder_version=\u00bb4.4.2&#8243; custom_margin=\u00bb||2rem||false|false\u00bb custom_padding=\u00bb0px||0px||false|false\u00bb global_colors_info=\u00bb{}\u00bb][et_pb_row _builder_version=\u00bb4.4.2&#8243; custom_padding=\u00bb0px||0px||false|false\u00bb global_colors_info=\u00bb{}\u00bb][et_pb_column type=\u00bb4_4&#8243; _builder_version=\u00bb4.4.2&#8243; global_colors_info=\u00bb{}\u00bb][et_pb_code _builder_version=\u00bb4.13.0&#8243; text_orientation=\u00bbcenter\u00bb hover_enabled=\u00bb0&#8243; global_colors_info=\u00bb{}\u00bb transform_styles__hover_enabled=\u00bbon|hover\u00bb transform_scale__hover_enabled=\u00bbon|hover\u00bb transform_translate__hover_enabled=\u00bbon|desktop\u00bb transform_rotate__hover_enabled=\u00bbon|desktop\u00bb transform_skew__hover_enabled=\u00bbon|desktop\u00bb transform_origin__hover_enabled=\u00bbon|desktop\u00bb transform_scale__hover=\u00bb115%|115%\u00bb sticky_enabled=\u00bb0&#8243;]<a class=\"buchen-button-rund\" href=\"https:\/\/www.h-hotels.com\/es\/hplus\/hoteles\/hplus-hotel-4youth-berlin\" target=\"_blank\" rel=\"noopener noreferrer\">Book now<\/a>[\/et_pb_code][\/et_pb_column][\/et_pb_row][\/et_pb_section][et_pb_section fb_built=\u00bb1&#8243; _builder_version=\u00bb4.4.2&#8243; custom_margin=\u00bb||||false|false\u00bb custom_margin_tablet=\u00bb-2rem||||false|false\u00bb custom_margin_phone=\u00bb\u00bb custom_margin_last_edited=\u00bbon|tablet\u00bb custom_padding=\u00bb0px||0px||false|false\u00bb global_colors_info=\u00bb{}\u00bb][et_pb_row _builder_version=\u00bb4.4.2&#8243; custom_padding=\u00bb||0px||false|false\u00bb global_colors_info=\u00bb{}\u00bb][et_pb_column type=\u00bb4_4&#8243; _builder_version=\u00bb4.4.2&#8243; global_colors_info=\u00bb{}\u00bb][et_pb_text _builder_version=\u00bb4.4.2&#8243; header_text_align=\u00bbcenter\u00bb header_line_height=\u00bb1.2em\u00bb custom_margin_tablet=\u00bb||0px||false|false\u00bb custom_margin_phone=\u00bb\u00bb custom_margin_last_edited=\u00bbon|tablet\u00bb header_font_size_tablet=\u00bb40px\u00bb header_font_size_phone=\u00bb28px\u00bb header_font_size_last_edited=\u00bbon|phone\u00bb global_colors_info=\u00bb{}\u00bb]<\/p>\n<h1>Hotel 4 la familia<\/h1>\n<p>[\/et_pb_text][et_pb_divider color=\u00bb#615D56&#8243; divider_weight=\u00bb5px\u00bb _builder_version=\u00bb4.4.2&#8243; width=\u00bb100px\u00bb module_alignment=\u00bbcenter\u00bb custom_padding=\u00bb2rem||2rem||false|false\u00bb custom_padding_tablet=\u00bb1rem||1rem||false|false\u00bb custom_padding_phone=\u00bb\u00bb custom_padding_last_edited=\u00bbon|phone\u00bb global_colors_info=\u00bb{}\u00bb][\/et_pb_divider][\/et_pb_column][\/et_pb_row][\/et_pb_section][et_pb_section fb_built=\u00bb1&#8243; custom_padding_last_edited=\u00bbon|phone\u00bb _builder_version=\u00bb4.4.2&#8243; background_color=\u00bbrgba(97,93,86,0.1)\u00bb custom_padding=\u00bb2rem||8rem||false|false\u00bb custom_padding_tablet=\u00bb||2rem||false|false\u00bb custom_padding_phone=\u00bb1rem||1rem||false|false\u00bb global_colors_info=\u00bb{}\u00bb][et_pb_row column_structure=\u00bb2_3,1_3&#8243; use_custom_gutter=\u00bbon\u00bb gutter_width=\u00bb4&#8243; _builder_version=\u00bb4.4.2&#8243; custom_padding=\u00bb||0px||false|false\u00bb global_colors_info=\u00bb{}\u00bb][et_pb_column type=\u00bb2_3&#8243; _builder_version=\u00bb4.4.2&#8243; global_colors_info=\u00bb{}\u00bb][et_pb_text _builder_version=\u00bb4.4.2&#8243; header_2_text_color=\u00bb#76B72A\u00bb header_2_font_size=\u00bb28px\u00bb custom_margin=\u00bb||1rem||false|false\u00bb custom_padding=\u00bb||||false|false\u00bb header_2_font_size_tablet=\u00bb26px\u00bb header_2_font_size_phone=\u00bb22px\u00bb header_2_font_size_last_edited=\u00bbon|phone\u00bb global_colors_info=\u00bb{}\u00bb]<\/p>\n<h2>Informaciones para viajes de grupos y viajes escolares<\/h2>\n<p>[\/et_pb_text][et_pb_text _builder_version=\u00bb4.13.0&#8243; text_font_size_tablet=\u00bb\u00bb text_font_size_phone=\u00bb14px\u00bb text_font_size_last_edited=\u00bbon|phone\u00bb global_colors_info=\u00bb{}\u00bb]<\/p>\n<p>El Hotel4Youth, adyacente al Mauerpark, Berl\u00edn Centro, dispone de larga experiencia en la asistencia y alojamiento de grupos tur\u00edsticos. Junto con profesores y tutores comprometidos, hemos realizado innumerables viajes de grupos tur\u00edsticos y escolares. Con eso, hemos posibilitado d\u00edas inolvidables en Berl\u00edn para mucha gente joven.<\/p>\n<ul>\n<li>96 habitaciones (198 camas) con ba\u00f1o\/WC (secador de cabellos y televisor bajo demanda)<\/li>\n<li>72 habitaciones con dos camas (de las cuales son 36 habitaciones con puerta de separaci\u00f3n)<\/li>\n<li>Lobby con terminales de internet DSL, wifi (gratuita en la area p\u00fablica)<\/li>\n<li>Aparcamiento para autobus a 300 m<\/li>\n<li>Apto para discapacitados<\/li>\n<\/ul>\n<p>[\/et_pb_text][et_pb_divider color=\u00bb#76B72A\u00bb divider_style=\u00bbdotted\u00bb divider_weight=\u00bb2px\u00bb _builder_version=\u00bb4.4.2&#8243; custom_margin=\u00bb4rem||1rem||false|false\u00bb custom_padding=\u00bb||||false|false\u00bb global_colors_info=\u00bb{}\u00bb][\/et_pb_divider][et_pb_text _builder_version=\u00bb4.4.2&#8243; header_2_text_color=\u00bb#76B72A\u00bb header_2_font_size=\u00bb28px\u00bb custom_margin=\u00bb||1rem||false|false\u00bb custom_padding=\u00bb||||false|false\u00bb header_2_font_size_tablet=\u00bb26px\u00bb header_2_font_size_phone=\u00bb22px\u00bb header_2_font_size_last_edited=\u00bbon|phone\u00bb locked=\u00bboff\u00bb global_colors_info=\u00bb{}\u00bb]<\/p>\n<h2>Extra4kids \u2013 ein paar Tipps f\u00fcr Sie, was es in Berlin mit Kind zu erleben gibt.<\/h2>\n<p>&nbsp;<\/p>\n<p>[\/et_pb_text][et_pb_text _builder_version=\u00bb4.4.2&#8243; custom_margin=\u00bb||0px||false|false\u00bb custom_padding=\u00bb||||false|false\u00bb text_font_size_tablet=\u00bb\u00bb text_font_size_phone=\u00bb14px\u00bb text_font_size_last_edited=\u00bbon|phone\u00bb global_colors_info=\u00bb{}\u00bb]<\/p>\n<ul>\n<li>Sonnentagen:<br \/> <a href=\"https:\/\/www.jugendfarm-moritzhof.de\/\" target=\"_blank\" rel=\"noopener noreferrer\" title=\"Jugendhof Moritzfarm\">Jugendhof Moritzfarm<\/a><br \/> <a href=\"Kiezkind\" target=\"_blank\" rel=\"noopener noreferrer\" title=\"Zoo Berlin\">Zoo Berlin<\/a><br \/> <a href=\"https:\/\/www.mauerpark.info\/mauerpark\/\" target=\"_blank\" rel=\"noopener noreferrer\" title=\"Mauerpark mit Spielpl\u00e4tze\">Mauerpark mit Spielpl\u00e4tze<\/a><\/li>\n<li>Regentagen:<br \/> <a href=\"https:\/\/machmitmuseum.de\/\" target=\"_blank\" rel=\"noopener noreferrer\" title=\"MACHmit!-Museum f\u00fcr Kinder\">MACHmit!-Museum f\u00fcr Kinder<\/a><br \/> <a href=\"https:\/\/www.legolanddiscoverycentre.de\/berlin\/\" target=\"_blank\" rel=\"noopener noreferrer\" title=\"Legoland Berlin\">Legoland Berlin<\/a><br \/> <a href=\"https:\/\/www.schaubude.berlin\/\" target=\"_blank\" rel=\"noopener noreferrer\" title=\"Schaubude Berlin\">Schaubude Berlin<\/a><br \/> <a href=\"https:\/\/www.visitsealife.com\/de\/berlin\/\" target=\"_blank\" rel=\"noopener noreferrer\" title=\"Sealife Berlin\">Sealife Berlin<\/a><\/li>\n<\/ul>\n<p>[\/et_pb_text][\/et_pb_column][et_pb_column type=\u00bb1_3&#8243; _builder_version=\u00bb4.4.2&#8243; global_colors_info=\u00bb{}\u00bb][et_pb_image src=\u00bbhttps:\/\/hotel4youth.de\/wp-content\/uploads\/2020\/07\/h-hotel-symbol.png\u00bb align=\u00bbcenter\u00bb module_class=\u00bbicon-hotel-allgemein sidebar\u00bb _builder_version=\u00bb4.4.2&#8243; background_enable_color=\u00bboff\u00bb background_enable_image=\u00bboff\u00bb width=\u00bb60px\u00bb custom_margin=\u00bb||0px||false|false\u00bb custom_css_main_element=\u00bbz-index: 99999;\u00bb border_radii=\u00bbon|80px|80px|80px|80px\u00bb border_color_all=\u00bbrgba(0,0,0,0)\u00bb locked=\u00bboff\u00bb global_colors_info=\u00bb{}\u00bb][\/et_pb_image][et_pb_cta title=\u00bbGallery\u00bb button_url=\u00bbhttps:\/\/hotel-neu.123-insnetz.de\/galerie\u00bb button_text=\u00bbMore\u00bb module_class=\u00bbinfokasten-sidebar\u00bb _builder_version=\u00bb4.4.2&#8243; header_level=\u00bbh5&#8243; header_font_size=\u00bb20px\u00bb background_color=\u00bb#76B72A\u00bb custom_button=\u00bbon\u00bb button_text_color=\u00bb#ffffff\u00bb button_bg_color=\u00bbrgba(0,0,0,0)\u00bb button_use_icon=\u00bboff\u00bb button_custom_padding=\u00bb1rem|1rem|1rem|1rem|true|true\u00bb custom_margin=\u00bb-30px||||false|false\u00bb custom_padding=\u00bb3rem|2rem|2rem|2rem|false|false\u00bb header_font_size_tablet=\u00bb18px\u00bb header_font_size_phone=\u00bb\u00bb header_font_size_last_edited=\u00bbon|phone\u00bb body_font_size_tablet=\u00bb\u00bb body_font_size_phone=\u00bb14px\u00bb body_font_size_last_edited=\u00bbon|phone\u00bb button_text_size_tablet=\u00bb\u00bb button_text_size_phone=\u00bb14px\u00bb button_text_size_last_edited=\u00bbon|phone\u00bb saved_tabs=\u00bball\u00bb global_colors_info=\u00bb{}\u00bb button_text__hover_enabled=\u00bbon|desktop\u00bb button_bg_color__hover_enabled=\u00bbon|hover\u00bb button_bg_color__hover=\u00bb#ffffff\u00bb button_bg_enable_color__hover=\u00bbon\u00bb button_text_color__hover_enabled=\u00bbon|hover\u00bb button_text_color__hover=\u00bb#76B72A\u00bb button_border_color__hover_enabled=\u00bbon|hover\u00bb button_border_color__hover=\u00bb#ffffff\u00bb body_font_size__hover_enabled=\u00bboff|desktop\u00bb button_text__hover=\u00bbMore\u00bb]<\/p>\n<p>Schauen Sie sich in unserer Galerie um.<\/p>\n<p>[\/et_pb_cta][et_pb_image src=\u00bbhttps:\/\/hotel4youth.de\/wp-content\/uploads\/2020\/07\/h-hotel-symbol.png\u00bb align=\u00bbcenter\u00bb module_class=\u00bbicon-hotel-allgemein sidebar\u00bb _builder_version=\u00bb4.4.2&#8243; background_enable_color=\u00bboff\u00bb background_enable_image=\u00bboff\u00bb width=\u00bb60px\u00bb custom_margin=\u00bb||0px||false|false\u00bb custom_css_main_element=\u00bbz-index: 99999;\u00bb border_radii=\u00bbon|80px|80px|80px|80px\u00bb border_color_all=\u00bbrgba(0,0,0,0)\u00bb locked=\u00bboff\u00bb global_colors_info=\u00bb{}\u00bb][\/et_pb_image][et_pb_cta title=\u00bbC\u00f3mo nos encontrar\u00bb button_text=\u00bbMore\u00bb module_class=\u00bbinfokasten-sidebar\u00bb _builder_version=\u00bb4.4.2&#8243; header_level=\u00bbh5&#8243; header_font_size=\u00bb20px\u00bb background_color=\u00bb#CF043F\u00bb custom_button=\u00bbon\u00bb button_text_color=\u00bb#ffffff\u00bb button_bg_color=\u00bbrgba(0,0,0,0)\u00bb button_use_icon=\u00bboff\u00bb button_custom_padding=\u00bb1rem|1rem|1rem|1rem|true|true\u00bb custom_margin=\u00bb-30px||||false|false\u00bb custom_padding=\u00bb3rem|2rem|2rem|2rem|false|false\u00bb header_font_size_tablet=\u00bb18px\u00bb header_font_size_phone=\u00bb\u00bb header_font_size_last_edited=\u00bbon|tablet\u00bb body_font_size_tablet=\u00bb\u00bb body_font_size_phone=\u00bb14px\u00bb body_font_size_last_edited=\u00bbon|phone\u00bb global_colors_info=\u00bb{}\u00bb button_text__hover_enabled=\u00bbon|desktop\u00bb button_bg_color__hover_enabled=\u00bbon|hover\u00bb button_bg_color__hover=\u00bb#ffffff\u00bb button_bg_enable_color__hover=\u00bbon\u00bb button_text_color__hover_enabled=\u00bbon|hover\u00bb button_text_color__hover=\u00bb#CF043F\u00bb button_border_color__hover_enabled=\u00bbon|hover\u00bb button_border_color__hover=\u00bb#ffffff\u00bb button_text__hover=\u00bbMore\u00bb]El H+ Hotel4Youth, adyacente al Mauerpark, Berl\u00edn Centro, est\u00e1 ubicado aprox. 400 m de la estaci\u00f3n central y directamente frente a la parade de tranv\u00eda \u201cWolliner Stra\u00dfe (M10)\u201d. Hasta la estaci\u00f3n de metro \u201cEberswalder Stra\u00dfe\u201d se camina unos 700 m.[\/et_pb_cta][\/et_pb_column][\/et_pb_row][\/et_pb_section][et_pb_section fb_built=\u00bb1&#8243; _builder_version=\u00bb4.4.2&#8243; background_color=\u00bbrgba(97,93,86,0.1)\u00bb custom_margin=\u00bb||2rem||false|false\u00bb custom_padding=\u00bb0px||0px||false|false\u00bb border_width_bottom=\u00bb5px\u00bb border_color_bottom=\u00bb#615D56&#8243; global_colors_info=\u00bb{}\u00bb][et_pb_row custom_padding_last_edited=\u00bbon|phone\u00bb _builder_version=\u00bb4.4.2&#8243; background_image=\u00bbhttp:\/\/hotel-neu.123-insnetz.de\/wp-content\/uploads\/\/2020\/07\/berlin-silhouette.svg\u00bb background_size=\u00bbcontain\u00bb background_position=\u00bbbottom_center\u00bb custom_padding=\u00bb5rem||5rem||false|false\u00bb custom_padding_tablet=\u00bb||1rem||false|false\u00bb custom_padding_phone=\u00bb5rem||||false|false\u00bb global_colors_info=\u00bb{}\u00bb][et_pb_column type=\u00bb4_4&#8243; _builder_version=\u00bb4.4.2&#8243; global_colors_info=\u00bb{}\u00bb][\/et_pb_column][\/et_pb_row][\/et_pb_section]<\/p>\n","protected":false},"excerpt":{"rendered":"<p>Hotel 4 la familiaInformaciones para viajes de grupos y viajes escolaresEl Hotel4Youth, adyacente al Mauerpark, Berl\u00edn Centro, dispone de larga experiencia en la asistencia y alojamiento de grupos tur\u00edsticos. Junto con profesores y tutores comprometidos, hemos realizado innumerables viajes de grupos tur\u00edsticos y escolares. Con eso, hemos posibilitado d\u00edas inolvidables en Berl\u00edn para mucha gente [&hellip;]<\/p>\n","protected":false},"author":1,"featured_media":0,"parent":0,"menu_order":0,"comment_status":"closed","ping_status":"closed","template":"","meta":{"_et_pb_use_builder":"on","_et_pb_old_content":"","_et_gb_content_width":"","footnotes":""},"class_list":["post-2830","page","type-page","status-publish","hentry"],"yoast_head":"<!-- This site is optimized with the Yoast SEO plugin v26.9 - https:\/\/yoast.com\/product\/yoast-seo-wordpress\/ -->\n<title>Hotel 4 la familia - Hotel - H+ Hotel4 Youth Berlin - Am Mauerpark - Berlin Mitte<\/title>\n<meta name=\"robots\" content=\"index, follow, max-snippet:-1, max-image-preview:large, max-video-preview:-1\" \/>\n<link rel=\"canonical\" href=\"https:\/\/hotel4youth.de\/es\/hotel-4-la-familia\" \/>\n<meta property=\"og:locale\" content=\"es_ES\" \/>\n<meta property=\"og:type\" content=\"article\" \/>\n<meta property=\"og:title\" content=\"Hotel 4 la familia - Hotel - H+ Hotel4 Youth Berlin - Am Mauerpark - Berlin Mitte\" \/>\n<meta property=\"og:description\" content=\"Hotel 4 la familiaInformaciones para viajes de grupos y viajes escolaresEl Hotel4Youth, adyacente al Mauerpark, Berl\u00edn Centro, dispone de larga experiencia en la asistencia y alojamiento de grupos tur\u00edsticos. Junto con profesores y tutores comprometidos, hemos realizado innumerables viajes de grupos tur\u00edsticos y escolares. Con eso, hemos posibilitado d\u00edas inolvidables en Berl\u00edn para mucha gente [&hellip;]\" \/>\n<meta property=\"og:url\" content=\"https:\/\/hotel4youth.de\/es\/hotel-4-la-familia\" \/>\n<meta property=\"og:site_name\" content=\"Hotel - H+ Hotel4 Youth Berlin - Am Mauerpark - Berlin Mitte\" \/>\n<meta property=\"article:modified_time\" content=\"2025-03-13T02:44:23+00:00\" \/>\n<meta name=\"twitter:card\" content=\"summary_large_image\" \/>\n<meta name=\"twitter:label1\" content=\"Tiempo de lectura\" \/>\n\t<meta name=\"twitter:data1\" content=\"7 minutos\" \/>\n<script type=\"application\/ld+json\" class=\"yoast-schema-graph\">{\"@context\":\"https:\/\/schema.org\",\"@graph\":[{\"@type\":\"WebPage\",\"@id\":\"https:\/\/hotel4youth.de\/es\/hotel-4-la-familia\",\"url\":\"https:\/\/hotel4youth.de\/es\/hotel-4-la-familia\",\"name\":\"Hotel 4 la familia - Hotel - H+ Hotel4 Youth Berlin - Am Mauerpark - Berlin Mitte\",\"isPartOf\":{\"@id\":\"https:\/\/hotel4youth.de\/#website\"},\"datePublished\":\"2020-08-19T06:43:03+00:00\",\"dateModified\":\"2025-03-13T02:44:23+00:00\",\"breadcrumb\":{\"@id\":\"https:\/\/hotel4youth.de\/es\/hotel-4-la-familia#breadcrumb\"},\"inLanguage\":\"es\",\"potentialAction\":[{\"@type\":\"ReadAction\",\"target\":[\"https:\/\/hotel4youth.de\/es\/hotel-4-la-familia\"]}]},{\"@type\":\"BreadcrumbList\",\"@id\":\"https:\/\/hotel4youth.de\/es\/hotel-4-la-familia#breadcrumb\",\"itemListElement\":[{\"@type\":\"ListItem\",\"position\":1,\"name\":\"Startseite\",\"item\":\"https:\/\/hotel4youth.de\/es\"},{\"@type\":\"ListItem\",\"position\":2,\"name\":\"Hotel 4 la familia\"}]},{\"@type\":\"WebSite\",\"@id\":\"https:\/\/hotel4youth.de\/#website\",\"url\":\"https:\/\/hotel4youth.de\/\",\"name\":\"Hotel - H+ Hotel4 Youth Berlin - Am Mauerpark - Berlin Mitte\",\"description\":\"\",\"potentialAction\":[{\"@type\":\"SearchAction\",\"target\":{\"@type\":\"EntryPoint\",\"urlTemplate\":\"https:\/\/hotel4youth.de\/?s={search_term_string}\"},\"query-input\":{\"@type\":\"PropertyValueSpecification\",\"valueRequired\":true,\"valueName\":\"search_term_string\"}}],\"inLanguage\":\"es\"}]}<\/script>\n<!-- \/ Yoast SEO plugin. -->","yoast_head_json":{"title":"Hotel 4 la familia - Hotel - H+ Hotel4 Youth Berlin - Am Mauerpark - Berlin Mitte","robots":{"index":"index","follow":"follow","max-snippet":"max-snippet:-1","max-image-preview":"max-image-preview:large","max-video-preview":"max-video-preview:-1"},"canonical":"https:\/\/hotel4youth.de\/es\/hotel-4-la-familia","og_locale":"es_ES","og_type":"article","og_title":"Hotel 4 la familia - Hotel - H+ Hotel4 Youth Berlin - Am Mauerpark - Berlin Mitte","og_description":"Hotel 4 la familiaInformaciones para viajes de grupos y viajes escolaresEl Hotel4Youth, adyacente al Mauerpark, Berl\u00edn Centro, dispone de larga experiencia en la asistencia y alojamiento de grupos tur\u00edsticos. Junto con profesores y tutores comprometidos, hemos realizado innumerables viajes de grupos tur\u00edsticos y escolares. Con eso, hemos posibilitado d\u00edas inolvidables en Berl\u00edn para mucha gente [&hellip;]","og_url":"https:\/\/hotel4youth.de\/es\/hotel-4-la-familia","og_site_name":"Hotel - H+ Hotel4 Youth Berlin - Am Mauerpark - Berlin Mitte","article_modified_time":"2025-03-13T02:44:23+00:00","twitter_card":"summary_large_image","twitter_misc":{"Tiempo de lectura":"7 minutos"},"schema":{"@context":"https:\/\/schema.org","@graph":[{"@type":"WebPage","@id":"https:\/\/hotel4youth.de\/es\/hotel-4-la-familia","url":"https:\/\/hotel4youth.de\/es\/hotel-4-la-familia","name":"Hotel 4 la familia - Hotel - H+ Hotel4 Youth Berlin - Am Mauerpark - Berlin Mitte","isPartOf":{"@id":"https:\/\/hotel4youth.de\/#website"},"datePublished":"2020-08-19T06:43:03+00:00","dateModified":"2025-03-13T02:44:23+00:00","breadcrumb":{"@id":"https:\/\/hotel4youth.de\/es\/hotel-4-la-familia#breadcrumb"},"inLanguage":"es","potentialAction":[{"@type":"ReadAction","target":["https:\/\/hotel4youth.de\/es\/hotel-4-la-familia"]}]},{"@type":"BreadcrumbList","@id":"https:\/\/hotel4youth.de\/es\/hotel-4-la-familia#breadcrumb","itemListElement":[{"@type":"ListItem","position":1,"name":"Startseite","item":"https:\/\/hotel4youth.de\/es"},{"@type":"ListItem","position":2,"name":"Hotel 4 la familia"}]},{"@type":"WebSite","@id":"https:\/\/hotel4youth.de\/#website","url":"https:\/\/hotel4youth.de\/","name":"Hotel - H+ Hotel4 Youth Berlin - Am Mauerpark - Berlin Mitte","description":"","potentialAction":[{"@type":"SearchAction","target":{"@type":"EntryPoint","urlTemplate":"https:\/\/hotel4youth.de\/?s={search_term_string}"},"query-input":{"@type":"PropertyValueSpecification","valueRequired":true,"valueName":"search_term_string"}}],"inLanguage":"es"}]}},"_links":{"self":[{"href":"https:\/\/hotel4youth.de\/es\/wp-json\/wp\/v2\/pages\/2830","targetHints":{"allow":["GET"]}}],"collection":[{"href":"https:\/\/hotel4youth.de\/es\/wp-json\/wp\/v2\/pages"}],"about":[{"href":"https:\/\/hotel4youth.de\/es\/wp-json\/wp\/v2\/types\/page"}],"author":[{"embeddable":true,"href":"https:\/\/hotel4youth.de\/es\/wp-json\/wp\/v2\/users\/1"}],"replies":[{"embeddable":true,"href":"https:\/\/hotel4youth.de\/es\/wp-json\/wp\/v2\/comments?post=2830"}],"version-history":[{"count":8,"href":"https:\/\/hotel4youth.de\/es\/wp-json\/wp\/v2\/pages\/2830\/revisions"}],"predecessor-version":[{"id":4211,"href":"https:\/\/hotel4youth.de\/es\/wp-json\/wp\/v2\/pages\/2830\/revisions\/4211"}],"wp:attachment":[{"href":"https:\/\/hotel4youth.de\/es\/wp-json\/wp\/v2\/media?parent=2830"}],"curies":[{"name":"wp","href":"https:\/\/api.w.org\/{rel}","templated":true}]}}