{"id":2770,"date":"2020-08-18T16:43:41","date_gmt":"2020-08-18T14:43:41","guid":{"rendered":"http:\/\/hotel-neu.123-insnetz.de\/team4you"},"modified":"2025-03-13T03:47:37","modified_gmt":"2025-03-13T02:47:37","slug":"team4you","status":"publish","type":"page","link":"https:\/\/hotel4youth.de\/es\/team4you","title":{"rendered":"Team4You"},"content":{"rendered":"<p>[et_pb_section fb_built=\u00bb1&#8243; custom_padding_last_edited=\u00bbon|phone\u00bb _builder_version=\u00bb4.4.2&#8243; background_enable_color=\u00bboff\u00bb background_image=\u00bbhttp:\/\/hotel-neu.123-insnetz.de\/wp-content\/uploads\/2020\/10\/team1.jpg\u00bb custom_padding=\u00bb12rem||12rem||false|false\u00bb custom_padding_tablet=\u00bb10rem||10rem||false|false\u00bb custom_padding_phone=\u00bb8rem||8rem||false|false\u00bb global_colors_info=\u00bb{}\u00bb][\/et_pb_section][et_pb_section fb_built=\u00bb1&#8243; _builder_version=\u00bb4.4.2&#8243; custom_margin=\u00bb||2rem||false|false\u00bb custom_padding=\u00bb0px||0px||false|false\u00bb global_colors_info=\u00bb{}\u00bb][et_pb_row _builder_version=\u00bb4.4.2&#8243; custom_padding=\u00bb0px||0px||false|false\u00bb global_colors_info=\u00bb{}\u00bb][et_pb_column type=\u00bb4_4&#8243; _builder_version=\u00bb4.4.2&#8243; global_colors_info=\u00bb{}\u00bb][et_pb_code _builder_version=\u00bb4.13.0&#8243; text_orientation=\u00bbcenter\u00bb hover_enabled=\u00bb0&#8243; global_colors_info=\u00bb{}\u00bb transform_styles__hover_enabled=\u00bbon|hover\u00bb transform_scale__hover_enabled=\u00bbon|hover\u00bb transform_translate__hover_enabled=\u00bbon|desktop\u00bb transform_rotate__hover_enabled=\u00bbon|desktop\u00bb transform_skew__hover_enabled=\u00bbon|desktop\u00bb transform_origin__hover_enabled=\u00bbon|desktop\u00bb transform_scale__hover=\u00bb115%|115%\u00bb sticky_enabled=\u00bb0&#8243;]<a class=\"buchen-button-rund\" href=\"https:\/\/www.h-hotels.com\/es\/hplus\/hoteles\/hplus-hotel-4youth-berlin\" target=\"_blank\" rel=\"noopener noreferrer\">Book now<\/a>[\/et_pb_code][\/et_pb_column][\/et_pb_row][\/et_pb_section][et_pb_section fb_built=\u00bb1&#8243; _builder_version=\u00bb4.4.2&#8243; custom_margin=\u00bb||||false|false\u00bb custom_margin_tablet=\u00bb-2rem||||false|false\u00bb custom_margin_phone=\u00bb\u00bb custom_margin_last_edited=\u00bbon|tablet\u00bb custom_padding=\u00bb0px||0px||false|false\u00bb global_colors_info=\u00bb{}\u00bb][et_pb_row _builder_version=\u00bb4.4.2&#8243; custom_padding=\u00bb||0px||false|false\u00bb global_colors_info=\u00bb{}\u00bb][et_pb_column type=\u00bb4_4&#8243; _builder_version=\u00bb4.4.2&#8243; global_colors_info=\u00bb{}\u00bb][et_pb_text _builder_version=\u00bb4.4.2&#8243; header_text_align=\u00bbcenter\u00bb header_line_height=\u00bb1.2em\u00bb custom_margin_tablet=\u00bb||0px||false|false\u00bb custom_margin_phone=\u00bb\u00bb custom_margin_last_edited=\u00bbon|tablet\u00bb header_font_size_tablet=\u00bb40px\u00bb header_font_size_phone=\u00bb28px\u00bb header_font_size_last_edited=\u00bbon|phone\u00bb global_colors_info=\u00bb{}\u00bb]<\/p>\n<h1>Team4You<\/h1>\n<p>[\/et_pb_text][et_pb_divider color=\u00bb#615D56&#8243; divider_weight=\u00bb5px\u00bb _builder_version=\u00bb4.4.2&#8243; width=\u00bb100px\u00bb module_alignment=\u00bbcenter\u00bb custom_padding=\u00bb2rem||2rem||false|false\u00bb custom_padding_tablet=\u00bb1rem||1rem||false|false\u00bb custom_padding_phone=\u00bb\u00bb custom_padding_last_edited=\u00bbon|phone\u00bb global_colors_info=\u00bb{}\u00bb][\/et_pb_divider][\/et_pb_column][\/et_pb_row][\/et_pb_section][et_pb_section fb_built=\u00bb1&#8243; custom_padding_last_edited=\u00bbon|phone\u00bb _builder_version=\u00bb4.4.2&#8243; background_color=\u00bbrgba(97,93,86,0.1)\u00bb custom_padding=\u00bb2rem||8rem||false|false\u00bb custom_padding_tablet=\u00bb||2rem||false|false\u00bb custom_padding_phone=\u00bb1rem||1rem||false|false\u00bb global_colors_info=\u00bb{}\u00bb][et_pb_row column_structure=\u00bb2_3,1_3&#8243; use_custom_gutter=\u00bbon\u00bb gutter_width=\u00bb4&#8243; _builder_version=\u00bb4.4.2&#8243; custom_padding=\u00bb||0px||false|false\u00bb global_colors_info=\u00bb{}\u00bb][et_pb_column type=\u00bb2_3&#8243; _builder_version=\u00bb4.4.2&#8243; global_colors_info=\u00bb{}\u00bb][et_pb_text _builder_version=\u00bb4.4.2&#8243; header_2_text_color=\u00bb#76B72A\u00bb header_2_font_size=\u00bb28px\u00bb custom_margin=\u00bb||1rem||false|false\u00bb custom_padding=\u00bb||||false|false\u00bb header_2_font_size_tablet=\u00bb26px\u00bb header_2_font_size_phone=\u00bb22px\u00bb header_2_font_size_last_edited=\u00bbon|phone\u00bb global_colors_info=\u00bb{}\u00bb]<\/p>\n<h2>Wir sind f\u00fcr euch da.<\/h2>\n<p>[\/et_pb_text][et_pb_text _builder_version=\u00bb4.4.2&#8243; text_font_size_tablet=\u00bb\u00bb text_font_size_phone=\u00bb14px\u00bb text_font_size_last_edited=\u00bbon|phone\u00bb global_colors_info=\u00bb{}\u00bb]<\/p>\n<p>Wir sind gerne f\u00fcr euch in allen Belangen f\u00fcr euch da.<\/p>\n<p>[\/et_pb_text][et_pb_divider color=\u00bb#76B72A\u00bb divider_style=\u00bbdotted\u00bb divider_weight=\u00bb2px\u00bb _builder_version=\u00bb4.4.2&#8243; custom_margin=\u00bb4rem||1rem||false|false\u00bb custom_padding=\u00bb||||false|false\u00bb global_colors_info=\u00bb{}\u00bb][\/et_pb_divider][et_pb_team_member name=\u00bbMalgorzata Krei\u00df\u00bb position=\u00bbGesch\u00e4ftsf\u00fchrerin\u00bb image_url=\u00bbhttp:\/\/hotel-neu.123-insnetz.de\/wp-content\/uploads\/2020\/10\/kreiss.jpg\u00bb _builder_version=\u00bb4.4.2&#8243; global_colors_info=\u00bb{}\u00bb]<\/p>\n<p>Tel.: 030-451 98 88 0<br \/> E-Mail: <a href=\"mailto:kreiss@hotel4youth.de\">kreiss@hotel4youth.de<\/a><\/p>\n<p><img loading=\"lazy\" decoding=\"async\" src=\"http:\/\/hotel-neu.123-insnetz.de\/wp-content\/uploads\/\/2020\/08\/deutsch.svg\" width=\"30\" height=\"30\" alt=\"\" class=\"wp-image-1860 alignnone size-medium sprachen-team\" \/>\u00a0<img loading=\"lazy\" decoding=\"async\" src=\"http:\/\/hotel-neu.123-insnetz.de\/wp-content\/uploads\/\/2020\/08\/englisch.svg\" width=\"30\" height=\"30\" alt=\"\" class=\"wp-image-1861 alignnone size-medium sprachen-team\" \/>\u00a0<img loading=\"lazy\" decoding=\"async\" src=\"http:\/\/hotel-neu.123-insnetz.de\/wp-content\/uploads\/\/2020\/08\/polnisch.svg\" width=\"30\" height=\"30\" alt=\"\" class=\"wp-image-1863 alignnone size-medium sprachen-team\" \/>\u00a0<img loading=\"lazy\" decoding=\"async\" src=\"http:\/\/hotel-neu.123-insnetz.de\/wp-content\/uploads\/\/2020\/08\/franzoesisch.svg\" width=\"30\" height=\"30\" alt=\"\" class=\"wp-image-1862 alignnone size-medium sprachen-team\" \/><\/p>\n<p>[\/et_pb_team_member][et_pb_team_member name=\u00bbJanine Freit\u00bb position=\u00bbRooms Division Manager\u00bb image_url=\u00bbhttp:\/\/hotel-neu.123-insnetz.de\/wp-content\/uploads\/2020\/10\/janine-freit.jpg\u00bb _builder_version=\u00bb4.4.2&#8243; global_colors_info=\u00bb{}\u00bb]<\/p>\n<p>Tel: 030-451 98 88 0<br \/> E-Mail: <a href=\"mailto:freit@hotel4youth.de\">freit@hotel4youth.de<\/a><\/p>\n<p><img loading=\"lazy\" decoding=\"async\" src=\"http:\/\/hotel-neu.123-insnetz.de\/wp-content\/uploads\/\/2020\/08\/deutsch.svg\" width=\"30\" height=\"30\" alt=\"\" class=\"wp-image-1860 alignnone size-medium sprachen-team\" \/>\u00a0<img loading=\"lazy\" decoding=\"async\" src=\"http:\/\/hotel-neu.123-insnetz.de\/wp-content\/uploads\/\/2020\/08\/englisch.svg\" width=\"30\" height=\"30\" alt=\"\" class=\"wp-image-1861 alignnone size-medium sprachen-team\" \/><\/p>\n<p>[\/et_pb_team_member][et_pb_team_member name=\u00bbKerstin Werner\u00bb position=\u00bbFr\u00fchst\u00fccksdame\u00bb image_url=\u00bbhttp:\/\/hotel-neu.123-insnetz.de\/wp-content\/uploads\/2020\/10\/kerstin-werner.jpg\u00bb _builder_version=\u00bb4.4.2&#8243; global_colors_info=\u00bb{}\u00bb]<\/p>\n<p>Tel: 030-451 98 88 0<br \/> E-Mail: <a href=\"mailto:berlin.hplus@h-hotels.com\">berlin.hplus@h-hotels.com<\/a><\/p>\n<p><a href=\"mailto:kreiss@hotel4youth.de\"><\/a><img loading=\"lazy\" decoding=\"async\" src=\"http:\/\/hotel-neu.123-insnetz.de\/wp-content\/uploads\/\/2020\/08\/deutsch.svg\" width=\"30\" height=\"30\" alt=\"\" class=\"wp-image-1860 alignnone size-medium sprachen-team\" \/>\u00a0<img loading=\"lazy\" decoding=\"async\" src=\"http:\/\/hotel-neu.123-insnetz.de\/wp-content\/uploads\/\/2020\/08\/englisch.svg\" width=\"30\" height=\"30\" alt=\"\" class=\"wp-image-1861 alignnone size-medium sprachen-team\" \/><\/p>\n<p>[\/et_pb_team_member][et_pb_team_member name=\u00bbMiroslaw Plowas\u00bb position=\u00bbHousekeeper\u00bb image_url=\u00bbhttp:\/\/hotel-neu.123-insnetz.de\/wp-content\/uploads\/2020\/10\/Plowas.jpg\u00bb _builder_version=\u00bb4.4.2&#8243; global_colors_info=\u00bb{}\u00bb]<\/p>\n<p>Tel: 030-451 98 88 0<br \/> E-Mail: <a href=\"mailto:berlin.hplus@h-hotels.com\">berlin.hplus@h-hotels.com<\/a><\/p>\n<p><a href=\"mailto:kreiss@hotel4youth.de\"><\/a><img loading=\"lazy\" decoding=\"async\" src=\"http:\/\/hotel-neu.123-insnetz.de\/wp-content\/uploads\/\/2020\/08\/deutsch.svg\" width=\"30\" height=\"30\" alt=\"\" class=\"wp-image-1860 alignnone size-medium sprachen-team\" \/>\u00a0<img loading=\"lazy\" decoding=\"async\" src=\"http:\/\/hotel-neu.123-insnetz.de\/wp-content\/uploads\/\/2020\/08\/englisch.svg\" width=\"30\" height=\"30\" alt=\"\" class=\"wp-image-1861 alignnone size-medium sprachen-team\" \/>\u00a0<img loading=\"lazy\" decoding=\"async\" src=\"http:\/\/hotel-neu.123-insnetz.de\/wp-content\/uploads\/\/2020\/08\/polnisch.svg\" width=\"30\" height=\"30\" alt=\"\" class=\"wp-image-1863 alignnone size-medium sprachen-team\" \/>\u00a0<\/p>\n<p>[\/et_pb_team_member][\/et_pb_column][et_pb_column type=\u00bb1_3&#8243; _builder_version=\u00bb4.4.2&#8243; global_colors_info=\u00bb{}\u00bb][et_pb_image src=\u00bbhttp:\/\/hotel-neu.123-insnetz.de\/wp-content\/uploads\/2020\/07\/h-hotel-symbol.png\u00bb align=\u00bbcenter\u00bb module_class=\u00bbicon-hotel-allgemein sidebar\u00bb _builder_version=\u00bb4.4.2&#8243; background_enable_color=\u00bboff\u00bb background_enable_image=\u00bboff\u00bb width=\u00bb60px\u00bb custom_margin=\u00bb||0px||false|false\u00bb custom_css_main_element=\u00bbz-index: 99999;\u00bb border_radii=\u00bbon|80px|80px|80px|80px\u00bb border_color_all=\u00bbrgba(0,0,0,0)\u00bb locked=\u00bboff\u00bb global_colors_info=\u00bb{}\u00bb][\/et_pb_image][et_pb_cta title=\u00bbGallery\u00bb button_url=\u00bbhttps:\/\/hotel-neu.123-insnetz.de\/galerie\u00bb button_text=\u00bbMore\u00bb module_class=\u00bbinfokasten-sidebar\u00bb _builder_version=\u00bb4.4.2&#8243; header_level=\u00bbh5&#8243; header_font_size=\u00bb20px\u00bb background_color=\u00bb#76B72A\u00bb custom_button=\u00bbon\u00bb button_text_color=\u00bb#ffffff\u00bb button_bg_color=\u00bbrgba(0,0,0,0)\u00bb button_use_icon=\u00bboff\u00bb button_custom_padding=\u00bb1rem|1rem|1rem|1rem|true|true\u00bb custom_margin=\u00bb-30px||||false|false\u00bb custom_padding=\u00bb3rem|2rem|2rem|2rem|false|false\u00bb header_font_size_tablet=\u00bb18px\u00bb header_font_size_phone=\u00bb\u00bb header_font_size_last_edited=\u00bbon|phone\u00bb body_font_size_tablet=\u00bb\u00bb body_font_size_phone=\u00bb14px\u00bb body_font_size_last_edited=\u00bbon|phone\u00bb button_text_size_tablet=\u00bb\u00bb button_text_size_phone=\u00bb14px\u00bb button_text_size_last_edited=\u00bbon|phone\u00bb global_colors_info=\u00bb{}\u00bb button_text__hover_enabled=\u00bbon|desktop\u00bb button_bg_color__hover_enabled=\u00bbon|hover\u00bb button_bg_color__hover=\u00bb#ffffff\u00bb button_bg_enable_color__hover=\u00bbon\u00bb button_text_color__hover_enabled=\u00bbon|hover\u00bb button_text_color__hover=\u00bb#76B72A\u00bb button_border_color__hover_enabled=\u00bbon|hover\u00bb button_border_color__hover=\u00bb#ffffff\u00bb body_font_size__hover_enabled=\u00bboff|desktop\u00bb button_text__hover=\u00bbMore\u00bb]Have a look in our galleriy.[\/et_pb_cta][et_pb_image src=\u00bbhttp:\/\/hotel-neu.123-insnetz.de\/wp-content\/uploads\/2020\/07\/h-hotel-symbol.png\u00bb align=\u00bbcenter\u00bb module_class=\u00bbicon-hotel-allgemein sidebar\u00bb _builder_version=\u00bb4.4.2&#8243; background_enable_color=\u00bboff\u00bb background_enable_image=\u00bboff\u00bb width=\u00bb60px\u00bb custom_margin=\u00bb||0px||false|false\u00bb custom_css_main_element=\u00bbz-index: 99999;\u00bb border_radii=\u00bbon|80px|80px|80px|80px\u00bb border_color_all=\u00bbrgba(0,0,0,0)\u00bb locked=\u00bboff\u00bb global_colors_info=\u00bb{}\u00bb][\/et_pb_image][et_pb_cta title=\u00bbC\u00f3mo nos encontrar\u00bb button_text=\u00bbMore\u00bb module_class=\u00bbinfokasten-sidebar\u00bb _builder_version=\u00bb4.4.2&#8243; header_level=\u00bbh5&#8243; header_font_size=\u00bb20px\u00bb background_color=\u00bb#CF043F\u00bb custom_button=\u00bbon\u00bb button_text_color=\u00bb#ffffff\u00bb button_bg_color=\u00bbrgba(0,0,0,0)\u00bb button_use_icon=\u00bboff\u00bb button_custom_padding=\u00bb1rem|1rem|1rem|1rem|true|true\u00bb custom_margin=\u00bb-30px||||false|false\u00bb custom_padding=\u00bb3rem|2rem|2rem|2rem|false|false\u00bb header_font_size_tablet=\u00bb18px\u00bb header_font_size_phone=\u00bb\u00bb header_font_size_last_edited=\u00bbon|tablet\u00bb body_font_size_tablet=\u00bb\u00bb body_font_size_phone=\u00bb14px\u00bb body_font_size_last_edited=\u00bbon|phone\u00bb global_colors_info=\u00bb{}\u00bb button_text__hover_enabled=\u00bbon|desktop\u00bb button_bg_color__hover_enabled=\u00bbon|hover\u00bb button_bg_color__hover=\u00bb#ffffff\u00bb button_bg_enable_color__hover=\u00bbon\u00bb button_text_color__hover_enabled=\u00bbon|hover\u00bb button_text_color__hover=\u00bb#CF043F\u00bb button_border_color__hover_enabled=\u00bbon|hover\u00bb button_border_color__hover=\u00bb#ffffff\u00bb button_text__hover=\u00bbMore\u00bb]El H+ Hotel4Youth, adyacente al Mauerpark, Berl\u00edn Centro, est\u00e1 ubicado aprox. 400 m de la estaci\u00f3n central y directamente frente a la parade de tranv\u00eda \u201cWolliner Stra\u00dfe (M10)\u201d. Hasta la estaci\u00f3n de metro \u201cEberswalder Stra\u00dfe\u201d se camina unos 700 m.[\/et_pb_cta][\/et_pb_column][\/et_pb_row][\/et_pb_section][et_pb_section fb_built=\u00bb1&#8243; _builder_version=\u00bb4.4.2&#8243; background_color=\u00bbrgba(97,93,86,0.1)\u00bb custom_margin=\u00bb||2rem||false|false\u00bb custom_padding=\u00bb0px||0px||false|false\u00bb border_width_bottom=\u00bb5px\u00bb border_color_bottom=\u00bb#615D56&#8243; global_colors_info=\u00bb{}\u00bb][et_pb_row custom_padding_last_edited=\u00bbon|phone\u00bb _builder_version=\u00bb4.4.2&#8243; background_image=\u00bbhttp:\/\/hotel-neu.123-insnetz.de\/wp-content\/uploads\/\/2020\/07\/berlin-silhouette.svg\u00bb background_size=\u00bbcontain\u00bb background_position=\u00bbbottom_center\u00bb custom_padding=\u00bb5rem||5rem||false|false\u00bb custom_padding_tablet=\u00bb||1rem||false|false\u00bb custom_padding_phone=\u00bb5rem||||false|false\u00bb global_colors_info=\u00bb{}\u00bb][et_pb_column type=\u00bb4_4&#8243; _builder_version=\u00bb4.4.2&#8243; global_colors_info=\u00bb{}\u00bb][\/et_pb_column][\/et_pb_row][\/et_pb_section]<\/p>\n","protected":false},"excerpt":{"rendered":"<p>Team4YouWir sind f\u00fcr euch da.Wir sind gerne f\u00fcr euch in allen Belangen f\u00fcr euch da.Tel.: 030-451 98 88 0 E-Mail: kreiss@hotel4youth.de \u00a0\u00a0\u00a0Tel: 030-451 98 88 0 E-Mail: freit@hotel4youth.de \u00a0Tel: 030-451 98 88 0 E-Mail: berlin.hplus@h-hotels.com \u00a0Tel: 030-451 98 88 0 E-Mail: berlin.hplus@h-hotels.com \u00a0\u00a0\u00a0Have a look in our galleriy.El H+ Hotel4Youth, adyacente al Mauerpark, Berl\u00edn Centro, [&hellip;]<\/p>\n","protected":false},"author":1,"featured_media":0,"parent":0,"menu_order":0,"comment_status":"closed","ping_status":"closed","template":"","meta":{"_et_pb_use_builder":"on","_et_pb_old_content":"","_et_gb_content_width":"","footnotes":""},"class_list":["post-2770","page","type-page","status-publish","hentry"],"yoast_head":"<!-- This site is optimized with the Yoast SEO plugin v26.9 - https:\/\/yoast.com\/product\/yoast-seo-wordpress\/ -->\n<title>Team4You - Hotel - H+ Hotel4 Youth Berlin - Am Mauerpark - Berlin Mitte<\/title>\n<meta name=\"robots\" content=\"index, follow, max-snippet:-1, max-image-preview:large, max-video-preview:-1\" \/>\n<link rel=\"canonical\" href=\"https:\/\/hotel4youth.de\/es\/team4you\" \/>\n<meta property=\"og:locale\" content=\"es_ES\" \/>\n<meta property=\"og:type\" content=\"article\" \/>\n<meta property=\"og:title\" content=\"Team4You - Hotel - H+ Hotel4 Youth Berlin - Am Mauerpark - Berlin Mitte\" \/>\n<meta property=\"og:description\" content=\"Team4YouWir sind f\u00fcr euch da.Wir sind gerne f\u00fcr euch in allen Belangen f\u00fcr euch da.Tel.: 030-451 98 88 0 E-Mail: kreiss@hotel4youth.de \u00a0\u00a0\u00a0Tel: 030-451 98 88 0 E-Mail: freit@hotel4youth.de \u00a0Tel: 030-451 98 88 0 E-Mail: berlin.hplus@h-hotels.com \u00a0Tel: 030-451 98 88 0 E-Mail: berlin.hplus@h-hotels.com \u00a0\u00a0\u00a0Have a look in our galleriy.El H+ Hotel4Youth, adyacente al Mauerpark, Berl\u00edn Centro, [&hellip;]\" \/>\n<meta property=\"og:url\" content=\"https:\/\/hotel4youth.de\/es\/team4you\" \/>\n<meta property=\"og:site_name\" content=\"Hotel - H+ Hotel4 Youth Berlin - Am Mauerpark - Berlin Mitte\" \/>\n<meta property=\"article:modified_time\" content=\"2025-03-13T02:47:37+00:00\" \/>\n<meta property=\"og:image\" content=\"http:\/\/hotel-neu.123-insnetz.de\/wp-content\/uploads\/\/2020\/08\/deutsch.svg\" \/>\n<meta name=\"twitter:card\" content=\"summary_large_image\" \/>\n<meta name=\"twitter:label1\" content=\"Tiempo de lectura\" \/>\n\t<meta name=\"twitter:data1\" content=\"6 minutos\" \/>\n<script type=\"application\/ld+json\" class=\"yoast-schema-graph\">{\"@context\":\"https:\/\/schema.org\",\"@graph\":[{\"@type\":\"WebPage\",\"@id\":\"https:\/\/hotel4youth.de\/es\/team4you\",\"url\":\"https:\/\/hotel4youth.de\/es\/team4you\",\"name\":\"Team4You - Hotel - H+ Hotel4 Youth Berlin - Am Mauerpark - Berlin Mitte\",\"isPartOf\":{\"@id\":\"https:\/\/hotel4youth.de\/#website\"},\"primaryImageOfPage\":{\"@id\":\"https:\/\/hotel4youth.de\/es\/team4you#primaryimage\"},\"image\":{\"@id\":\"https:\/\/hotel4youth.de\/es\/team4you#primaryimage\"},\"thumbnailUrl\":\"http:\/\/hotel-neu.123-insnetz.de\/wp-content\/uploads\/\/2020\/08\/deutsch.svg\",\"datePublished\":\"2020-08-18T14:43:41+00:00\",\"dateModified\":\"2025-03-13T02:47:37+00:00\",\"breadcrumb\":{\"@id\":\"https:\/\/hotel4youth.de\/es\/team4you#breadcrumb\"},\"inLanguage\":\"es\",\"potentialAction\":[{\"@type\":\"ReadAction\",\"target\":[\"https:\/\/hotel4youth.de\/es\/team4you\"]}]},{\"@type\":\"ImageObject\",\"inLanguage\":\"es\",\"@id\":\"https:\/\/hotel4youth.de\/es\/team4you#primaryimage\",\"url\":\"http:\/\/hotel-neu.123-insnetz.de\/wp-content\/uploads\/\/2020\/08\/deutsch.svg\",\"contentUrl\":\"http:\/\/hotel-neu.123-insnetz.de\/wp-content\/uploads\/\/2020\/08\/deutsch.svg\"},{\"@type\":\"BreadcrumbList\",\"@id\":\"https:\/\/hotel4youth.de\/es\/team4you#breadcrumb\",\"itemListElement\":[{\"@type\":\"ListItem\",\"position\":1,\"name\":\"Startseite\",\"item\":\"https:\/\/hotel4youth.de\/es\"},{\"@type\":\"ListItem\",\"position\":2,\"name\":\"Team4You\"}]},{\"@type\":\"WebSite\",\"@id\":\"https:\/\/hotel4youth.de\/#website\",\"url\":\"https:\/\/hotel4youth.de\/\",\"name\":\"Hotel - H+ Hotel4 Youth Berlin - Am Mauerpark - Berlin Mitte\",\"description\":\"\",\"potentialAction\":[{\"@type\":\"SearchAction\",\"target\":{\"@type\":\"EntryPoint\",\"urlTemplate\":\"https:\/\/hotel4youth.de\/?s={search_term_string}\"},\"query-input\":{\"@type\":\"PropertyValueSpecification\",\"valueRequired\":true,\"valueName\":\"search_term_string\"}}],\"inLanguage\":\"es\"}]}<\/script>\n<!-- \/ Yoast SEO plugin. -->","yoast_head_json":{"title":"Team4You - Hotel - H+ Hotel4 Youth Berlin - Am Mauerpark - Berlin Mitte","robots":{"index":"index","follow":"follow","max-snippet":"max-snippet:-1","max-image-preview":"max-image-preview:large","max-video-preview":"max-video-preview:-1"},"canonical":"https:\/\/hotel4youth.de\/es\/team4you","og_locale":"es_ES","og_type":"article","og_title":"Team4You - Hotel - H+ Hotel4 Youth Berlin - Am Mauerpark - Berlin Mitte","og_description":"Team4YouWir sind f\u00fcr euch da.Wir sind gerne f\u00fcr euch in allen Belangen f\u00fcr euch da.Tel.: 030-451 98 88 0 E-Mail: kreiss@hotel4youth.de \u00a0\u00a0\u00a0Tel: 030-451 98 88 0 E-Mail: freit@hotel4youth.de \u00a0Tel: 030-451 98 88 0 E-Mail: berlin.hplus@h-hotels.com \u00a0Tel: 030-451 98 88 0 E-Mail: berlin.hplus@h-hotels.com \u00a0\u00a0\u00a0Have a look in our galleriy.El H+ Hotel4Youth, adyacente al Mauerpark, Berl\u00edn Centro, [&hellip;]","og_url":"https:\/\/hotel4youth.de\/es\/team4you","og_site_name":"Hotel - H+ Hotel4 Youth Berlin - Am Mauerpark - Berlin Mitte","article_modified_time":"2025-03-13T02:47:37+00:00","og_image":[{"url":"http:\/\/hotel-neu.123-insnetz.de\/wp-content\/uploads\/\/2020\/08\/deutsch.svg","type":"","width":"","height":""}],"twitter_card":"summary_large_image","twitter_misc":{"Tiempo de lectura":"6 minutos"},"schema":{"@context":"https:\/\/schema.org","@graph":[{"@type":"WebPage","@id":"https:\/\/hotel4youth.de\/es\/team4you","url":"https:\/\/hotel4youth.de\/es\/team4you","name":"Team4You - Hotel - H+ Hotel4 Youth Berlin - Am Mauerpark - Berlin Mitte","isPartOf":{"@id":"https:\/\/hotel4youth.de\/#website"},"primaryImageOfPage":{"@id":"https:\/\/hotel4youth.de\/es\/team4you#primaryimage"},"image":{"@id":"https:\/\/hotel4youth.de\/es\/team4you#primaryimage"},"thumbnailUrl":"http:\/\/hotel-neu.123-insnetz.de\/wp-content\/uploads\/\/2020\/08\/deutsch.svg","datePublished":"2020-08-18T14:43:41+00:00","dateModified":"2025-03-13T02:47:37+00:00","breadcrumb":{"@id":"https:\/\/hotel4youth.de\/es\/team4you#breadcrumb"},"inLanguage":"es","potentialAction":[{"@type":"ReadAction","target":["https:\/\/hotel4youth.de\/es\/team4you"]}]},{"@type":"ImageObject","inLanguage":"es","@id":"https:\/\/hotel4youth.de\/es\/team4you#primaryimage","url":"http:\/\/hotel-neu.123-insnetz.de\/wp-content\/uploads\/\/2020\/08\/deutsch.svg","contentUrl":"http:\/\/hotel-neu.123-insnetz.de\/wp-content\/uploads\/\/2020\/08\/deutsch.svg"},{"@type":"BreadcrumbList","@id":"https:\/\/hotel4youth.de\/es\/team4you#breadcrumb","itemListElement":[{"@type":"ListItem","position":1,"name":"Startseite","item":"https:\/\/hotel4youth.de\/es"},{"@type":"ListItem","position":2,"name":"Team4You"}]},{"@type":"WebSite","@id":"https:\/\/hotel4youth.de\/#website","url":"https:\/\/hotel4youth.de\/","name":"Hotel - H+ Hotel4 Youth Berlin - Am Mauerpark - Berlin Mitte","description":"","potentialAction":[{"@type":"SearchAction","target":{"@type":"EntryPoint","urlTemplate":"https:\/\/hotel4youth.de\/?s={search_term_string}"},"query-input":{"@type":"PropertyValueSpecification","valueRequired":true,"valueName":"search_term_string"}}],"inLanguage":"es"}]}},"_links":{"self":[{"href":"https:\/\/hotel4youth.de\/es\/wp-json\/wp\/v2\/pages\/2770","targetHints":{"allow":["GET"]}}],"collection":[{"href":"https:\/\/hotel4youth.de\/es\/wp-json\/wp\/v2\/pages"}],"about":[{"href":"https:\/\/hotel4youth.de\/es\/wp-json\/wp\/v2\/types\/page"}],"author":[{"embeddable":true,"href":"https:\/\/hotel4youth.de\/es\/wp-json\/wp\/v2\/users\/1"}],"replies":[{"embeddable":true,"href":"https:\/\/hotel4youth.de\/es\/wp-json\/wp\/v2\/comments?post=2770"}],"version-history":[{"count":10,"href":"https:\/\/hotel4youth.de\/es\/wp-json\/wp\/v2\/pages\/2770\/revisions"}],"predecessor-version":[{"id":4214,"href":"https:\/\/hotel4youth.de\/es\/wp-json\/wp\/v2\/pages\/2770\/revisions\/4214"}],"wp:attachment":[{"href":"https:\/\/hotel4youth.de\/es\/wp-json\/wp\/v2\/media?parent=2770"}],"curies":[{"name":"wp","href":"https:\/\/api.w.org\/{rel}","templated":true}]}}