{"id":2754,"date":"2020-08-18T16:36:17","date_gmt":"2020-08-18T14:36:17","guid":{"rendered":"http:\/\/hotel-neu.123-insnetz.de\/grupos-turistico"},"modified":"2025-03-13T03:45:49","modified_gmt":"2025-03-13T02:45:49","slug":"grupos-turistico","status":"publish","type":"page","link":"https:\/\/hotel4youth.de\/es\/grupos-turistico","title":{"rendered":"Grupos tur\u00edstico"},"content":{"rendered":"<p>[et_pb_section fb_built=\u00bb1&#8243; custom_padding_last_edited=\u00bbon|phone\u00bb _builder_version=\u00bb4.4.2&#8243; background_enable_color=\u00bboff\u00bb background_image=\u00bbhttp:\/\/hotel-neu.123-insnetz.de\/wp-content\/uploads\/2020\/10\/gruppen-1.jpg\u00bb custom_padding=\u00bb12rem||12rem||false|false\u00bb custom_padding_tablet=\u00bb10rem||10rem||false|false\u00bb custom_padding_phone=\u00bb8rem||8rem||false|false\u00bb global_colors_info=\u00bb{}\u00bb][\/et_pb_section][et_pb_section fb_built=\u00bb1&#8243; _builder_version=\u00bb4.4.2&#8243; custom_margin=\u00bb||2rem||false|false\u00bb custom_padding=\u00bb0px||0px||false|false\u00bb global_colors_info=\u00bb{}\u00bb][et_pb_row _builder_version=\u00bb4.4.2&#8243; custom_padding=\u00bb0px||0px||false|false\u00bb global_colors_info=\u00bb{}\u00bb][et_pb_column type=\u00bb4_4&#8243; _builder_version=\u00bb4.4.2&#8243; global_colors_info=\u00bb{}\u00bb][et_pb_code _builder_version=\u00bb4.13.0&#8243; text_orientation=\u00bbcenter\u00bb hover_enabled=\u00bb0&#8243; global_colors_info=\u00bb{}\u00bb transform_styles__hover_enabled=\u00bbon|hover\u00bb transform_scale__hover_enabled=\u00bbon|hover\u00bb transform_translate__hover_enabled=\u00bbon|desktop\u00bb transform_rotate__hover_enabled=\u00bbon|desktop\u00bb transform_skew__hover_enabled=\u00bbon|desktop\u00bb transform_origin__hover_enabled=\u00bbon|desktop\u00bb transform_scale__hover=\u00bb115%|115%\u00bb sticky_enabled=\u00bb0&#8243;]<a class=\"buchen-button-rund\" href=\"https:\/\/www.h-hotels.com\/es\/hplus\/hoteles\/hplus-hotel-4youth-berlin\" target=\"_blank\" rel=\"noopener noreferrer\">Book now<\/a>[\/et_pb_code][\/et_pb_column][\/et_pb_row][\/et_pb_section][et_pb_section fb_built=\u00bb1&#8243; _builder_version=\u00bb4.4.2&#8243; custom_margin=\u00bb||||false|false\u00bb custom_margin_tablet=\u00bb-2rem||||false|false\u00bb custom_margin_phone=\u00bb\u00bb custom_margin_last_edited=\u00bbon|tablet\u00bb custom_padding=\u00bb0px||0px||false|false\u00bb global_colors_info=\u00bb{}\u00bb][et_pb_row _builder_version=\u00bb4.4.2&#8243; custom_padding=\u00bb||0px||false|false\u00bb global_colors_info=\u00bb{}\u00bb][et_pb_column type=\u00bb4_4&#8243; _builder_version=\u00bb4.4.2&#8243; global_colors_info=\u00bb{}\u00bb][et_pb_text _builder_version=\u00bb4.4.2&#8243; header_text_align=\u00bbcenter\u00bb header_line_height=\u00bb1.2em\u00bb custom_margin_tablet=\u00bb||0px||false|false\u00bb custom_margin_phone=\u00bb\u00bb custom_margin_last_edited=\u00bbon|tablet\u00bb header_font_size_tablet=\u00bb40px\u00bb header_font_size_phone=\u00bb28px\u00bb header_font_size_last_edited=\u00bbon|phone\u00bb global_colors_info=\u00bb{}\u00bb]<\/p>\n<h1>Grupos tur\u00edstico<\/h1>\n<p>[\/et_pb_text][et_pb_divider color=\u00bb#615D56&#8243; divider_weight=\u00bb5px\u00bb _builder_version=\u00bb4.4.2&#8243; width=\u00bb100px\u00bb module_alignment=\u00bbcenter\u00bb custom_padding=\u00bb2rem||2rem||false|false\u00bb custom_padding_tablet=\u00bb1rem||1rem||false|false\u00bb custom_padding_phone=\u00bb\u00bb custom_padding_last_edited=\u00bbon|phone\u00bb global_colors_info=\u00bb{}\u00bb][\/et_pb_divider][\/et_pb_column][\/et_pb_row][\/et_pb_section][et_pb_section fb_built=\u00bb1&#8243; custom_padding_last_edited=\u00bbon|phone\u00bb _builder_version=\u00bb4.4.2&#8243; background_color=\u00bbrgba(97,93,86,0.1)\u00bb custom_padding=\u00bb2rem||8rem||false|false\u00bb custom_padding_tablet=\u00bb||2rem||false|false\u00bb custom_padding_phone=\u00bb1rem||1rem||false|false\u00bb global_colors_info=\u00bb{}\u00bb][et_pb_row column_structure=\u00bb2_3,1_3&#8243; use_custom_gutter=\u00bbon\u00bb gutter_width=\u00bb4&#8243; _builder_version=\u00bb4.4.2&#8243; custom_padding=\u00bb||0px||false|false\u00bb global_colors_info=\u00bb{}\u00bb][et_pb_column type=\u00bb2_3&#8243; _builder_version=\u00bb4.4.2&#8243; global_colors_info=\u00bb{}\u00bb][et_pb_text _builder_version=\u00bb4.4.2&#8243; header_2_text_color=\u00bb#76B72A\u00bb header_2_font_size=\u00bb28px\u00bb custom_margin=\u00bb||1rem||false|false\u00bb custom_padding=\u00bb||||false|false\u00bb header_2_font_size_tablet=\u00bb26px\u00bb header_2_font_size_phone=\u00bb22px\u00bb header_2_font_size_last_edited=\u00bbon|phone\u00bb global_colors_info=\u00bb{}\u00bb]<\/p>\n<h2>Informaciones para viajes de grupos<\/h2>\n<p>[\/et_pb_text][et_pb_text _builder_version=\u00bb4.4.2&#8243; text_font_size_tablet=\u00bb\u00bb text_font_size_phone=\u00bb14px\u00bb text_font_size_last_edited=\u00bbon|phone\u00bb global_colors_info=\u00bb{}\u00bb]El H+ Hotel4Youth, adyacente al Mauerpark, Berl\u00edn Centro, dispone de larga experiencia en la asistencia y alojamiento de grupos tur\u00edsticos. Junto con profesores y tutores comprometidos, hemos realizado innumerables viajes de grupos tur\u00edsticos y escolares. Con eso, hemos posibilitado d\u00edas inolvidables en Berl\u00edn para mucha gente joven.<\/p>\n<ul>\n<li>Hotel 2 estrellas<\/li>\n<li>96 habitaciones (198 camas) con ba\u00f1o\/WC (secador de cabellos y televisor bajo demanda)<\/li>\n<li>72 habitaciones con dos camas (de las cuales son 36 habitaciones con puerta de separaci\u00f3n)<\/li>\n<li>Lobby con terminales de internet DSL, wifi (gratuita en la area p\u00fablica)<\/li>\n<li>Aparcamiento para autobus a 300 m<\/li>\n<li>Apto para discapacitados<\/li>\n<\/ul>\n<p>[\/et_pb_text][et_pb_text _builder_version=\u00bb4.4.2&#8243; header_2_text_color=\u00bb#76B72A\u00bb header_2_font_size=\u00bb28px\u00bb header_3_text_color=\u00bb#76B72A\u00bb header_3_font_size=\u00bb18px\u00bb custom_margin=\u00bb3rem||1rem||false|false\u00bb header_3_font_size_tablet=\u00bb16px\u00bb header_3_font_size_phone=\u00bb\u00bb header_3_font_size_last_edited=\u00bbon|phone\u00bb global_colors_info=\u00bb{}\u00bb]<\/p>\n<h3>Info\u00b4s zum H+ Hotel 4Youth Berlin:<\/h3>\n<p>[\/et_pb_text][et_pb_text _builder_version=\u00bb4.4.2&#8243; text_font_size_tablet=\u00bb\u00bb text_font_size_phone=\u00bb14px\u00bb text_font_size_last_edited=\u00bbon|phone\u00bb global_colors_info=\u00bb{}\u00bb]<\/p>\n<ul>\n<li>96 Zimmer (198 Betten) mit eigenem Bad. Das Badezimmer verf\u00fcgt \u00fcber eine Dusche oder vereinzelt Badewannen-Duschkombinationen sowie einen F\u00f6n.<\/li>\n<li>Hygenieartikel wie Duschgel und Shampoo sind ebenfalls vorhanden.<\/li>\n<li>Alle Zimmer sind modern ausgestattet mit Flachbildschirm TV mit Radiofunktion.<\/li>\n<li>Hotellobby ist mit Internet-Terminals ausgestattet. Im ganzen Haus ist kostenfreies WLan verf\u00fcgbar.<\/li>\n<li>Busparkplatz ca. 300 m entfernt in der Ackerstra\u00dfe an der Gedenkst\u00e4tte Berliner Mauer<\/li>\n<li>barrierefreie Zimmer auf Anfrage<\/li>\n<li>W\u00e4hlen Sie zwischen unseren Standardzimmer und den Komfortzimmer.<\/li>\n<\/ul>\n<p>[\/et_pb_text][et_pb_divider color=\u00bb#76B72A\u00bb divider_style=\u00bbdotted\u00bb divider_weight=\u00bb2px\u00bb _builder_version=\u00bb4.4.2&#8243; custom_margin=\u00bb4rem||1rem||false|false\u00bb custom_padding=\u00bb||||false|false\u00bb global_colors_info=\u00bb{}\u00bb][\/et_pb_divider][et_pb_text _builder_version=\u00bb4.4.2&#8243; header_2_text_color=\u00bb#76B72A\u00bb header_2_font_size=\u00bb28px\u00bb custom_margin=\u00bb||1rem||false|false\u00bb custom_padding=\u00bb||||false|false\u00bb header_2_font_size_tablet=\u00bb26px\u00bb header_2_font_size_phone=\u00bb22px\u00bb header_2_font_size_last_edited=\u00bbon|phone\u00bb locked=\u00bboff\u00bb global_colors_info=\u00bb{}\u00bb]<\/p>\n<h2>Condiciones<\/h2>\n<p>[\/et_pb_text][et_pb_text _builder_version=\u00bb4.4.2&#8243; custom_margin=\u00bb||0px||false|false\u00bb custom_padding=\u00bb||||false|false\u00bb text_font_size_tablet=\u00bb\u00bb text_font_size_phone=\u00bb14px\u00bb text_font_size_last_edited=\u00bbon|phone\u00bb global_colors_info=\u00bb{}\u00bb]<\/p>\n<ul>\n<li>Concedemos precios colectivos desde 20 personas<\/li>\n<li>Concedemos precios colectivos para profesores y tutores en habitaciones con dos camas. Caso se desee una habitaci\u00f3n individual, se cobrar\u00e1 una tasa para la habitaci\u00f3n individual.<\/li>\n<li>El hotel es responsable por la distribuci\u00f3n de las habitaciones. Divisi\u00f3n por g\u00e9nero bajo demand<\/li>\n<\/ul>\n<p>[\/et_pb_text][et_pb_divider color=\u00bb#76B72A\u00bb divider_style=\u00bbdotted\u00bb divider_weight=\u00bb2px\u00bb _builder_version=\u00bb4.4.2&#8243; custom_margin=\u00bb4rem||1rem||false|false\u00bb custom_padding=\u00bb||||false|false\u00bb global_colors_info=\u00bb{}\u00bb][\/et_pb_divider][et_pb_text _builder_version=\u00bb4.4.2&#8243; header_2_text_color=\u00bb#76B72A\u00bb header_2_font_size=\u00bb28px\u00bb custom_margin=\u00bb||1rem||false|false\u00bb custom_padding=\u00bb||||false|false\u00bb header_2_font_size_tablet=\u00bb26px\u00bb header_2_font_size_phone=\u00bb22px\u00bb header_2_font_size_last_edited=\u00bbon|phone\u00bb locked=\u00bboff\u00bb global_colors_info=\u00bb{}\u00bb]<\/p>\n<h2>Servicio<\/h2>\n<p>[\/et_pb_text][et_pb_text _builder_version=\u00bb4.4.2&#8243; text_font_size_tablet=\u00bb\u00bb text_font_size_phone=\u00bb14px\u00bb text_font_size_last_edited=\u00bbon|phone\u00bb global_colors_info=\u00bb{}\u00bb]<\/p>\n<ul>\n<li>Rico buffet de desayuno inclusive<\/li>\n<li>Recepci\u00f3n y bar abiertos 24\/7<\/li>\n<li>Media pensi\u00f3n y bolsa de picnic reservables<\/li>\n<li>Es posible, de acuerdo con la disponibilidad, reservar una planta completa para grupos<\/li>\n<li>Consigna<\/li>\n<\/ul>\n<p>Le ayudamos activamente al planear excursiones, eventos y le servimos con diversos consejos.[\/et_pb_text][\/et_pb_column][et_pb_column type=\u00bb1_3&#8243; _builder_version=\u00bb4.4.2&#8243; global_colors_info=\u00bb{}\u00bb][et_pb_image src=\u00bbhttp:\/\/hotel-neu.123-insnetz.de\/wp-content\/uploads\/2020\/07\/h-hotel-symbol.png\u00bb align=\u00bbcenter\u00bb module_class=\u00bbicon-hotel-allgemein sidebar\u00bb _builder_version=\u00bb4.4.2&#8243; background_enable_color=\u00bboff\u00bb background_enable_image=\u00bboff\u00bb width=\u00bb60px\u00bb custom_margin=\u00bb||0px||false|false\u00bb custom_css_main_element=\u00bbz-index: 99999;\u00bb border_radii=\u00bbon|80px|80px|80px|80px\u00bb border_color_all=\u00bbrgba(0,0,0,0)\u00bb locked=\u00bboff\u00bb global_colors_info=\u00bb{}\u00bb][\/et_pb_image][et_pb_cta title=\u00bbLlegada y partida\u00bb button_text=\u00bbMore\u00bb module_class=\u00bbinfokasten-sidebar hell\u00bb _builder_version=\u00bb4.4.2&#8243; header_level=\u00bbh5&#8243; header_text_color=\u00bb#615D56&#8243; header_font_size=\u00bb20px\u00bb body_text_color=\u00bb#615D56&#8243; background_color=\u00bbrgba(118,183,42,0.2)\u00bb custom_button=\u00bbon\u00bb button_text_color=\u00bb#615D56&#8243; button_bg_color=\u00bbrgba(0,0,0,0)\u00bb button_border_color=\u00bb#615D56&#8243; button_use_icon=\u00bboff\u00bb button_custom_padding=\u00bb1rem|1rem|1rem|1rem|true|true\u00bb custom_margin=\u00bb-30px||||false|false\u00bb custom_padding=\u00bb3rem|2rem|2rem|2rem|false|false\u00bb header_font_size_tablet=\u00bb18px\u00bb header_font_size_phone=\u00bb\u00bb header_font_size_last_edited=\u00bbon|tablet\u00bb body_font_size_tablet=\u00bb\u00bb body_font_size_phone=\u00bb14px\u00bb body_font_size_last_edited=\u00bbon|phone\u00bb button_text_size_tablet=\u00bb\u00bb button_text_size_phone=\u00bb14px\u00bb button_text_size_last_edited=\u00bbon|phone\u00bb global_colors_info=\u00bb{}\u00bb button_text__hover_enabled=\u00bbon|desktop\u00bb button_bg_color__hover_enabled=\u00bbon|hover\u00bb button_bg_color__hover=\u00bb#615D56&#8243; button_bg_enable_color__hover=\u00bbon\u00bb button_text_color__hover_enabled=\u00bbon|desktop\u00bb button_text_color__hover=\u00bb#ffffff\u00bb button_border_color__hover_enabled=\u00bbon|hover\u00bb button_border_color__hover=\u00bbrgba(0,0,0,0)\u00bb button_border_width__hover_enabled=\u00bboff|hover\u00bb button_border_width__hover=\u00bb2px\u00bb button_text__hover=\u00bbMore\u00bb]Entrada: a partir de las 15:00<\/p>\n<p>Salida: Lunes a viernes hasta las 10:00<\/p>\n<p>S\u00e1bados, domingos y feriados hasta las 11:00[\/et_pb_cta][et_pb_image src=\u00bbhttp:\/\/hotel-neu.123-insnetz.de\/wp-content\/uploads\/2020\/07\/h-hotel-symbol.png\u00bb align=\u00bbcenter\u00bb module_class=\u00bbicon-hotel-allgemein sidebar\u00bb _builder_version=\u00bb4.4.2&#8243; background_enable_color=\u00bboff\u00bb background_enable_image=\u00bboff\u00bb width=\u00bb60px\u00bb custom_margin=\u00bb||0px||false|false\u00bb custom_css_main_element=\u00bbz-index: 99999;\u00bb border_radii=\u00bbon|80px|80px|80px|80px\u00bb border_color_all=\u00bbrgba(0,0,0,0)\u00bb locked=\u00bboff\u00bb global_colors_info=\u00bb{}\u00bb][\/et_pb_image][et_pb_cta title=\u00bbOferta de ocio\u00bb button_text=\u00bbMore\u00bb module_class=\u00bbinfokasten-sidebar\u00bb _builder_version=\u00bb4.4.2&#8243; header_level=\u00bbh5&#8243; header_text_align=\u00bbcenter\u00bb header_font_size=\u00bb20px\u00bb background_color=\u00bb#615D56&#8243; custom_button=\u00bbon\u00bb button_text_color=\u00bb#ffffff\u00bb button_bg_color=\u00bbrgba(0,0,0,0)\u00bb button_use_icon=\u00bboff\u00bb button_custom_padding=\u00bb1rem|1rem|1rem|1rem|true|true\u00bb text_orientation=\u00bbleft\u00bb custom_margin=\u00bb-30px||||false|false\u00bb custom_padding=\u00bb3rem|2rem|2rem|2rem|false|false\u00bb header_font_size_tablet=\u00bb18px\u00bb header_font_size_phone=\u00bb\u00bb header_font_size_last_edited=\u00bbon|tablet\u00bb body_font_size_tablet=\u00bb\u00bb body_font_size_phone=\u00bb14px\u00bb body_font_size_last_edited=\u00bbon|phone\u00bb button_text_size_tablet=\u00bb\u00bb button_text_size_phone=\u00bb14px\u00bb button_text_size_last_edited=\u00bbon|phone\u00bb global_colors_info=\u00bb{}\u00bb button_text__hover_enabled=\u00bbon|desktop\u00bb button_bg_color__hover_enabled=\u00bbon|hover\u00bb button_bg_color__hover=\u00bb#ffffff\u00bb button_bg_enable_color__hover=\u00bbon\u00bb button_text_color__hover_enabled=\u00bbon|hover\u00bb button_text_color__hover=\u00bb#615D56&#8243; button_border_color__hover_enabled=\u00bbon|hover\u00bb button_border_color__hover=\u00bb#ffffff\u00bb button_text__hover=\u00bbMore\u00bb]<\/p>\n<ul>\n<li>Directamente frente al Mauerpark<\/li>\n<li>Juegos de tablero<\/li>\n<li>Alquiler de bicicletas<\/li>\n<li>Videoconsolas<\/li>\n<li>Escritorios con internet + wifi<\/li>\n<\/ul>\n<p>[\/et_pb_cta][et_pb_image src=\u00bbhttp:\/\/hotel-neu.123-insnetz.de\/wp-content\/uploads\/2020\/07\/h-hotel-symbol.png\u00bb align=\u00bbcenter\u00bb module_class=\u00bbicon-hotel-allgemein sidebar\u00bb _builder_version=\u00bb4.4.2&#8243; background_enable_color=\u00bboff\u00bb background_enable_image=\u00bboff\u00bb width=\u00bb60px\u00bb custom_margin=\u00bb||0px||false|false\u00bb custom_css_main_element=\u00bbz-index: 99999;\u00bb border_radii=\u00bbon|80px|80px|80px|80px\u00bb border_color_all=\u00bbrgba(0,0,0,0)\u00bb locked=\u00bboff\u00bb global_colors_info=\u00bb{}\u00bb][\/et_pb_image][et_pb_cta title=\u00bbObservaciones \u2013 el pago\u00bb button_text=\u00bbMore\u00bb module_class=\u00bbinfokasten-sidebar\u00bb _builder_version=\u00bb4.4.2&#8243; header_level=\u00bbh5&#8243; header_text_align=\u00bbcenter\u00bb header_font_size=\u00bb20px\u00bb background_color=\u00bb#CF043F\u00bb custom_button=\u00bbon\u00bb button_text_color=\u00bb#ffffff\u00bb button_bg_color=\u00bbrgba(0,0,0,0)\u00bb button_use_icon=\u00bboff\u00bb button_custom_padding=\u00bb1rem|1rem|1rem|1rem|true|true\u00bb text_orientation=\u00bbleft\u00bb custom_margin=\u00bb-30px||||false|false\u00bb custom_padding=\u00bb3rem|2rem|2rem|2rem|false|false\u00bb header_font_size_tablet=\u00bb18px\u00bb header_font_size_phone=\u00bb\u00bb header_font_size_last_edited=\u00bbon|tablet\u00bb body_font_size_tablet=\u00bb\u00bb body_font_size_phone=\u00bb14px\u00bb body_font_size_last_edited=\u00bbon|phone\u00bb global_colors_info=\u00bb{}\u00bb button_text__hover_enabled=\u00bbon|desktop\u00bb button_bg_color__hover_enabled=\u00bbon|hover\u00bb button_bg_color__hover=\u00bb#ffffff\u00bb button_bg_enable_color__hover=\u00bbon\u00bb button_text_color__hover_enabled=\u00bbon|hover\u00bb button_text_color__hover=\u00bb#CF043F\u00bb button_border_color__hover_enabled=\u00bbon|hover\u00bb button_border_color__hover=\u00bb#ffffff\u00bb button_text__hover=\u00bbMore\u00bb]Al hacer la reservaci\u00f3n, es pagadera una entrada inicial de 20% del total. El importe restante ser\u00e1 cargado durante la llegada.[\/et_pb_cta][et_pb_image src=\u00bbhttp:\/\/hotel-neu.123-insnetz.de\/wp-content\/uploads\/2020\/07\/h-hotel-symbol.png\u00bb align=\u00bbcenter\u00bb module_class=\u00bbicon-hotel-allgemein sidebar\u00bb _builder_version=\u00bb4.4.2&#8243; background_enable_color=\u00bboff\u00bb background_enable_image=\u00bboff\u00bb width=\u00bb60px\u00bb custom_margin=\u00bb||0px||false|false\u00bb custom_css_main_element=\u00bbz-index: 99999;\u00bb border_radii=\u00bbon|80px|80px|80px|80px\u00bb border_color_all=\u00bbrgba(0,0,0,0)\u00bb locked=\u00bboff\u00bb global_colors_info=\u00bb{}\u00bb][\/et_pb_image][et_pb_cta title=\u00bbHausordnung\u00bb button_text=\u00bbMore\u00bb module_class=\u00bbinfokasten-sidebar hell\u00bb _builder_version=\u00bb4.4.2&#8243; header_level=\u00bbh5&#8243; header_text_color=\u00bb#615D56&#8243; header_font_size=\u00bb20px\u00bb body_text_color=\u00bb#615D56&#8243; background_color=\u00bbrgba(118,183,42,0.2)\u00bb custom_button=\u00bbon\u00bb button_text_color=\u00bb#615D56&#8243; button_bg_color=\u00bbrgba(0,0,0,0)\u00bb button_border_color=\u00bb#615D56&#8243; button_use_icon=\u00bboff\u00bb button_custom_padding=\u00bb1rem|1rem|1rem|1rem|true|true\u00bb custom_margin=\u00bb-30px||||false|false\u00bb custom_padding=\u00bb3rem|2rem|2rem|2rem|false|false\u00bb header_font_size_tablet=\u00bb18px\u00bb header_font_size_phone=\u00bb\u00bb header_font_size_last_edited=\u00bbon|tablet\u00bb body_font_size_tablet=\u00bb\u00bb body_font_size_phone=\u00bb14px\u00bb body_font_size_last_edited=\u00bbon|phone\u00bb button_text_size_tablet=\u00bb\u00bb button_text_size_phone=\u00bb14px\u00bb button_text_size_last_edited=\u00bbon|phone\u00bb global_colors_info=\u00bb{}\u00bb button_text__hover_enabled=\u00bbon|desktop\u00bb button_bg_color__hover_enabled=\u00bbon|hover\u00bb button_bg_color__hover=\u00bb#615D56&#8243; button_bg_enable_color__hover=\u00bbon\u00bb button_text_color__hover_enabled=\u00bbon|desktop\u00bb button_text_color__hover=\u00bb#ffffff\u00bb button_border_color__hover_enabled=\u00bbon|hover\u00bb button_border_color__hover=\u00bbrgba(0,0,0,0)\u00bb button_border_width__hover_enabled=\u00bboff|hover\u00bb button_border_width__hover=\u00bb2px\u00bb button_text__hover=\u00bbMore\u00bb]<\/p>\n<p><a href=\"http:\/\/hotel-neu.123-insnetz.de\/wp-content\/uploads\/2020\/08\/HAUSORDNUNG.pdf\" target=\"_blank\" rel=\"noopener noreferrer\" title=\"Unsere Hausordnung\">Unsere Hausordnung<\/a><\/p>\n<p>[\/et_pb_cta][\/et_pb_column][\/et_pb_row][\/et_pb_section][et_pb_section fb_built=\u00bb1&#8243; _builder_version=\u00bb4.4.2&#8243; background_color=\u00bbrgba(97,93,86,0.1)\u00bb custom_margin=\u00bb||2rem||false|false\u00bb custom_padding=\u00bb0px||0px||false|false\u00bb border_width_bottom=\u00bb5px\u00bb border_color_bottom=\u00bb#615D56&#8243; global_colors_info=\u00bb{}\u00bb][et_pb_row custom_padding_last_edited=\u00bbon|phone\u00bb _builder_version=\u00bb4.4.2&#8243; background_image=\u00bbhttp:\/\/hotel-neu.123-insnetz.de\/wp-content\/uploads\/\/2020\/07\/berlin-silhouette.svg\u00bb background_size=\u00bbcontain\u00bb background_position=\u00bbbottom_center\u00bb custom_padding=\u00bb5rem||5rem||false|false\u00bb custom_padding_tablet=\u00bb||1rem||false|false\u00bb custom_padding_phone=\u00bb5rem||||false|false\u00bb global_colors_info=\u00bb{}\u00bb][et_pb_column type=\u00bb4_4&#8243; _builder_version=\u00bb4.4.2&#8243; global_colors_info=\u00bb{}\u00bb][\/et_pb_column][\/et_pb_row][\/et_pb_section]<\/p>\n","protected":false},"excerpt":{"rendered":"<p>Grupos tur\u00edsticoInformaciones para viajes de gruposEl H+ Hotel4Youth, adyacente al Mauerpark, Berl\u00edn Centro, dispone de larga experiencia en la asistencia y alojamiento de grupos tur\u00edsticos. Junto con profesores y tutores comprometidos, hemos realizado innumerables viajes de grupos tur\u00edsticos y escolares. Con eso, hemos posibilitado d\u00edas inolvidables en Berl\u00edn para mucha gente joven. Hotel 2 estrellas [&hellip;]<\/p>\n","protected":false},"author":1,"featured_media":0,"parent":0,"menu_order":0,"comment_status":"closed","ping_status":"closed","template":"","meta":{"_et_pb_use_builder":"on","_et_pb_old_content":"","_et_gb_content_width":"","footnotes":""},"class_list":["post-2754","page","type-page","status-publish","hentry"],"yoast_head":"<!-- This site is optimized with the Yoast SEO plugin v26.9 - https:\/\/yoast.com\/product\/yoast-seo-wordpress\/ -->\n<title>Grupos tur\u00edstico - Hotel - H+ Hotel4 Youth Berlin - Am Mauerpark - Berlin Mitte<\/title>\n<meta name=\"robots\" content=\"index, follow, max-snippet:-1, max-image-preview:large, max-video-preview:-1\" \/>\n<link rel=\"canonical\" href=\"https:\/\/hotel4youth.de\/es\/grupos-turistico\" \/>\n<meta property=\"og:locale\" content=\"es_ES\" \/>\n<meta property=\"og:type\" content=\"article\" \/>\n<meta property=\"og:title\" content=\"Grupos tur\u00edstico - Hotel - H+ Hotel4 Youth Berlin - Am Mauerpark - Berlin Mitte\" \/>\n<meta property=\"og:description\" content=\"Grupos tur\u00edsticoInformaciones para viajes de gruposEl H+ Hotel4Youth, adyacente al Mauerpark, Berl\u00edn Centro, dispone de larga experiencia en la asistencia y alojamiento de grupos tur\u00edsticos. Junto con profesores y tutores comprometidos, hemos realizado innumerables viajes de grupos tur\u00edsticos y escolares. Con eso, hemos posibilitado d\u00edas inolvidables en Berl\u00edn para mucha gente joven. Hotel 2 estrellas [&hellip;]\" \/>\n<meta property=\"og:url\" content=\"https:\/\/hotel4youth.de\/es\/grupos-turistico\" \/>\n<meta property=\"og:site_name\" content=\"Hotel - H+ Hotel4 Youth Berlin - Am Mauerpark - Berlin Mitte\" \/>\n<meta property=\"article:modified_time\" content=\"2025-03-13T02:45:49+00:00\" \/>\n<meta name=\"twitter:card\" content=\"summary_large_image\" \/>\n<meta name=\"twitter:label1\" content=\"Tiempo de lectura\" \/>\n\t<meta name=\"twitter:data1\" content=\"11 minutos\" \/>\n<script type=\"application\/ld+json\" class=\"yoast-schema-graph\">{\"@context\":\"https:\/\/schema.org\",\"@graph\":[{\"@type\":\"WebPage\",\"@id\":\"https:\/\/hotel4youth.de\/es\/grupos-turistico\",\"url\":\"https:\/\/hotel4youth.de\/es\/grupos-turistico\",\"name\":\"Grupos tur\u00edstico - Hotel - H+ Hotel4 Youth Berlin - Am Mauerpark - Berlin Mitte\",\"isPartOf\":{\"@id\":\"https:\/\/hotel4youth.de\/#website\"},\"datePublished\":\"2020-08-18T14:36:17+00:00\",\"dateModified\":\"2025-03-13T02:45:49+00:00\",\"breadcrumb\":{\"@id\":\"https:\/\/hotel4youth.de\/es\/grupos-turistico#breadcrumb\"},\"inLanguage\":\"es\",\"potentialAction\":[{\"@type\":\"ReadAction\",\"target\":[\"https:\/\/hotel4youth.de\/es\/grupos-turistico\"]}]},{\"@type\":\"BreadcrumbList\",\"@id\":\"https:\/\/hotel4youth.de\/es\/grupos-turistico#breadcrumb\",\"itemListElement\":[{\"@type\":\"ListItem\",\"position\":1,\"name\":\"Startseite\",\"item\":\"https:\/\/hotel4youth.de\/es\"},{\"@type\":\"ListItem\",\"position\":2,\"name\":\"Grupos tur\u00edstico\"}]},{\"@type\":\"WebSite\",\"@id\":\"https:\/\/hotel4youth.de\/#website\",\"url\":\"https:\/\/hotel4youth.de\/\",\"name\":\"Hotel - H+ Hotel4 Youth Berlin - Am Mauerpark - Berlin Mitte\",\"description\":\"\",\"potentialAction\":[{\"@type\":\"SearchAction\",\"target\":{\"@type\":\"EntryPoint\",\"urlTemplate\":\"https:\/\/hotel4youth.de\/?s={search_term_string}\"},\"query-input\":{\"@type\":\"PropertyValueSpecification\",\"valueRequired\":true,\"valueName\":\"search_term_string\"}}],\"inLanguage\":\"es\"}]}<\/script>\n<!-- \/ Yoast SEO plugin. -->","yoast_head_json":{"title":"Grupos tur\u00edstico - Hotel - H+ Hotel4 Youth Berlin - Am Mauerpark - Berlin Mitte","robots":{"index":"index","follow":"follow","max-snippet":"max-snippet:-1","max-image-preview":"max-image-preview:large","max-video-preview":"max-video-preview:-1"},"canonical":"https:\/\/hotel4youth.de\/es\/grupos-turistico","og_locale":"es_ES","og_type":"article","og_title":"Grupos tur\u00edstico - Hotel - H+ Hotel4 Youth Berlin - Am Mauerpark - Berlin Mitte","og_description":"Grupos tur\u00edsticoInformaciones para viajes de gruposEl H+ Hotel4Youth, adyacente al Mauerpark, Berl\u00edn Centro, dispone de larga experiencia en la asistencia y alojamiento de grupos tur\u00edsticos. Junto con profesores y tutores comprometidos, hemos realizado innumerables viajes de grupos tur\u00edsticos y escolares. Con eso, hemos posibilitado d\u00edas inolvidables en Berl\u00edn para mucha gente joven. Hotel 2 estrellas [&hellip;]","og_url":"https:\/\/hotel4youth.de\/es\/grupos-turistico","og_site_name":"Hotel - H+ Hotel4 Youth Berlin - Am Mauerpark - Berlin Mitte","article_modified_time":"2025-03-13T02:45:49+00:00","twitter_card":"summary_large_image","twitter_misc":{"Tiempo de lectura":"11 minutos"},"schema":{"@context":"https:\/\/schema.org","@graph":[{"@type":"WebPage","@id":"https:\/\/hotel4youth.de\/es\/grupos-turistico","url":"https:\/\/hotel4youth.de\/es\/grupos-turistico","name":"Grupos tur\u00edstico - Hotel - H+ Hotel4 Youth Berlin - Am Mauerpark - Berlin Mitte","isPartOf":{"@id":"https:\/\/hotel4youth.de\/#website"},"datePublished":"2020-08-18T14:36:17+00:00","dateModified":"2025-03-13T02:45:49+00:00","breadcrumb":{"@id":"https:\/\/hotel4youth.de\/es\/grupos-turistico#breadcrumb"},"inLanguage":"es","potentialAction":[{"@type":"ReadAction","target":["https:\/\/hotel4youth.de\/es\/grupos-turistico"]}]},{"@type":"BreadcrumbList","@id":"https:\/\/hotel4youth.de\/es\/grupos-turistico#breadcrumb","itemListElement":[{"@type":"ListItem","position":1,"name":"Startseite","item":"https:\/\/hotel4youth.de\/es"},{"@type":"ListItem","position":2,"name":"Grupos tur\u00edstico"}]},{"@type":"WebSite","@id":"https:\/\/hotel4youth.de\/#website","url":"https:\/\/hotel4youth.de\/","name":"Hotel - H+ Hotel4 Youth Berlin - Am Mauerpark - Berlin Mitte","description":"","potentialAction":[{"@type":"SearchAction","target":{"@type":"EntryPoint","urlTemplate":"https:\/\/hotel4youth.de\/?s={search_term_string}"},"query-input":{"@type":"PropertyValueSpecification","valueRequired":true,"valueName":"search_term_string"}}],"inLanguage":"es"}]}},"_links":{"self":[{"href":"https:\/\/hotel4youth.de\/es\/wp-json\/wp\/v2\/pages\/2754","targetHints":{"allow":["GET"]}}],"collection":[{"href":"https:\/\/hotel4youth.de\/es\/wp-json\/wp\/v2\/pages"}],"about":[{"href":"https:\/\/hotel4youth.de\/es\/wp-json\/wp\/v2\/types\/page"}],"author":[{"embeddable":true,"href":"https:\/\/hotel4youth.de\/es\/wp-json\/wp\/v2\/users\/1"}],"replies":[{"embeddable":true,"href":"https:\/\/hotel4youth.de\/es\/wp-json\/wp\/v2\/comments?post=2754"}],"version-history":[{"count":8,"href":"https:\/\/hotel4youth.de\/es\/wp-json\/wp\/v2\/pages\/2754\/revisions"}],"predecessor-version":[{"id":4212,"href":"https:\/\/hotel4youth.de\/es\/wp-json\/wp\/v2\/pages\/2754\/revisions\/4212"}],"wp:attachment":[{"href":"https:\/\/hotel4youth.de\/es\/wp-json\/wp\/v2\/media?parent=2754"}],"curies":[{"name":"wp","href":"https:\/\/api.w.org\/{rel}","templated":true}]}}