{"id":2722,"date":"2020-08-18T15:50:18","date_gmt":"2020-08-18T13:50:18","guid":{"rendered":"http:\/\/hotel-neu.123-insnetz.de\/ocio-en-berlin"},"modified":"2025-03-13T03:46:35","modified_gmt":"2025-03-13T02:46:35","slug":"ocio-en-berlin","status":"publish","type":"page","link":"https:\/\/hotel4youth.de\/es\/ocio-en-berlin","title":{"rendered":"ocio en Berl\u00edn"},"content":{"rendered":"<p>[et_pb_section fb_built=\u00bb1&#8243; custom_padding_last_edited=\u00bbon|phone\u00bb _builder_version=\u00bb4.4.2&#8243; background_enable_color=\u00bboff\u00bb background_image=\u00bbhttp:\/\/hotel-neu.123-insnetz.de\/wp-content\/uploads\/2020\/08\/tipps.jpg\u00bb custom_padding=\u00bb12rem||12rem||false|false\u00bb custom_padding_tablet=\u00bb10rem||10rem||false|false\u00bb custom_padding_phone=\u00bb8rem||8rem||false|false\u00bb global_colors_info=\u00bb{}\u00bb][\/et_pb_section][et_pb_section fb_built=\u00bb1&#8243; _builder_version=\u00bb4.4.2&#8243; custom_margin=\u00bb||2rem||false|false\u00bb custom_padding=\u00bb0px||0px||false|false\u00bb global_colors_info=\u00bb{}\u00bb][et_pb_row _builder_version=\u00bb4.4.2&#8243; custom_padding=\u00bb0px||0px||false|false\u00bb global_colors_info=\u00bb{}\u00bb][et_pb_column type=\u00bb4_4&#8243; _builder_version=\u00bb4.4.2&#8243; global_colors_info=\u00bb{}\u00bb][et_pb_code _builder_version=\u00bb4.13.0&#8243; text_orientation=\u00bbcenter\u00bb hover_enabled=\u00bb0&#8243; global_colors_info=\u00bb{}\u00bb transform_styles__hover_enabled=\u00bbon|hover\u00bb transform_scale__hover_enabled=\u00bbon|hover\u00bb transform_translate__hover_enabled=\u00bbon|desktop\u00bb transform_rotate__hover_enabled=\u00bbon|desktop\u00bb transform_skew__hover_enabled=\u00bbon|desktop\u00bb transform_origin__hover_enabled=\u00bbon|desktop\u00bb transform_scale__hover=\u00bb115%|115%\u00bb sticky_enabled=\u00bb0&#8243;]<a class=\"buchen-button-rund\" href=\"https:\/\/www.h-hotels.com\/es\/hplus\/hoteles\/hplus-hotel-4youth-berlin\" target=\"_blank\" rel=\"noopener noreferrer\">Book now<\/a>[\/et_pb_code][\/et_pb_column][\/et_pb_row][\/et_pb_section][et_pb_section fb_built=\u00bb1&#8243; _builder_version=\u00bb4.4.2&#8243; custom_margin=\u00bb||||false|false\u00bb custom_margin_tablet=\u00bb-2rem||||false|false\u00bb custom_margin_phone=\u00bb\u00bb custom_margin_last_edited=\u00bbon|tablet\u00bb custom_padding=\u00bb0px||0px||false|false\u00bb global_colors_info=\u00bb{}\u00bb][et_pb_row _builder_version=\u00bb4.4.2&#8243; custom_padding=\u00bb||0px||false|false\u00bb global_colors_info=\u00bb{}\u00bb][et_pb_column type=\u00bb4_4&#8243; _builder_version=\u00bb4.4.2&#8243; global_colors_info=\u00bb{}\u00bb][et_pb_text _builder_version=\u00bb4.4.2&#8243; header_text_align=\u00bbcenter\u00bb header_line_height=\u00bb1.2em\u00bb custom_margin_tablet=\u00bb||0px||false|false\u00bb custom_margin_phone=\u00bb\u00bb custom_margin_last_edited=\u00bbon|tablet\u00bb header_font_size_tablet=\u00bb40px\u00bb header_font_size_phone=\u00bb28px\u00bb header_font_size_last_edited=\u00bbon|phone\u00bb global_colors_info=\u00bb{}\u00bb]<\/p>\n<h1>ocio en Berl\u00edn<\/h1>\n<p>[\/et_pb_text][et_pb_divider color=\u00bb#615D56&#8243; divider_weight=\u00bb5px\u00bb _builder_version=\u00bb4.4.2&#8243; width=\u00bb100px\u00bb module_alignment=\u00bbcenter\u00bb custom_padding=\u00bb2rem||2rem||false|false\u00bb custom_padding_tablet=\u00bb1rem||1rem||false|false\u00bb custom_padding_phone=\u00bb\u00bb custom_padding_last_edited=\u00bbon|phone\u00bb global_colors_info=\u00bb{}\u00bb][\/et_pb_divider][\/et_pb_column][\/et_pb_row][\/et_pb_section][et_pb_section fb_built=\u00bb1&#8243; custom_padding_last_edited=\u00bbon|phone\u00bb _builder_version=\u00bb4.4.2&#8243; background_color=\u00bbrgba(97,93,86,0.1)\u00bb custom_padding=\u00bb2rem||8rem||false|false\u00bb custom_padding_tablet=\u00bb||2rem||false|false\u00bb custom_padding_phone=\u00bb1rem||1rem||false|false\u00bb global_colors_info=\u00bb{}\u00bb][et_pb_row column_structure=\u00bb2_3,1_3&#8243; use_custom_gutter=\u00bbon\u00bb gutter_width=\u00bb4&#8243; _builder_version=\u00bb4.4.2&#8243; custom_padding=\u00bb||0px||false|false\u00bb global_colors_info=\u00bb{}\u00bb][et_pb_column type=\u00bb2_3&#8243; _builder_version=\u00bb4.4.2&#8243; global_colors_info=\u00bb{}\u00bb][et_pb_text _builder_version=\u00bb4.4.2&#8243; header_2_text_color=\u00bb#76B72A\u00bb header_2_font_size=\u00bb28px\u00bb custom_margin=\u00bb||1rem||false|false\u00bb custom_padding=\u00bb||||false|false\u00bb header_2_font_size_tablet=\u00bb26px\u00bb header_2_font_size_phone=\u00bb22px\u00bb header_2_font_size_last_edited=\u00bbon|phone\u00bb global_colors_info=\u00bb{}\u00bb]<\/p>\n<h2>El Sitio Conmemorativo del Muro de Berl\u00edn directamente al lado<\/h2>\n<p>[\/et_pb_text][et_pb_text _builder_version=\u00bb4.4.2&#8243; text_font_size_tablet=\u00bb\u00bb text_font_size_phone=\u00bb14px\u00bb text_font_size_last_edited=\u00bbon|phone\u00bb global_colors_info=\u00bb{}\u00bb]El Sitio Conmemorativo del Muro de Berl\u00edn es el lugar principal de<br \/>\nconmemoraci\u00f3n de la divisi\u00f3n de Alemania y est\u00e1 situado en el<br \/>\ncentro de la capital. En su emplazamiento hist\u00f3rico en la Bernauer<br \/>\nStra\u00dfe, el sitio se extender\u00e1 en el futuro unos 1,4 km a lo largo<br \/>\nde la antigua franja fronteriza. En este lugar se encuentran los<br \/>\n\u00faltimos metros del Muro de Berl\u00edn que a\u00fan conservan la antigua<br \/>\nfranja fronteriza en su profundidad original, facilitando una impresi\u00f3n<br \/>\nde las instalaciones que exist\u00edan a finales de los a\u00f1os 80.<br \/>\nLos numerosos restos y huellas son un recuerdo de las antiguas<br \/>\nbarreras fronterizas y de los dram\u00e1ticos sucesos acontecidos en<br \/>\neste lugar y permiten comprender mejor la historia de la divisi\u00f3n<br \/>\nalemana.<\/p>\n<p><strong>Horario de apertura<\/strong><br \/>\nExposici\u00f3n en el sitio conmemorativo todo el a\u00f1o de lunes a domingos de las 08:00 a las 22:00<br \/>\nCentro de Visitantes y Centro de Documentaci\u00f3n<br \/>\nAbril \u2013 Octubre Martes \u2013 Domingo<br \/>\n09:30 \u2013 19:00<br \/>\nNoviembre \u2013 Marzo Martes \u2013 Domingo<br \/>\n09:30 \u2013 18:00<\/p>\n<p><a href=\"http:\/\/www.berliner-mauer-gedenkstaette.de\/de\/\" target=\"_blank\" rel=\"noopener noreferrer\">Aqu\u00ed hay m\u00e1s informaciones<\/a>[\/et_pb_text][et_pb_divider color=\u00bb#76B72A\u00bb divider_style=\u00bbdotted\u00bb divider_weight=\u00bb2px\u00bb _builder_version=\u00bb4.4.2&#8243; custom_margin=\u00bb4rem||1rem||false|false\u00bb custom_padding=\u00bb||||false|false\u00bb global_colors_info=\u00bb{}\u00bb][\/et_pb_divider][et_pb_text _builder_version=\u00bb4.4.2&#8243; header_2_text_color=\u00bb#76B72A\u00bb header_2_font_size=\u00bb28px\u00bb custom_margin=\u00bb||1rem||false|false\u00bb custom_padding=\u00bb||||false|false\u00bb header_2_font_size_tablet=\u00bb26px\u00bb header_2_font_size_phone=\u00bb22px\u00bb header_2_font_size_last_edited=\u00bbon|phone\u00bb locked=\u00bboff\u00bb global_colors_info=\u00bb{}\u00bb]<\/p>\n<h2>Eventos y ferias<\/h2>\n<p>[\/et_pb_text][et_pb_text _builder_version=\u00bb4.4.2&#8243; custom_margin=\u00bb||0px||false|false\u00bb custom_padding=\u00bb||||false|false\u00bb text_font_size_tablet=\u00bb\u00bb text_font_size_phone=\u00bb14px\u00bb text_font_size_last_edited=\u00bbon|phone\u00bb global_colors_info=\u00bb{}\u00bb]\u00a1Naturalmente siempre pasa algo en Berl\u00edn! <a href=\"http:\/\/www.berlin.de\/wirtschaft\/messekalender\/\" target=\"_blank\" rel=\"noopener noreferrer\">Nuestro calendario de ferias<\/a><\/p>\n<ul>\n<li><a href=\"http:\/\/www.berlin-city-tour.de\/\" target=\"_blank\" rel=\"noopener noreferrer\">City Tour en Berl\u00edn<\/a> (parada directamente frente a la puerta)<\/li>\n<li><a href=\"http:\/\/www.sternundkreis.de\/de\/SundK\/Startseite\/K101.htm\" target=\"_blank\" rel=\"noopener noreferrer\">Paseo en barco sobre el r\u00edo Spree<\/a><\/li>\n<li>Picnic en el <a href=\"http:\/\/www.mauerpark.info\/\" target=\"_blank\" rel=\"noopener noreferrer\">Mauerpark<\/a> (bajo demanda, 25 \u20ac para 2 personas)<\/li>\n<li><a href=\"http:\/\/www.stage-entertainment.de\/\" target=\"_blank\" rel=\"noopener noreferrer\">Stage \u2013 Hinterm Horizont<\/a>, Tanz der Vampire<\/li>\n<li><a href=\"http:\/\/www.madametussauds.com\/berlin\/?gclid=CIO7k-Cw8a4CFce-zAodQkbpJg\" target=\"_blank\" rel=\"noopener noreferrer\">Madame Tussauds Berl\u00edn<\/a><\/li>\n<li><a href=\"http:\/\/www.tv-turm.de\/\" target=\"_blank\" rel=\"noopener noreferrer\">Visite la torre de television de Berl\u00edn<\/a><\/li>\n<li><a href=\"http:\/\/berliner-unterwelten.de\/\" target=\"_blank\" rel=\"noopener noreferrer\">Unterwelten Berlin (museo subsuelo)<\/a><\/li>\n<\/ul>\n<p>[\/et_pb_text][\/et_pb_column][et_pb_column type=\u00bb1_3&#8243; _builder_version=\u00bb4.4.2&#8243; global_colors_info=\u00bb{}\u00bb][et_pb_image src=\u00bbhttp:\/\/hotel-neu.123-insnetz.de\/wp-content\/uploads\/2020\/07\/h-hotel-symbol.png\u00bb align=\u00bbcenter\u00bb module_class=\u00bbicon-hotel-allgemein sidebar\u00bb _builder_version=\u00bb4.4.2&#8243; background_enable_color=\u00bboff\u00bb background_enable_image=\u00bboff\u00bb width=\u00bb60px\u00bb custom_margin=\u00bb||0px||false|false\u00bb custom_css_main_element=\u00bbz-index: 99999;\u00bb border_radii=\u00bbon|80px|80px|80px|80px\u00bb border_color_all=\u00bbrgba(0,0,0,0)\u00bb locked=\u00bboff\u00bb global_colors_info=\u00bb{}\u00bb][\/et_pb_image][et_pb_cta title=\u00bbMauerpark directamente en frente\u00bb button_text=\u00bbMore\u00bb module_class=\u00bbinfokasten-sidebar hell\u00bb _builder_version=\u00bb4.4.2&#8243; header_level=\u00bbh5&#8243; header_text_color=\u00bb#615D56&#8243; header_font_size=\u00bb20px\u00bb body_text_color=\u00bb#615D56&#8243; background_color=\u00bbrgba(118,183,42,0.2)\u00bb custom_button=\u00bbon\u00bb button_text_color=\u00bb#615D56&#8243; button_bg_color=\u00bbrgba(0,0,0,0)\u00bb button_border_color=\u00bb#615D56&#8243; button_use_icon=\u00bboff\u00bb button_custom_padding=\u00bb1rem|1rem|1rem|1rem|true|true\u00bb custom_margin=\u00bb-30px||||false|false\u00bb custom_padding=\u00bb3rem|2rem|2rem|2rem|false|false\u00bb header_font_size_tablet=\u00bb18px\u00bb header_font_size_phone=\u00bb\u00bb header_font_size_last_edited=\u00bbon|tablet\u00bb body_font_size_tablet=\u00bb\u00bb body_font_size_phone=\u00bb14px\u00bb body_font_size_last_edited=\u00bbon|phone\u00bb button_text_size_tablet=\u00bb\u00bb button_text_size_phone=\u00bb14px\u00bb button_text_size_last_edited=\u00bbon|phone\u00bb global_colors_info=\u00bb{}\u00bb button_text__hover_enabled=\u00bbon|desktop\u00bb button_bg_color__hover_enabled=\u00bbon|hover\u00bb button_bg_color__hover=\u00bb#615D56&#8243; button_bg_enable_color__hover=\u00bbon\u00bb button_text_color__hover_enabled=\u00bbon|desktop\u00bb button_text_color__hover=\u00bb#ffffff\u00bb button_border_color__hover_enabled=\u00bbon|hover\u00bb button_border_color__hover=\u00bbrgba(0,0,0,0)\u00bb button_border_width__hover_enabled=\u00bboff|hover\u00bb button_border_width__hover=\u00bb2px\u00bb button_text__hover=\u00bbMore\u00bb]Dr. Motte y Wladimir Kaminer, as\u00ed como Schraubermicha, Joe Hatchiban y Ginger Brown \u2013 todo se encuentran en el Mauerpark. El Mauerpark se encuentra sobre la antigua \u201efranja de la muerte\u201c en Berl\u00edn. En tiempos pasados, el muro separaba las personas; hoy las re\u00fane. Punks yacen lado a madres con ni\u00f1os, artistas dibujan lado a baloncestistas. Se encuentra aqu\u00ed una mezcla \u00fanica de locura, diversi\u00f3n, relajaci\u00f3n, contrastes y conflictos de intereses, que solamente una ciudad como Berl\u00edn puede crear.<\/p>\n<p><a href=\"http:\/\/www.mauerpark.info\/\" target=\"_blank\" rel=\"noopener noreferrer\">El Mauerpark de Berl\u00edn<\/a>[\/et_pb_cta][\/et_pb_column][\/et_pb_row][\/et_pb_section][et_pb_section fb_built=\u00bb1&#8243; _builder_version=\u00bb4.4.2&#8243; background_color=\u00bbrgba(97,93,86,0.1)\u00bb custom_margin=\u00bb||2rem||false|false\u00bb custom_padding=\u00bb0px||0px||false|false\u00bb border_width_bottom=\u00bb5px\u00bb border_color_bottom=\u00bb#615D56&#8243; global_colors_info=\u00bb{}\u00bb][et_pb_row custom_padding_last_edited=\u00bbon|phone\u00bb _builder_version=\u00bb4.4.2&#8243; background_image=\u00bbhttp:\/\/hotel-neu.123-insnetz.de\/wp-content\/uploads\/\/2020\/07\/berlin-silhouette.svg\u00bb background_size=\u00bbcontain\u00bb background_position=\u00bbbottom_center\u00bb custom_padding=\u00bb5rem||5rem||false|false\u00bb custom_padding_tablet=\u00bb||1rem||false|false\u00bb custom_padding_phone=\u00bb5rem||||false|false\u00bb global_colors_info=\u00bb{}\u00bb][et_pb_column type=\u00bb4_4&#8243; _builder_version=\u00bb4.4.2&#8243; global_colors_info=\u00bb{}\u00bb][\/et_pb_column][\/et_pb_row][\/et_pb_section]<\/p>\n","protected":false},"excerpt":{"rendered":"<p>ocio en Berl\u00ednEl Sitio Conmemorativo del Muro de Berl\u00edn directamente al ladoEl Sitio Conmemorativo del Muro de Berl\u00edn es el lugar principal de conmemoraci\u00f3n de la divisi\u00f3n de Alemania y est\u00e1 situado en el centro de la capital. En su emplazamiento hist\u00f3rico en la Bernauer Stra\u00dfe, el sitio se extender\u00e1 en el futuro unos 1,4 [&hellip;]<\/p>\n","protected":false},"author":1,"featured_media":0,"parent":0,"menu_order":0,"comment_status":"closed","ping_status":"closed","template":"","meta":{"_et_pb_use_builder":"on","_et_pb_old_content":"","_et_gb_content_width":"","footnotes":""},"class_list":["post-2722","page","type-page","status-publish","hentry"],"yoast_head":"<!-- This site is optimized with the Yoast SEO plugin v26.9 - https:\/\/yoast.com\/product\/yoast-seo-wordpress\/ -->\n<title>ocio en Berl\u00edn - Hotel - H+ Hotel4 Youth Berlin - Am Mauerpark - Berlin Mitte<\/title>\n<meta name=\"robots\" content=\"index, follow, max-snippet:-1, max-image-preview:large, max-video-preview:-1\" \/>\n<link rel=\"canonical\" href=\"https:\/\/hotel4youth.de\/es\/ocio-en-berlin\" \/>\n<meta property=\"og:locale\" content=\"es_ES\" \/>\n<meta property=\"og:type\" content=\"article\" \/>\n<meta property=\"og:title\" content=\"ocio en Berl\u00edn - Hotel - H+ Hotel4 Youth Berlin - Am Mauerpark - Berlin Mitte\" \/>\n<meta property=\"og:description\" content=\"ocio en Berl\u00ednEl Sitio Conmemorativo del Muro de Berl\u00edn directamente al ladoEl Sitio Conmemorativo del Muro de Berl\u00edn es el lugar principal de conmemoraci\u00f3n de la divisi\u00f3n de Alemania y est\u00e1 situado en el centro de la capital. En su emplazamiento hist\u00f3rico en la Bernauer Stra\u00dfe, el sitio se extender\u00e1 en el futuro unos 1,4 [&hellip;]\" \/>\n<meta property=\"og:url\" content=\"https:\/\/hotel4youth.de\/es\/ocio-en-berlin\" \/>\n<meta property=\"og:site_name\" content=\"Hotel - H+ Hotel4 Youth Berlin - Am Mauerpark - Berlin Mitte\" \/>\n<meta property=\"article:modified_time\" content=\"2025-03-13T02:46:35+00:00\" \/>\n<meta name=\"twitter:card\" content=\"summary_large_image\" \/>\n<meta name=\"twitter:label1\" content=\"Tiempo de lectura\" \/>\n\t<meta name=\"twitter:data1\" content=\"6 minutos\" \/>\n<script type=\"application\/ld+json\" class=\"yoast-schema-graph\">{\"@context\":\"https:\/\/schema.org\",\"@graph\":[{\"@type\":\"WebPage\",\"@id\":\"https:\/\/hotel4youth.de\/es\/ocio-en-berlin\",\"url\":\"https:\/\/hotel4youth.de\/es\/ocio-en-berlin\",\"name\":\"ocio en Berl\u00edn - Hotel - H+ Hotel4 Youth Berlin - Am Mauerpark - Berlin Mitte\",\"isPartOf\":{\"@id\":\"https:\/\/hotel4youth.de\/#website\"},\"datePublished\":\"2020-08-18T13:50:18+00:00\",\"dateModified\":\"2025-03-13T02:46:35+00:00\",\"breadcrumb\":{\"@id\":\"https:\/\/hotel4youth.de\/es\/ocio-en-berlin#breadcrumb\"},\"inLanguage\":\"es\",\"potentialAction\":[{\"@type\":\"ReadAction\",\"target\":[\"https:\/\/hotel4youth.de\/es\/ocio-en-berlin\"]}]},{\"@type\":\"BreadcrumbList\",\"@id\":\"https:\/\/hotel4youth.de\/es\/ocio-en-berlin#breadcrumb\",\"itemListElement\":[{\"@type\":\"ListItem\",\"position\":1,\"name\":\"Startseite\",\"item\":\"https:\/\/hotel4youth.de\/es\"},{\"@type\":\"ListItem\",\"position\":2,\"name\":\"ocio en Berl\u00edn\"}]},{\"@type\":\"WebSite\",\"@id\":\"https:\/\/hotel4youth.de\/#website\",\"url\":\"https:\/\/hotel4youth.de\/\",\"name\":\"Hotel - H+ Hotel4 Youth Berlin - Am Mauerpark - Berlin Mitte\",\"description\":\"\",\"potentialAction\":[{\"@type\":\"SearchAction\",\"target\":{\"@type\":\"EntryPoint\",\"urlTemplate\":\"https:\/\/hotel4youth.de\/?s={search_term_string}\"},\"query-input\":{\"@type\":\"PropertyValueSpecification\",\"valueRequired\":true,\"valueName\":\"search_term_string\"}}],\"inLanguage\":\"es\"}]}<\/script>\n<!-- \/ Yoast SEO plugin. -->","yoast_head_json":{"title":"ocio en Berl\u00edn - Hotel - H+ Hotel4 Youth Berlin - Am Mauerpark - Berlin Mitte","robots":{"index":"index","follow":"follow","max-snippet":"max-snippet:-1","max-image-preview":"max-image-preview:large","max-video-preview":"max-video-preview:-1"},"canonical":"https:\/\/hotel4youth.de\/es\/ocio-en-berlin","og_locale":"es_ES","og_type":"article","og_title":"ocio en Berl\u00edn - Hotel - H+ Hotel4 Youth Berlin - Am Mauerpark - Berlin Mitte","og_description":"ocio en Berl\u00ednEl Sitio Conmemorativo del Muro de Berl\u00edn directamente al ladoEl Sitio Conmemorativo del Muro de Berl\u00edn es el lugar principal de conmemoraci\u00f3n de la divisi\u00f3n de Alemania y est\u00e1 situado en el centro de la capital. En su emplazamiento hist\u00f3rico en la Bernauer Stra\u00dfe, el sitio se extender\u00e1 en el futuro unos 1,4 [&hellip;]","og_url":"https:\/\/hotel4youth.de\/es\/ocio-en-berlin","og_site_name":"Hotel - H+ Hotel4 Youth Berlin - Am Mauerpark - Berlin Mitte","article_modified_time":"2025-03-13T02:46:35+00:00","twitter_card":"summary_large_image","twitter_misc":{"Tiempo de lectura":"6 minutos"},"schema":{"@context":"https:\/\/schema.org","@graph":[{"@type":"WebPage","@id":"https:\/\/hotel4youth.de\/es\/ocio-en-berlin","url":"https:\/\/hotel4youth.de\/es\/ocio-en-berlin","name":"ocio en Berl\u00edn - Hotel - H+ Hotel4 Youth Berlin - Am Mauerpark - Berlin Mitte","isPartOf":{"@id":"https:\/\/hotel4youth.de\/#website"},"datePublished":"2020-08-18T13:50:18+00:00","dateModified":"2025-03-13T02:46:35+00:00","breadcrumb":{"@id":"https:\/\/hotel4youth.de\/es\/ocio-en-berlin#breadcrumb"},"inLanguage":"es","potentialAction":[{"@type":"ReadAction","target":["https:\/\/hotel4youth.de\/es\/ocio-en-berlin"]}]},{"@type":"BreadcrumbList","@id":"https:\/\/hotel4youth.de\/es\/ocio-en-berlin#breadcrumb","itemListElement":[{"@type":"ListItem","position":1,"name":"Startseite","item":"https:\/\/hotel4youth.de\/es"},{"@type":"ListItem","position":2,"name":"ocio en Berl\u00edn"}]},{"@type":"WebSite","@id":"https:\/\/hotel4youth.de\/#website","url":"https:\/\/hotel4youth.de\/","name":"Hotel - H+ Hotel4 Youth Berlin - Am Mauerpark - Berlin Mitte","description":"","potentialAction":[{"@type":"SearchAction","target":{"@type":"EntryPoint","urlTemplate":"https:\/\/hotel4youth.de\/?s={search_term_string}"},"query-input":{"@type":"PropertyValueSpecification","valueRequired":true,"valueName":"search_term_string"}}],"inLanguage":"es"}]}},"_links":{"self":[{"href":"https:\/\/hotel4youth.de\/es\/wp-json\/wp\/v2\/pages\/2722","targetHints":{"allow":["GET"]}}],"collection":[{"href":"https:\/\/hotel4youth.de\/es\/wp-json\/wp\/v2\/pages"}],"about":[{"href":"https:\/\/hotel4youth.de\/es\/wp-json\/wp\/v2\/types\/page"}],"author":[{"embeddable":true,"href":"https:\/\/hotel4youth.de\/es\/wp-json\/wp\/v2\/users\/1"}],"replies":[{"embeddable":true,"href":"https:\/\/hotel4youth.de\/es\/wp-json\/wp\/v2\/comments?post=2722"}],"version-history":[{"count":5,"href":"https:\/\/hotel4youth.de\/es\/wp-json\/wp\/v2\/pages\/2722\/revisions"}],"predecessor-version":[{"id":4213,"href":"https:\/\/hotel4youth.de\/es\/wp-json\/wp\/v2\/pages\/2722\/revisions\/4213"}],"wp:attachment":[{"href":"https:\/\/hotel4youth.de\/es\/wp-json\/wp\/v2\/media?parent=2722"}],"curies":[{"name":"wp","href":"https:\/\/api.w.org\/{rel}","templated":true}]}}