{"id":2688,"date":"2020-08-18T15:02:50","date_gmt":"2020-08-18T13:02:50","guid":{"rendered":"http:\/\/hotel-neu.123-insnetz.de\/faq"},"modified":"2020-08-18T15:02:51","modified_gmt":"2020-08-18T13:02:51","slug":"faq","status":"publish","type":"page","link":"https:\/\/hotel4youth.de\/es\/faq","title":{"rendered":"FAQ"},"content":{"rendered":"<p>[et_pb_section fb_built=\u00bb1&#8243; custom_padding_last_edited=\u00bbon|phone\u00bb _builder_version=\u00bb4.4.2&#8243; background_enable_color=\u00bboff\u00bb background_image=\u00bbhttp:\/\/hotel-neu.123-insnetz.de\/wp-content\/uploads\/2020\/08\/service-1.jpg\u00bb custom_padding=\u00bb12rem||12rem||false|false\u00bb custom_padding_tablet=\u00bb10rem||10rem||false|false\u00bb custom_padding_phone=\u00bb8rem||8rem||false|false\u00bb][\/et_pb_section][et_pb_section fb_built=\u00bb1&#8243; _builder_version=\u00bb4.4.2&#8243; custom_margin=\u00bb||2rem||false|false\u00bb custom_padding=\u00bb0px||0px||false|false\u00bb][et_pb_row _builder_version=\u00bb4.4.2&#8243; custom_padding=\u00bb0px||0px||false|false\u00bb][et_pb_column type=\u00bb4_4&#8243; _builder_version=\u00bb4.4.2&#8243;][et_pb_code _builder_version=\u00bb4.4.2&#8243; text_orientation=\u00bbcenter\u00bb transform_styles__hover_enabled=\u00bbon|hover\u00bb transform_scale__hover_enabled=\u00bbon|hover\u00bb transform_translate__hover_enabled=\u00bbon|desktop\u00bb transform_rotate__hover_enabled=\u00bbon|desktop\u00bb transform_skew__hover_enabled=\u00bbon|desktop\u00bb transform_origin__hover_enabled=\u00bbon|desktop\u00bb transform_scale__hover=\u00bb115%|115%\u00bb]<a class=\"buchen-button-rund\" href=\"https:\/\/www.thebookingbutton.co.uk\/properties\/4youthdirect\" target=\"_blank\" rel=\"noopener noreferrer\">Book now<\/a>[\/et_pb_code][\/et_pb_column][\/et_pb_row][\/et_pb_section][et_pb_section fb_built=\u00bb1&#8243; _builder_version=\u00bb4.4.2&#8243; custom_margin=\u00bb||||false|false\u00bb custom_margin_tablet=\u00bb-2rem||||false|false\u00bb custom_margin_phone=\u00bb\u00bb custom_margin_last_edited=\u00bbon|tablet\u00bb custom_padding=\u00bb0px||0px||false|false\u00bb][et_pb_row _builder_version=\u00bb4.4.2&#8243; custom_padding=\u00bb||0px||false|false\u00bb][et_pb_column type=\u00bb4_4&#8243; _builder_version=\u00bb4.4.2&#8243;][et_pb_text _builder_version=\u00bb4.4.2&#8243; header_text_align=\u00bbcenter\u00bb header_line_height=\u00bb1.2em\u00bb custom_margin_tablet=\u00bb||0px||false|false\u00bb custom_margin_phone=\u00bb\u00bb custom_margin_last_edited=\u00bbon|tablet\u00bb header_font_size_tablet=\u00bb40px\u00bb header_font_size_phone=\u00bb28px\u00bb header_font_size_last_edited=\u00bbon|phone\u00bb]<\/p>\n<h1>FAQ<\/h1>\n<p>[\/et_pb_text][et_pb_divider color=\u00bb#615D56&#8243; divider_weight=\u00bb5px\u00bb _builder_version=\u00bb4.4.2&#8243; width=\u00bb100px\u00bb module_alignment=\u00bbcenter\u00bb custom_padding=\u00bb2rem||2rem||false|false\u00bb custom_padding_tablet=\u00bb1rem||1rem||false|false\u00bb custom_padding_phone=\u00bb\u00bb custom_padding_last_edited=\u00bbon|phone\u00bb][\/et_pb_divider][\/et_pb_column][\/et_pb_row][\/et_pb_section][et_pb_section fb_built=\u00bb1&#8243; custom_padding_last_edited=\u00bbon|phone\u00bb _builder_version=\u00bb4.4.2&#8243; background_color=\u00bbrgba(97,93,86,0.1)\u00bb custom_padding=\u00bb2rem||8rem||false|false\u00bb custom_padding_tablet=\u00bb||2rem||false|false\u00bb custom_padding_phone=\u00bb1rem||1rem||false|false\u00bb][et_pb_row _builder_version=\u00bb4.4.2&#8243;][et_pb_column type=\u00bb4_4&#8243; _builder_version=\u00bb4.4.2&#8243;][et_pb_accordion _builder_version=\u00bb4.4.2&#8243; text_orientation=\u00bbleft\u00bb hover_enabled=\u00bb0&#8243;][et_pb_accordion_item title=\u00bbEl pago\u00bb open=\u00bbon\u00bb _builder_version=\u00bb4.4.2&#8243;]Se debe pagar en el Hotel4Youth adyacente al Mauerpark, Berl\u00edn Centro al llegar. Aceptamos todas las tarjetas de cr\u00e9dito m\u00e1s comunes (VISA, Mastercard, American Express y EC).[\/et_pb_accordion_item][et_pb_accordion_item title=\u00bbRopa de cama\u00bb _builder_version=\u00bb4.4.2&#8243; open=\u00bboff\u00bb]Por supuesto, nuestro hotel est\u00e1 equipado con ropa de cama y toallas frescas y limpias. Durante estad\u00edas m\u00e1s largas, cambiamos toda la ropa cada 4 d\u00edas. Bajo una tasa (1\u20ac por d\u00eda) cambiamos las toallas diariamente.<br \/>\nPreservamos el medio ambiente.[\/et_pb_accordion_item][et_pb_accordion_item title=\u00bbDesayuno\u00bb _builder_version=\u00bb4.4.2&#8243; open=\u00bboff\u00bb]Un buffet rico y variado le espera de lunes a viernes entre 6:30 y 10:30, en el fin de semana y feriados entre 07:30 y 11:00.[\/et_pb_accordion_item][et_pb_accordion_item title=\u00bbEntrada y salida\u00bb _builder_version=\u00bb4.4.2&#8243; open=\u00bboff\u00bb]Habitaciones reservadas est\u00e1n a su disposici\u00f3n a partir de las 15:00 del d\u00eda de llegada. Durante la semana, la salida se debe realizer hasta las 10:00, en el fin de semana o feriados hasta las 11:00. Habiendo reservado la opci\u00f3n \u201esalida tardia\u201c (10 \u20ac de recargo) se debe salir hasta las 12:00.<br \/>\nCaso no haya encontrado su pregunta, por favor ll\u00e1menos por tel\u00e9fono o escr\u00edbanos un <a href=\"mailto:mauerpark@hotel4youth.de\">e-mail<\/a>.[\/et_pb_accordion_item][et_pb_accordion_item title=\u00bbCity Tax Berlin f\u00fchrt \u00dcbernachtungssteuer ein\u00bb _builder_version=\u00bb4.4.2&#8243; open=\u00bboff\u00bb]<\/p>\n<p>Wir m\u00f6chten Sie liebe G\u00e4ste informieren warum wir unsere Preise zum 01.01.2014 \u00e4ndern m\u00fcssen.<\/p>\n<p>Das Land Berlin wird ab dem 1. Januar 2014 eine Steuer auf private \u00dcbernachtungen in H\u00f6he von 5% des \u00dcbernachtungspreises erheben. Damit kommt Berlin auch seiner Verpflichtung aus der Sanierungsvereinbarung mit dem Stabilit\u00e4tsrat nach. Das Land hatte sich darin verpflichtet, die Einnahmenseite des Landeshaushalts zu st\u00e4rken.<\/p>\n<p>Senator Dr. Nu\u00dfbaum: \u201eBerlin zieht jedes Jahr Millionen von Touristen aus aller Welt an, mit stark steigender Tendenz. Mit der \u00dcbernachtungsteuer wollen wir erreichen, dass auch Touristen einen kleinen Beitrag dazu leisten, dass Berlin attraktiv bleibt und noch attraktiver wird. Davon profitieren sowohl die Berlinerinnen und Berliner als auch die Besucher dieser Stadt.\u201c (Info+quelle: <a href=\"https:\/\/www.berlin.de\/sen\/finanzen\/steuern\/nachrichten\/artikel.6163.php\" target=\"_blank\" rel=\"noopener noreferrer\">www.berlin.de\/sen\/finanzen\/steuern\/nachrichten\/artikel.6163.php<\/a>)<\/p>\n<p>[\/et_pb_accordion_item][et_pb_accordion_item title=\u00bbDescuento\u00bb _builder_version=\u00bb4.4.2&#8243; hover_enabled=\u00bb0&#8243; open=\u00bboff\u00bb]Adem\u00e1s de descuentos para grupos (por favor preguntar) ofrecemos condiciones especiales para hu\u00e9spedes habituales o viajantes planeando una estad\u00eda de varias semanas en el Hotel4Youth, adyacente al Mauerpark, Berl\u00edn Centro.<br \/>\n[\/et_pb_accordion_item][et_pb_accordion_item title=\u00bbSave \/ Caja fuerte\u00bb _builder_version=\u00bb4.4.2&#8243; hover_enabled=\u00bb0&#8243; open=\u00bboff\u00bb]Cada habitaci\u00f3n dispone de una caja fuerte por cama. Bajo una tasa de 0,50 \u20ac por d\u00eda, nuestra recepci\u00f3n le entregar\u00e1 la llave.<br \/>\n[\/et_pb_accordion_item][et_pb_accordion_item title=\u00bbConsigna\u00bb _builder_version=\u00bb4.4.2&#8243; open=\u00bboff\u00bb]\u00bfDes\u00e9a salir del hotel despu\u00e9s de hacer el check-out? \u00bfLlega antes de las 15:00? Es con gusto que guardaremos su equipaje \u2013 en forma gratuita y segura.[\/et_pb_accordion_item][et_pb_accordion_item title=\u00bbAparcamiento\u00bb _builder_version=\u00bb4.4.2&#8243; hover_enabled=\u00bb0&#8243; open=\u00bboff\u00bb]<\/p>\n<ul>\n<li>Subterr\u00e1neo bajo disponibilidad (25 \u20ac por noche)<\/li>\n<li>Aparcamiento gratuito en los alrededores<\/li>\n<\/ul>\n<p>[\/et_pb_accordion_item][\/et_pb_accordion][\/et_pb_column][\/et_pb_row][\/et_pb_section][et_pb_section fb_built=\u00bb1&#8243; _builder_version=\u00bb4.4.2&#8243; background_color=\u00bbrgba(97,93,86,0.1)\u00bb custom_margin=\u00bb||2rem||false|false\u00bb custom_padding=\u00bb0px||0px||false|false\u00bb border_width_bottom=\u00bb5px\u00bb border_color_bottom=\u00bb#615D56&#8243;][et_pb_row custom_padding_last_edited=\u00bbon|phone\u00bb _builder_version=\u00bb4.4.2&#8243; background_image=\u00bbhttp:\/\/hotel-neu.123-insnetz.de\/wp-content\/uploads\/\/2020\/07\/berlin-silhouette.svg\u00bb background_size=\u00bbcontain\u00bb background_position=\u00bbbottom_center\u00bb custom_padding=\u00bb5rem||5rem||false|false\u00bb custom_padding_tablet=\u00bb||1rem||false|false\u00bb custom_padding_phone=\u00bb5rem||||false|false\u00bb][et_pb_column type=\u00bb4_4&#8243; _builder_version=\u00bb4.4.2&#8243;][\/et_pb_column][\/et_pb_row][\/et_pb_section]<\/p>\n","protected":false},"excerpt":{"rendered":"<p>FAQSe debe pagar en el Hotel4Youth adyacente al Mauerpark, Berl\u00edn Centro al llegar. Aceptamos todas las tarjetas de cr\u00e9dito m\u00e1s comunes (VISA, Mastercard, American Express y EC).Por supuesto, nuestro hotel est\u00e1 equipado con ropa de cama y toallas frescas y limpias. Durante estad\u00edas m\u00e1s largas, cambiamos toda la ropa cada 4 d\u00edas. Bajo una tasa [&hellip;]<\/p>\n","protected":false},"author":1,"featured_media":0,"parent":0,"menu_order":0,"comment_status":"closed","ping_status":"closed","template":"","meta":{"_et_pb_use_builder":"on","_et_pb_old_content":"","_et_gb_content_width":"","footnotes":""},"class_list":["post-2688","page","type-page","status-publish","hentry"],"yoast_head":"<!-- This site is optimized with the Yoast SEO plugin v26.9 - https:\/\/yoast.com\/product\/yoast-seo-wordpress\/ -->\n<title>FAQ - Hotel - H+ Hotel4 Youth Berlin - Am Mauerpark - Berlin Mitte<\/title>\n<meta name=\"robots\" content=\"index, follow, max-snippet:-1, max-image-preview:large, max-video-preview:-1\" \/>\n<link rel=\"canonical\" href=\"https:\/\/hotel4youth.de\/es\/faq\" \/>\n<meta property=\"og:locale\" content=\"es_ES\" \/>\n<meta property=\"og:type\" content=\"article\" \/>\n<meta property=\"og:title\" content=\"FAQ - Hotel - H+ Hotel4 Youth Berlin - Am Mauerpark - Berlin Mitte\" \/>\n<meta property=\"og:description\" content=\"FAQSe debe pagar en el Hotel4Youth adyacente al Mauerpark, Berl\u00edn Centro al llegar. Aceptamos todas las tarjetas de cr\u00e9dito m\u00e1s comunes (VISA, Mastercard, American Express y EC).Por supuesto, nuestro hotel est\u00e1 equipado con ropa de cama y toallas frescas y limpias. Durante estad\u00edas m\u00e1s largas, cambiamos toda la ropa cada 4 d\u00edas. Bajo una tasa [&hellip;]\" \/>\n<meta property=\"og:url\" content=\"https:\/\/hotel4youth.de\/es\/faq\" \/>\n<meta property=\"og:site_name\" content=\"Hotel - H+ Hotel4 Youth Berlin - Am Mauerpark - Berlin Mitte\" \/>\n<meta property=\"article:modified_time\" content=\"2020-08-18T13:02:51+00:00\" \/>\n<meta name=\"twitter:card\" content=\"summary_large_image\" \/>\n<meta name=\"twitter:label1\" content=\"Tiempo de lectura\" \/>\n\t<meta name=\"twitter:data1\" content=\"5 minutos\" \/>\n<script type=\"application\/ld+json\" class=\"yoast-schema-graph\">{\"@context\":\"https:\/\/schema.org\",\"@graph\":[{\"@type\":\"WebPage\",\"@id\":\"https:\/\/hotel4youth.de\/es\/faq\",\"url\":\"https:\/\/hotel4youth.de\/es\/faq\",\"name\":\"FAQ - Hotel - H+ Hotel4 Youth Berlin - Am Mauerpark - Berlin Mitte\",\"isPartOf\":{\"@id\":\"https:\/\/hotel4youth.de\/#website\"},\"datePublished\":\"2020-08-18T13:02:50+00:00\",\"dateModified\":\"2020-08-18T13:02:51+00:00\",\"breadcrumb\":{\"@id\":\"https:\/\/hotel4youth.de\/es\/faq#breadcrumb\"},\"inLanguage\":\"es\",\"potentialAction\":[{\"@type\":\"ReadAction\",\"target\":[\"https:\/\/hotel4youth.de\/es\/faq\"]}]},{\"@type\":\"BreadcrumbList\",\"@id\":\"https:\/\/hotel4youth.de\/es\/faq#breadcrumb\",\"itemListElement\":[{\"@type\":\"ListItem\",\"position\":1,\"name\":\"Startseite\",\"item\":\"https:\/\/hotel4youth.de\/es\"},{\"@type\":\"ListItem\",\"position\":2,\"name\":\"FAQ\"}]},{\"@type\":\"WebSite\",\"@id\":\"https:\/\/hotel4youth.de\/#website\",\"url\":\"https:\/\/hotel4youth.de\/\",\"name\":\"Hotel - H+ Hotel4 Youth Berlin - Am Mauerpark - Berlin Mitte\",\"description\":\"\",\"potentialAction\":[{\"@type\":\"SearchAction\",\"target\":{\"@type\":\"EntryPoint\",\"urlTemplate\":\"https:\/\/hotel4youth.de\/?s={search_term_string}\"},\"query-input\":{\"@type\":\"PropertyValueSpecification\",\"valueRequired\":true,\"valueName\":\"search_term_string\"}}],\"inLanguage\":\"es\"}]}<\/script>\n<!-- \/ Yoast SEO plugin. -->","yoast_head_json":{"title":"FAQ - Hotel - H+ Hotel4 Youth Berlin - Am Mauerpark - Berlin Mitte","robots":{"index":"index","follow":"follow","max-snippet":"max-snippet:-1","max-image-preview":"max-image-preview:large","max-video-preview":"max-video-preview:-1"},"canonical":"https:\/\/hotel4youth.de\/es\/faq","og_locale":"es_ES","og_type":"article","og_title":"FAQ - Hotel - H+ Hotel4 Youth Berlin - Am Mauerpark - Berlin Mitte","og_description":"FAQSe debe pagar en el Hotel4Youth adyacente al Mauerpark, Berl\u00edn Centro al llegar. Aceptamos todas las tarjetas de cr\u00e9dito m\u00e1s comunes (VISA, Mastercard, American Express y EC).Por supuesto, nuestro hotel est\u00e1 equipado con ropa de cama y toallas frescas y limpias. Durante estad\u00edas m\u00e1s largas, cambiamos toda la ropa cada 4 d\u00edas. Bajo una tasa [&hellip;]","og_url":"https:\/\/hotel4youth.de\/es\/faq","og_site_name":"Hotel - H+ Hotel4 Youth Berlin - Am Mauerpark - Berlin Mitte","article_modified_time":"2020-08-18T13:02:51+00:00","twitter_card":"summary_large_image","twitter_misc":{"Tiempo de lectura":"5 minutos"},"schema":{"@context":"https:\/\/schema.org","@graph":[{"@type":"WebPage","@id":"https:\/\/hotel4youth.de\/es\/faq","url":"https:\/\/hotel4youth.de\/es\/faq","name":"FAQ - Hotel - H+ Hotel4 Youth Berlin - Am Mauerpark - Berlin Mitte","isPartOf":{"@id":"https:\/\/hotel4youth.de\/#website"},"datePublished":"2020-08-18T13:02:50+00:00","dateModified":"2020-08-18T13:02:51+00:00","breadcrumb":{"@id":"https:\/\/hotel4youth.de\/es\/faq#breadcrumb"},"inLanguage":"es","potentialAction":[{"@type":"ReadAction","target":["https:\/\/hotel4youth.de\/es\/faq"]}]},{"@type":"BreadcrumbList","@id":"https:\/\/hotel4youth.de\/es\/faq#breadcrumb","itemListElement":[{"@type":"ListItem","position":1,"name":"Startseite","item":"https:\/\/hotel4youth.de\/es"},{"@type":"ListItem","position":2,"name":"FAQ"}]},{"@type":"WebSite","@id":"https:\/\/hotel4youth.de\/#website","url":"https:\/\/hotel4youth.de\/","name":"Hotel - H+ Hotel4 Youth Berlin - Am Mauerpark - Berlin Mitte","description":"","potentialAction":[{"@type":"SearchAction","target":{"@type":"EntryPoint","urlTemplate":"https:\/\/hotel4youth.de\/?s={search_term_string}"},"query-input":{"@type":"PropertyValueSpecification","valueRequired":true,"valueName":"search_term_string"}}],"inLanguage":"es"}]}},"_links":{"self":[{"href":"https:\/\/hotel4youth.de\/es\/wp-json\/wp\/v2\/pages\/2688","targetHints":{"allow":["GET"]}}],"collection":[{"href":"https:\/\/hotel4youth.de\/es\/wp-json\/wp\/v2\/pages"}],"about":[{"href":"https:\/\/hotel4youth.de\/es\/wp-json\/wp\/v2\/types\/page"}],"author":[{"embeddable":true,"href":"https:\/\/hotel4youth.de\/es\/wp-json\/wp\/v2\/users\/1"}],"replies":[{"embeddable":true,"href":"https:\/\/hotel4youth.de\/es\/wp-json\/wp\/v2\/comments?post=2688"}],"version-history":[{"count":3,"href":"https:\/\/hotel4youth.de\/es\/wp-json\/wp\/v2\/pages\/2688\/revisions"}],"predecessor-version":[{"id":2691,"href":"https:\/\/hotel4youth.de\/es\/wp-json\/wp\/v2\/pages\/2688\/revisions\/2691"}],"wp:attachment":[{"href":"https:\/\/hotel4youth.de\/es\/wp-json\/wp\/v2\/media?parent=2688"}],"curies":[{"name":"wp","href":"https:\/\/api.w.org\/{rel}","templated":true}]}}